{"id":8862,"date":"2023-11-21T11:23:38","date_gmt":"2023-11-21T04:23:38","guid":{"rendered":"https:\/\/bynature.vn\/?post_type=product&#038;p=8862"},"modified":"2026-02-07T23:04:42","modified_gmt":"2026-02-07T16:04:42","slug":"vien-uong-kudos-glow-ho-tro-da-toc-mong","status":"publish","type":"product","link":"https:\/\/bynature.vn\/vi\/product\/vien-uong-kudos-glow-ho-tro-da-toc-mong\/","title":{"rendered":"Kudos R\u1ea1ng R\u1ee1 (30 Vi\u00ean)"},"content":{"rendered":"<h6>Kudos R\u1ea1ng R\u1ee1 (30 vi\u00ean)<\/h6>\n<p><span id=\"input_part_0\" class=\"\" data-mention=\"Nutrients that help to maintain healthy and beautiful skin, hair and nails\">C\u00e1c d\u01b0\u1ee1ng ch\u1ea5t h\u1ed7 tr\u1ee3 nu\u00f4i d\u01b0\u1ee1ng l\u00e0n da, t\u00f3c v\u00e0 m\u00f3ng lu\u00f4n kh\u1ecfe m\u1ea1nh, r\u1ea1ng r\u1ee1.<\/span><\/p>\n<p><span id=\"input_part_0\" class=\"\" data-mention=\"Object: Adult.\"><strong>\u0110\u1ed1i t\u01b0\u1ee3ng s\u1eed d\u1ee5ng:<\/strong> Ng\u01b0\u1eddi l\u1edbn.<\/span><\/p>\n<p id=\"input_line_2\" style=\"text-align: justify;\"><span id=\"input_part_0\" class=\"\" data-mention=\"Direction: Take 1 capsule per day with plenty of water\"><strong>H\u01b0\u1edbng d\u1eabn s\u1eed d\u1ee5ng: <\/strong>U\u1ed1ng 1 vi\u00ean m\u1ed7i ng\u00e0y v\u1edbi nhi\u1ec1u n\u01b0\u1edbc.<\/span><\/p>\n<p><span style=\"text-decoration: underline; color: #008000;\"><a style=\"color: #008000; text-decoration: underline;\" href=\"https:\/\/bynature.vn\/product-category\/body-care\/vitamins-minerals\/\">Mua th\u00eam VITAMIN \u1edf \u0111\u00e2y<\/a><\/span><\/p>\n","protected":false},"excerpt":{"rendered":"<p>Kudos R\u1ea1ng R\u1ee1 (30 vi\u00ean) C\u00e1c d\u01b0\u1ee1ng ch\u1ea5t h\u1ed7 tr\u1ee3 nu\u00f4i d\u01b0\u1ee1ng l\u00e0n da, t\u00f3c v\u00e0 m\u00f3ng lu\u00f4n kh\u1ecfe m\u1ea1nh, r\u1ea1ng r\u1ee1. \u0110\u1ed1i t\u01b0\u1ee3ng s\u1eed d\u1ee5ng: Ng\u01b0\u1eddi l\u1edbn. H\u01b0\u1edbng d\u1eabn s\u1eed d\u1ee5ng: U\u1ed1ng 1 vi\u00ean m\u1ed7i ng\u00e0y v\u1edbi nhi\u1ec1u n\u01b0\u1edbc. Mua th\u00eam VITAMIN \u1edf \u0111\u00e2y<\/p>\n","protected":false},"featured_media":4118,"template":"","meta":[],"pwb-brand":[295],"product_cat":[185,219],"product_tag":[],"class_list":{"0":"post-8862","1":"product","2":"type-product","3":"status-publish","4":"has-post-thumbnail","6":"pwb-brand-kudos-vi","7":"product_cat-suc-khoe-lam-dep","8":"product_cat-vien-sui-vitamin-khoang-chat","10":"first","11":"instock","12":"shipping-taxable","13":"purchasable","14":"product-type-simple"},"acf":[],"brands":[{"id":295,"name":"Kudos","slug":"kudos-vi"}],"_links":{"self":[{"href":"https:\/\/bynature.vn\/vi\/wp-json\/wp\/v2\/product\/8862","targetHints":{"allow":["GET"]}}],"collection":[{"href":"https:\/\/bynature.vn\/vi\/wp-json\/wp\/v2\/product"}],"about":[{"href":"https:\/\/bynature.vn\/vi\/wp-json\/wp\/v2\/types\/product"}],"wp:featuredmedia":[{"embeddable":true,"href":"https:\/\/bynature.vn\/vi\/wp-json\/wp\/v2\/media\/4118"}],"wp:attachment":[{"href":"https:\/\/bynature.vn\/vi\/wp-json\/wp\/v2\/media?parent=8862"}],"wp:term":[{"taxonomy":"pwb-brand","embeddable":true,"href":"https:\/\/bynature.vn\/vi\/wp-json\/wp\/v2\/pwb-brand?post=8862"},{"taxonomy":"product_cat","embeddable":true,"href":"https:\/\/bynature.vn\/vi\/wp-json\/wp\/v2\/product_cat?post=8862"},{"taxonomy":"product_tag","embeddable":true,"href":"https:\/\/bynature.vn\/vi\/wp-json\/wp\/v2\/product_tag?post=8862"}],"curies":[{"name":"wp","href":"https:\/\/api.w.org\/{rel}","templated":true}]}}