{"id":8861,"date":"2023-11-21T11:22:05","date_gmt":"2023-11-21T04:22:05","guid":{"rendered":"https:\/\/bynature.vn\/?post_type=product&#038;p=8861"},"modified":"2026-02-07T23:06:07","modified_gmt":"2026-02-07T16:06:07","slug":"vien-uong-kudos-eye-care-ho-tro-mat","status":"publish","type":"product","link":"https:\/\/bynature.vn\/vi\/product\/vien-uong-kudos-eye-care-ho-tro-mat\/","title":{"rendered":"Kudos Ch\u0103m S\u00f3c M\u1eaft (30 Vi\u00ean)"},"content":{"rendered":"<h6 style=\"text-align: justify;\">Kudos Ch\u0103m S\u00f3c M\u1eaft (30 vi\u00ean)<\/h6>\n<p style=\"text-align: justify;\"><span id=\"input_part_0\" class=\"\" data-mention=\"This blend of vitamins and minerals has an antioxidant effect and protects the eye tissue from free radicals. It contains lutein, zeaxanthin, vitamins and minerals that protect the eyes from negative environmental factors.\">S\u1ef1 k\u1ebft h\u1ee3p c\u00e1c vitamin v\u00e0 kho\u00e1ng ch\u1ea5t n\u00e0y c\u00f3 t\u00e1c d\u1ee5ng ch\u1ed1ng oxy h\u00f3a v\u00e0 b\u1ea3o v\u1ec7 m\u00f4 m\u1eaft kh\u1ecfi c\u00e1c g\u1ed1c t\u1ef1 do. S\u1ea3n ph\u1ea9m ch\u1ee9a lutein, zeaxanthin c\u00f9ng c\u00e1c vitamin v\u00e0 kho\u00e1ng ch\u1ea5t gi\u00fap b\u1ea3o v\u1ec7 m\u1eaft tr\u01b0\u1edbc nh\u1eefng t\u00e1c \u0111\u1ed9ng ti\u00eau c\u1ef1c t\u1eeb m\u00f4i tr\u01b0\u1eddng. <\/span><\/p>\n<p style=\"text-align: justify;\"><span id=\"input_part_0\" class=\"\" data-mention=\"Object: Adult.\"><strong>\u0110\u1ed1i t\u01b0\u1ee3ng s\u1eed d\u1ee5ng:<\/strong> Ng\u01b0\u1eddi l\u1edbn.<\/span><\/p>\n<p style=\"text-align: justify;\"><span id=\"input_part_0\" class=\"\" data-mention=\"Direction: Take 1 capsule per day with plenty of water\"><strong>H\u01b0\u1edbng d\u1eabn s\u1eed d\u1ee5ng: <\/strong>U\u1ed1ng 1 vi\u00ean m\u1ed7i ng\u00e0y v\u1edbi nhi\u1ec1u n\u01b0\u1edbc.<\/span><\/p>\n<p style=\"text-align: justify;\"><span style=\"text-decoration: underline; color: #008000;\"><a style=\"color: #008000; text-decoration: underline;\" href=\"https:\/\/bynature.vn\/product-category\/body-care\/vitamins-minerals\/\">Mua th\u00eam VITAMIN \u1edf \u0111\u00e2y<\/a><\/span><\/p>\n","protected":false},"excerpt":{"rendered":"<p>Kudos Ch\u0103m S\u00f3c M\u1eaft (30 vi\u00ean) S\u1ef1 k\u1ebft h\u1ee3p c\u00e1c vitamin v\u00e0 kho\u00e1ng ch\u1ea5t n\u00e0y c\u00f3 t\u00e1c d\u1ee5ng ch\u1ed1ng oxy h\u00f3a v\u00e0 b\u1ea3o v\u1ec7 m\u00f4 m\u1eaft kh\u1ecfi c\u00e1c g\u1ed1c t\u1ef1 do. S\u1ea3n ph\u1ea9m ch\u1ee9a lutein, zeaxanthin c\u00f9ng c\u00e1c vitamin v\u00e0 kho\u00e1ng ch\u1ea5t gi\u00fap b\u1ea3o v\u1ec7 m\u1eaft tr\u01b0\u1edbc nh\u1eefng t\u00e1c \u0111\u1ed9ng ti\u00eau c\u1ef1c t\u1eeb m\u00f4i tr\u01b0\u1eddng. &hellip; <\/p>\n<p class=\"link-more\"><a href=\"https:\/\/bynature.vn\/vi\/product\/vien-uong-kudos-eye-care-ho-tro-mat\/\" class=\"more-link\">Continue reading<span class=\"screen-reader-text\"> &#8220;Kudos Ch\u0103m S\u00f3c M\u1eaft (30 Vi\u00ean)&#8221;<\/span><\/a><\/p>\n","protected":false},"featured_media":13205,"template":"","meta":[],"pwb-brand":[295],"product_cat":[185,219],"product_tag":[],"class_list":{"0":"post-8861","1":"product","2":"type-product","3":"status-publish","4":"has-post-thumbnail","6":"pwb-brand-kudos-vi","7":"product_cat-suc-khoe-lam-dep","8":"product_cat-vien-sui-vitamin-khoang-chat","10":"first","11":"instock","12":"sale","13":"shipping-taxable","14":"purchasable","15":"product-type-simple"},"acf":[],"brands":[{"id":295,"name":"Kudos","slug":"kudos-vi"}],"_links":{"self":[{"href":"https:\/\/bynature.vn\/vi\/wp-json\/wp\/v2\/product\/8861","targetHints":{"allow":["GET"]}}],"collection":[{"href":"https:\/\/bynature.vn\/vi\/wp-json\/wp\/v2\/product"}],"about":[{"href":"https:\/\/bynature.vn\/vi\/wp-json\/wp\/v2\/types\/product"}],"wp:featuredmedia":[{"embeddable":true,"href":"https:\/\/bynature.vn\/vi\/wp-json\/wp\/v2\/media\/13205"}],"wp:attachment":[{"href":"https:\/\/bynature.vn\/vi\/wp-json\/wp\/v2\/media?parent=8861"}],"wp:term":[{"taxonomy":"pwb-brand","embeddable":true,"href":"https:\/\/bynature.vn\/vi\/wp-json\/wp\/v2\/pwb-brand?post=8861"},{"taxonomy":"product_cat","embeddable":true,"href":"https:\/\/bynature.vn\/vi\/wp-json\/wp\/v2\/product_cat?post=8861"},{"taxonomy":"product_tag","embeddable":true,"href":"https:\/\/bynature.vn\/vi\/wp-json\/wp\/v2\/product_tag?post=8861"}],"curies":[{"name":"wp","href":"https:\/\/api.w.org\/{rel}","templated":true}]}}