{"id":8860,"date":"2023-11-21T11:18:13","date_gmt":"2023-11-21T04:18:13","guid":{"rendered":"https:\/\/bynature.vn\/?post_type=product&#038;p=8860"},"modified":"2026-02-07T23:13:12","modified_gmt":"2026-02-07T16:13:12","slug":"vien-uong-kudos-digestive-enzymes","status":"publish","type":"product","link":"https:\/\/bynature.vn\/vi\/product\/vien-uong-kudos-digestive-enzymes\/","title":{"rendered":"Kudos Enzyme Ti\u00eau H\u00f3a (30 Vi\u00ean)"},"content":{"rendered":"<h6 style=\"text-align: justify;\">Kudos Enzyme Ti\u00eau H\u00f3a (30 vi\u00ean)<\/h6>\n<p id=\"input_line_0\" style=\"text-align: justify;\"><span id=\"input_part_0\" class=\"\" data-mention=\"A comprehensive blend of enzymes designed to aid the breakdown and absorbtion of all food and drinks.\">C\u00f4ng th\u1ee9c enzyme gi\u00fap c\u1ea3i thi\u1ec7n ti\u00eau h\u00f3a, t\u0103ng kh\u1ea3 n\u0103ng h\u1ea5p th\u1ee5 d\u01b0\u1ee1ng ch\u1ea5t v\u00e0 gi\u1ea3m c\u1ea3m gi\u00e1c \u0111\u1ea7y h\u01a1i, kh\u00f3 ti\u00eau sau b\u1eefa \u0103n.<\/span><\/p>\n<p id=\"input_line_1\" style=\"text-align: justify;\"><span id=\"input_part_0\" class=\"\" data-mention=\"Object: Adult\"><em><strong>\u0110\u1ed1i t\u01b0\u1ee3ng s\u1eed d\u1ee5ng:<\/strong><\/em> Ng\u01b0\u1eddi l\u1edbn<\/span><\/p>\n<p id=\"input_line_2\" style=\"text-align: justify;\"><span id=\"input_part_0\" class=\"\" data-mention=\"Direction: Take 1 capsule per day with plenty of water\"><strong>H\u01b0\u1edbng d\u1eabn s\u1eed d\u1ee5ng:<\/strong> U\u1ed1ng 1 vi\u00ean m\u1ed7i ng\u00e0y v\u1edbi nhi\u1ec1u n\u01b0\u1edbc.<\/span><\/p>\n<p><span style=\"text-decoration: underline; color: #008000;\"><a style=\"color: #008000; text-decoration: underline;\" href=\"https:\/\/bynature.vn\/product-category\/body-care\/vitamins-minerals\/\">Mua th\u00eam VITAMIN \u1edf \u0111\u00e2y<\/a><\/span><\/p>\n","protected":false},"excerpt":{"rendered":"<p>Kudos Enzyme Ti\u00eau H\u00f3a (30 vi\u00ean) C\u00f4ng th\u1ee9c enzyme gi\u00fap c\u1ea3i thi\u1ec7n ti\u00eau h\u00f3a, t\u0103ng kh\u1ea3 n\u0103ng h\u1ea5p th\u1ee5 d\u01b0\u1ee1ng ch\u1ea5t v\u00e0 gi\u1ea3m c\u1ea3m gi\u00e1c \u0111\u1ea7y h\u01a1i, kh\u00f3 ti\u00eau sau b\u1eefa \u0103n. \u0110\u1ed1i t\u01b0\u1ee3ng s\u1eed d\u1ee5ng: Ng\u01b0\u1eddi l\u1edbn H\u01b0\u1edbng d\u1eabn s\u1eed d\u1ee5ng: U\u1ed1ng 1 vi\u00ean m\u1ed7i ng\u00e0y v\u1edbi nhi\u1ec1u n\u01b0\u1edbc. Mua th\u00eam VITAMIN \u1edf \u0111\u00e2y<\/p>\n","protected":false},"featured_media":13479,"template":"","meta":[],"pwb-brand":[295],"product_cat":[185,219],"product_tag":[],"class_list":{"0":"post-8860","1":"product","2":"type-product","3":"status-publish","4":"has-post-thumbnail","6":"pwb-brand-kudos-vi","7":"product_cat-suc-khoe-lam-dep","8":"product_cat-vien-sui-vitamin-khoang-chat","10":"first","11":"instock","12":"shipping-taxable","13":"purchasable","14":"product-type-simple"},"acf":[],"brands":[{"id":295,"name":"Kudos","slug":"kudos-vi"}],"_links":{"self":[{"href":"https:\/\/bynature.vn\/vi\/wp-json\/wp\/v2\/product\/8860","targetHints":{"allow":["GET"]}}],"collection":[{"href":"https:\/\/bynature.vn\/vi\/wp-json\/wp\/v2\/product"}],"about":[{"href":"https:\/\/bynature.vn\/vi\/wp-json\/wp\/v2\/types\/product"}],"wp:featuredmedia":[{"embeddable":true,"href":"https:\/\/bynature.vn\/vi\/wp-json\/wp\/v2\/media\/13479"}],"wp:attachment":[{"href":"https:\/\/bynature.vn\/vi\/wp-json\/wp\/v2\/media?parent=8860"}],"wp:term":[{"taxonomy":"pwb-brand","embeddable":true,"href":"https:\/\/bynature.vn\/vi\/wp-json\/wp\/v2\/pwb-brand?post=8860"},{"taxonomy":"product_cat","embeddable":true,"href":"https:\/\/bynature.vn\/vi\/wp-json\/wp\/v2\/product_cat?post=8860"},{"taxonomy":"product_tag","embeddable":true,"href":"https:\/\/bynature.vn\/vi\/wp-json\/wp\/v2\/product_tag?post=8860"}],"curies":[{"name":"wp","href":"https:\/\/api.w.org\/{rel}","templated":true}]}}