{"id":8859,"date":"2023-11-21T11:20:08","date_gmt":"2023-11-21T04:20:08","guid":{"rendered":"https:\/\/bynature.vn\/?post_type=product&#038;p=8859"},"modified":"2026-02-07T23:07:16","modified_gmt":"2026-02-07T16:07:16","slug":"vien-uong-kudos-stress-relief-giam-stress","status":"publish","type":"product","link":"https:\/\/bynature.vn\/vi\/product\/vien-uong-kudos-stress-relief-giam-stress\/","title":{"rendered":"Kudos Gi\u1ea3m C\u0103ng Th\u1eb3ng (30 Vi\u00ean)"},"content":{"rendered":"<h6 style=\"text-align: justify;\">Kudos Gi\u1ea3m C\u0103ng Th\u1eb3ng (30 Vi\u00ean)<br \/>\n<span id=\"input_part_0\" class=\"\" data-mention=\"The blend of magnesium with B vitamins helps to overcome everyday stress and fatigue. It suppresses anxiety, irritability and apathy. Magnesium is directly involved in the functioning of the nervous, cardiovascular and endocrine systems. L-Theanine helps you relax and sleep better.\"><\/span><\/h6>\n<p style=\"text-align: justify;\"><span id=\"input_part_0\" class=\"\" data-mention=\"The blend of magnesium with B vitamins helps to overcome everyday stress and fatigue. It suppresses anxiety, irritability and apathy. Magnesium is directly involved in the functioning of the nervous, cardiovascular and endocrine systems. L-Theanine helps you relax and sleep better.\">S\u1ef1 k\u1ebft h\u1ee3p gi\u1eefa magie v\u00e0 c\u00e1c vitamin nh\u00f3m B gi\u00fap c\u01a1 th\u1ec3 v\u01b0\u1ee3t qua c\u0103ng th\u1eb3ng v\u00e0 m\u1ec7t m\u1ecfi h\u1eb1ng ng\u00e0y. S\u1ea3n ph\u1ea9m h\u1ed7 tr\u1ee3 gi\u1ea3m lo \u00e2u, c\u00e1u g\u1eaft v\u00e0 c\u1ea3m gi\u00e1c u\u1ec3 o\u1ea3i. C\u00f4ng th\u1ee9c v\u1edbi magie tham gia tr\u1ef1c ti\u1ebfp v\u00e0o ho\u1ea1t \u0111\u1ed9ng c\u1ee7a h\u1ec7 th\u1ea7n kinh, tim m\u1ea1ch v\u00e0 n\u1ed9i ti\u1ebft. L-Theanine gi\u00fap th\u01b0 gi\u00e3n tinh th\u1ea7n v\u00e0 h\u1ed7 tr\u1ee3 gi\u1ea5c ng\u1ee7 t\u1ed1t h\u01a1n.   <\/span><\/p>\n<p><span id=\"input_part_0\" class=\"\" data-mention=\"Object: Adult.\"><strong>\u0110\u1ed1i t\u01b0\u1ee3ng s\u1eed d\u1ee5ng:<\/strong> Ng\u01b0\u1eddi l\u1edbn.<\/span><\/p>\n<p><span id=\"input_part_0\" class=\"\" data-mention=\"Direction: Take 1 capsule per day with plenty of water\"><strong>H\u01b0\u1edbng d\u1eabn s\u1eed d\u1ee5ng: <\/strong>U\u1ed1ng 1 vi\u00ean m\u1ed7i ng\u00e0y v\u1edbi nhi\u1ec1u n\u01b0\u1edbc.<\/span><\/p>\n<p style=\"text-align: justify;\"><span style=\"text-decoration: underline; color: #008000;\"><a style=\"color: #008000; text-decoration: underline;\" href=\"https:\/\/bynature.vn\/product-category\/body-care\/vitamins-minerals\/\">Mua th\u00eam VITAMIN \u1edf \u0111\u00e2y<\/a><\/span><\/p>\n","protected":false},"excerpt":{"rendered":"<p>Kudos Gi\u1ea3m C\u0103ng Th\u1eb3ng (30 Vi\u00ean) S\u1ef1 k\u1ebft h\u1ee3p gi\u1eefa magie v\u00e0 c\u00e1c vitamin nh\u00f3m B gi\u00fap c\u01a1 th\u1ec3 v\u01b0\u1ee3t qua c\u0103ng th\u1eb3ng v\u00e0 m\u1ec7t m\u1ecfi h\u1eb1ng ng\u00e0y. S\u1ea3n ph\u1ea9m h\u1ed7 tr\u1ee3 gi\u1ea3m lo \u00e2u, c\u00e1u g\u1eaft v\u00e0 c\u1ea3m gi\u00e1c u\u1ec3 o\u1ea3i. C\u00f4ng th\u1ee9c v\u1edbi magie tham gia tr\u1ef1c ti\u1ebfp v\u00e0o ho\u1ea1t \u0111\u1ed9ng c\u1ee7a h\u1ec7 &hellip; <\/p>\n<p class=\"link-more\"><a href=\"https:\/\/bynature.vn\/vi\/product\/vien-uong-kudos-stress-relief-giam-stress\/\" class=\"more-link\">Continue reading<span class=\"screen-reader-text\"> &#8220;Kudos Gi\u1ea3m C\u0103ng Th\u1eb3ng (30 Vi\u00ean)&#8221;<\/span><\/a><\/p>\n","protected":false},"featured_media":13485,"template":"","meta":[],"pwb-brand":[295],"product_cat":[185,219],"product_tag":[],"class_list":{"0":"post-8859","1":"product","2":"type-product","3":"status-publish","4":"has-post-thumbnail","6":"pwb-brand-kudos-vi","7":"product_cat-suc-khoe-lam-dep","8":"product_cat-vien-sui-vitamin-khoang-chat","10":"first","11":"instock","12":"shipping-taxable","13":"purchasable","14":"product-type-simple"},"acf":[],"brands":[{"id":295,"name":"Kudos","slug":"kudos-vi"}],"_links":{"self":[{"href":"https:\/\/bynature.vn\/vi\/wp-json\/wp\/v2\/product\/8859","targetHints":{"allow":["GET"]}}],"collection":[{"href":"https:\/\/bynature.vn\/vi\/wp-json\/wp\/v2\/product"}],"about":[{"href":"https:\/\/bynature.vn\/vi\/wp-json\/wp\/v2\/types\/product"}],"wp:featuredmedia":[{"embeddable":true,"href":"https:\/\/bynature.vn\/vi\/wp-json\/wp\/v2\/media\/13485"}],"wp:attachment":[{"href":"https:\/\/bynature.vn\/vi\/wp-json\/wp\/v2\/media?parent=8859"}],"wp:term":[{"taxonomy":"pwb-brand","embeddable":true,"href":"https:\/\/bynature.vn\/vi\/wp-json\/wp\/v2\/pwb-brand?post=8859"},{"taxonomy":"product_cat","embeddable":true,"href":"https:\/\/bynature.vn\/vi\/wp-json\/wp\/v2\/product_cat?post=8859"},{"taxonomy":"product_tag","embeddable":true,"href":"https:\/\/bynature.vn\/vi\/wp-json\/wp\/v2\/product_tag?post=8859"}],"curies":[{"name":"wp","href":"https:\/\/api.w.org\/{rel}","templated":true}]}}