{"id":8858,"date":"2023-11-21T11:16:35","date_gmt":"2023-11-21T04:16:35","guid":{"rendered":"https:\/\/bynature.vn\/?post_type=product&#038;p=8858"},"modified":"2026-02-07T23:25:44","modified_gmt":"2026-02-07T16:25:44","slug":"vien-uong-kudos-probiotics-men-vi-sinh","status":"publish","type":"product","link":"https:\/\/bynature.vn\/vi\/product\/vien-uong-kudos-probiotics-men-vi-sinh\/","title":{"rendered":"Kudos Men Vi Sinh (30 Vi\u00ean)"},"content":{"rendered":"<h6 style=\"text-align: justify;\">Kudos Men Vi Sinh (30 vi\u00ean)<\/h6>\n<p id=\"input_line_0\" style=\"text-align: justify;\"><span id=\"input_part_0\" class=\"\" data-mention=\"Proprietary blend of probiotic bacteria that support digestive comfort and a balanced microflora in the intestines\">H\u1ed7n h\u1ee3p vi khu\u1ea9n men vi sinh \u0111\u1ed9c quy\u1ec1n gi\u00fap h\u1ed7 tr\u1ee3 s\u1ef1 tho\u1ea3i m\u00e1i c\u1ee7a h\u1ec7 ti\u00eau h\u00f3a v\u00e0 duy tr\u00ec h\u1ec7 vi sinh v\u1eadt c\u00e2n b\u1eb1ng trong ru\u1ed9t.<\/span><\/p>\n<p id=\"input_line_2\" style=\"text-align: justify;\"><span id=\"input_part_0\" class=\"\" data-mention=\"Object: Adult\"><em><strong>\u0110\u1ed1i t\u01b0\u1ee3ng s\u1eed d\u1ee5ng:<\/strong><\/em> Ng\u01b0\u1eddi l\u1edbn<\/span><\/p>\n<p id=\"input_line_4\" style=\"text-align: justify;\"><span id=\"input_part_0\" class=\"\" data-mention=\"Direction: Take 1 capsule per day with plenty of water\"><strong>H\u01b0\u1edbng d\u1eabn s\u1eed d\u1ee5ng: <\/strong>U\u1ed1ng 1 vi\u00ean m\u1ed7i ng\u00e0y v\u1edbi nhi\u1ec1u n\u01b0\u1edbc.<\/span><\/p>\n<p style=\"text-align: justify;\"><span style=\"text-decoration: underline; color: #008000;\"><a style=\"color: #008000; text-decoration: underline;\" href=\"https:\/\/bynature.vn\/product-category\/body-care\/vitamins-minerals\/\">Mua th\u00eam VITAMIN \u1edf \u0111\u00e2y<\/a><\/span><\/p>\n","protected":false},"excerpt":{"rendered":"<p>Kudos Men Vi Sinh (30 vi\u00ean) H\u1ed7n h\u1ee3p vi khu\u1ea9n men vi sinh \u0111\u1ed9c quy\u1ec1n gi\u00fap h\u1ed7 tr\u1ee3 s\u1ef1 tho\u1ea3i m\u00e1i c\u1ee7a h\u1ec7 ti\u00eau h\u00f3a v\u00e0 duy tr\u00ec h\u1ec7 vi sinh v\u1eadt c\u00e2n b\u1eb1ng trong ru\u1ed9t. \u0110\u1ed1i t\u01b0\u1ee3ng s\u1eed d\u1ee5ng: Ng\u01b0\u1eddi l\u1edbn H\u01b0\u1edbng d\u1eabn s\u1eed d\u1ee5ng: U\u1ed1ng 1 vi\u00ean m\u1ed7i ng\u00e0y v\u1edbi nhi\u1ec1u n\u01b0\u1edbc. Mua &hellip; <\/p>\n<p class=\"link-more\"><a href=\"https:\/\/bynature.vn\/vi\/product\/vien-uong-kudos-probiotics-men-vi-sinh\/\" class=\"more-link\">Continue reading<span class=\"screen-reader-text\"> &#8220;Kudos Men Vi Sinh (30 Vi\u00ean)&#8221;<\/span><\/a><\/p>\n","protected":false},"featured_media":13481,"template":"","meta":[],"pwb-brand":[295],"product_cat":[185,219],"product_tag":[],"class_list":{"0":"post-8858","1":"product","2":"type-product","3":"status-publish","4":"has-post-thumbnail","6":"pwb-brand-kudos-vi","7":"product_cat-suc-khoe-lam-dep","8":"product_cat-vien-sui-vitamin-khoang-chat","10":"first","11":"instock","12":"shipping-taxable","13":"purchasable","14":"product-type-simple"},"acf":[],"brands":[{"id":295,"name":"Kudos","slug":"kudos-vi"}],"_links":{"self":[{"href":"https:\/\/bynature.vn\/vi\/wp-json\/wp\/v2\/product\/8858","targetHints":{"allow":["GET"]}}],"collection":[{"href":"https:\/\/bynature.vn\/vi\/wp-json\/wp\/v2\/product"}],"about":[{"href":"https:\/\/bynature.vn\/vi\/wp-json\/wp\/v2\/types\/product"}],"wp:featuredmedia":[{"embeddable":true,"href":"https:\/\/bynature.vn\/vi\/wp-json\/wp\/v2\/media\/13481"}],"wp:attachment":[{"href":"https:\/\/bynature.vn\/vi\/wp-json\/wp\/v2\/media?parent=8858"}],"wp:term":[{"taxonomy":"pwb-brand","embeddable":true,"href":"https:\/\/bynature.vn\/vi\/wp-json\/wp\/v2\/pwb-brand?post=8858"},{"taxonomy":"product_cat","embeddable":true,"href":"https:\/\/bynature.vn\/vi\/wp-json\/wp\/v2\/product_cat?post=8858"},{"taxonomy":"product_tag","embeddable":true,"href":"https:\/\/bynature.vn\/vi\/wp-json\/wp\/v2\/product_tag?post=8858"}],"curies":[{"name":"wp","href":"https:\/\/api.w.org\/{rel}","templated":true}]}}