{"id":8672,"date":"2024-03-05T16:07:16","date_gmt":"2024-03-05T09:07:16","guid":{"rendered":"https:\/\/bynature.vn\/?post_type=product&#038;p=8672"},"modified":"2024-04-04T14:55:44","modified_gmt":"2024-04-04T07:55:44","slug":"hop-qua-spa","status":"publish","type":"product","link":"https:\/\/bynature.vn\/vi\/product\/hop-qua-spa\/","title":{"rendered":"H\u1ed9p Qu\u00e0 Spa"},"content":{"rendered":"<h6>H\u1ed9p qu\u00e0 spa<\/h6>\n<ul>\n<li>1 x n\u1ebfn thi\u00ean nhi\u00ean g\u00e1o d\u1eeba<\/li>\n<li>1 x thanh socola<\/li>\n<li>1 x d\u1ea7u m\u00f9 u<\/li>\n<li>1 x mu\u1ed1i t\u1eafm<\/li>\n<\/ul>\n<p><span style=\"text-decoration: underline; color: #008000;\"><a style=\"color: #008000; text-decoration: underline;\" href=\"https:\/\/bynature.vn\/product-category\/gifts-flowers\/\">Shop more Gifts<\/a><\/span><\/p>\n","protected":false},"excerpt":{"rendered":"<p>H\u1ed9p qu\u00e0 spa 1 x n\u1ebfn thi\u00ean nhi\u00ean g\u00e1o d\u1eeba 1 x thanh socola 1 x d\u1ea7u m\u00f9 u 1 x mu\u1ed1i t\u1eafm Shop more Gifts<\/p>\n","protected":false},"featured_media":7883,"template":"","meta":[],"pwb-brand":[293],"product_cat":[409],"product_tag":[],"class_list":{"0":"post-8672","1":"product","2":"type-product","3":"status-publish","4":"has-post-thumbnail","6":"pwb-brand-my-natural-beauty-vi","7":"product_cat-500-000d-1-000-000d","9":"first","10":"instock","11":"shipping-taxable","12":"purchasable","13":"product-type-simple"},"acf":[],"brands":[{"id":293,"name":"My Natural Beauty","slug":"my-natural-beauty-vi"}],"_links":{"self":[{"href":"https:\/\/bynature.vn\/vi\/wp-json\/wp\/v2\/product\/8672","targetHints":{"allow":["GET"]}}],"collection":[{"href":"https:\/\/bynature.vn\/vi\/wp-json\/wp\/v2\/product"}],"about":[{"href":"https:\/\/bynature.vn\/vi\/wp-json\/wp\/v2\/types\/product"}],"wp:featuredmedia":[{"embeddable":true,"href":"https:\/\/bynature.vn\/vi\/wp-json\/wp\/v2\/media\/7883"}],"wp:attachment":[{"href":"https:\/\/bynature.vn\/vi\/wp-json\/wp\/v2\/media?parent=8672"}],"wp:term":[{"taxonomy":"pwb-brand","embeddable":true,"href":"https:\/\/bynature.vn\/vi\/wp-json\/wp\/v2\/pwb-brand?post=8672"},{"taxonomy":"product_cat","embeddable":true,"href":"https:\/\/bynature.vn\/vi\/wp-json\/wp\/v2\/product_cat?post=8672"},{"taxonomy":"product_tag","embeddable":true,"href":"https:\/\/bynature.vn\/vi\/wp-json\/wp\/v2\/product_tag?post=8672"}],"curies":[{"name":"wp","href":"https:\/\/api.w.org\/{rel}","templated":true}]}}