{"id":8531,"date":"2024-04-02T15:25:31","date_gmt":"2024-04-02T08:25:31","guid":{"rendered":"https:\/\/bynature.vn\/?post_type=product&#038;p=8531"},"modified":"2026-02-07T21:01:28","modified_gmt":"2026-02-07T14:01:28","slug":"500g-quyt-duong-2","status":"publish","type":"product","link":"https:\/\/bynature.vn\/vi\/product\/500g-quyt-duong-2\/","title":{"rendered":"500g Qu\u00fdt"},"content":{"rendered":"<h6 style=\"text-align: justify;\">Qu\u00fdt ho\u00e0n to\u00e0n t\u1ef1 nhi\u00ean<\/h6>\n<ul style=\"text-align: justify;\">\n<li>Tr\u1ea3i nghi\u1ec7m s\u1ef1 kh\u00e1c bi\u1ec7t c\u1ee7a qu\u00fdt t\u01b0\u01a1i t\u1eeb n\u00f4ng tr\u1ea1i, \u0111\u01b0\u1ee3c h\u00e1i th\u1ee7 c\u00f4ng v\u00e0 giao th\u1eb3ng \u0111\u1ebfn t\u1eadn nh\u00e0 b\u1ea1n. Qu\u00fdt c\u1ee7a ch\u00fang t\u00f4i \u0111\u01b0\u1ee3c ch\u0103m s\u00f3c v\u00e0 nu\u00f4i tr\u1ed3ng c\u1ea9n th\u1eadn, \u0111\u1ea3m b\u1ea3o s\u1ef1 c\u00e2n b\u1eb1ng ho\u00e0n h\u1ea3o gi\u1eefa v\u1ecb ng\u1ecdt v\u00e0 chua nh\u1eb9 trong t\u1eebng mi\u1ebfng. H\u01a1n n\u1eefa, quy tr\u00ecnh tr\u1ed3ng tr\u1ecdt ho\u00e0n to\u00e0n t\u1ef1 nhi\u00ean gi\u00fap b\u1ea1n th\u01b0\u1edfng th\u1ee9c qu\u00fdt m\u1ed9t c\u00e1ch an t\u00e2m, v\u00ec kh\u00f4ng ch\u1ee9a h\u00f3a ch\u1ea5t hay thu\u1ed1c tr\u1eeb s\u00e2u \u0111\u1ed9c h\u1ea1i.  <\/li>\n<li>\u0110\u01b0\u1ee3c thu ho\u1ea1ch khi ch\u00edn t\u1edbi, m\u1ed7i qu\u1ea3 qu\u00fdt \u0111\u1ec1u c\u0103ng tr\u00e0n h\u01b0\u01a1ng v\u1ecb t\u1ef1 nhi\u00ean v\u00e0 gi\u00e0u d\u01b0\u1ee1ng ch\u1ea5t thi\u1ebft y\u1ebfu. Ch\u00fang c\u00f2n mang l\u1ea1i nhi\u1ec1u l\u1ee3i \u00edch cho s\u1ee9c kh\u1ecfe. Qu\u00fdt l\u00e0 ngu\u1ed3n cung c\u1ea5p d\u1ed3i d\u00e0o Vitamin C, ch\u1ea5t x\u01a1 v\u00e0 ch\u1ea5t ch\u1ed1ng oxy h\u00f3a, tr\u1edf th\u00e0nh m\u00f3n \u0103n nh\u1eb9 l\u00fd t\u01b0\u1edfng \u0111\u1ec3 b\u1ed5 sung n\u0103ng l\u01b0\u1ee3ng nhanh ho\u1eb7c t\u0103ng c\u01b0\u1eddng h\u1ec7 mi\u1ec5n d\u1ecbch.  <\/li>\n<\/ul>\n<p style=\"text-align: justify;\">\u0110\u1ecdc th\u00eam: <span style=\"text-decoration: underline; color: #008000;\"><a style=\"color: #008000; text-decoration: underline;\" href=\"https:\/\/bynature.vn\/top-5-reasons-why-eating-fruits-is-good-for-your-health\/\">Top 5 reasons why eating fruits good for your health<\/a><\/span><\/p>\n","protected":false},"excerpt":{"rendered":"<p>Qu\u00fdt ho\u00e0n to\u00e0n t\u1ef1 nhi\u00ean Tr\u1ea3i nghi\u1ec7m s\u1ef1 kh\u00e1c bi\u1ec7t c\u1ee7a qu\u00fdt t\u01b0\u01a1i t\u1eeb n\u00f4ng tr\u1ea1i, \u0111\u01b0\u1ee3c h\u00e1i th\u1ee7 c\u00f4ng v\u00e0 giao th\u1eb3ng \u0111\u1ebfn t\u1eadn nh\u00e0 b\u1ea1n. Qu\u00fdt c\u1ee7a ch\u00fang t\u00f4i \u0111\u01b0\u1ee3c ch\u0103m s\u00f3c v\u00e0 nu\u00f4i tr\u1ed3ng c\u1ea9n th\u1eadn, \u0111\u1ea3m b\u1ea3o s\u1ef1 c\u00e2n b\u1eb1ng ho\u00e0n h\u1ea3o gi\u1eefa v\u1ecb ng\u1ecdt v\u00e0 chua nh\u1eb9 trong t\u1eebng mi\u1ebfng. &hellip; <\/p>\n<p class=\"link-more\"><a href=\"https:\/\/bynature.vn\/vi\/product\/500g-quyt-duong-2\/\" class=\"more-link\">Continue reading<span class=\"screen-reader-text\"> &#8220;500g Qu\u00fdt&#8221;<\/span><\/a><\/p>\n","protected":false},"featured_media":8889,"template":"","meta":[],"pwb-brand":[],"product_cat":[239],"product_tag":[],"class_list":{"0":"post-8531","1":"product","2":"type-product","3":"status-publish","4":"has-post-thumbnail","6":"product_cat-trai-cay","8":"first","9":"instock","10":"shipping-taxable","11":"purchasable","12":"product-type-simple"},"acf":[],"brands":[],"_links":{"self":[{"href":"https:\/\/bynature.vn\/vi\/wp-json\/wp\/v2\/product\/8531","targetHints":{"allow":["GET"]}}],"collection":[{"href":"https:\/\/bynature.vn\/vi\/wp-json\/wp\/v2\/product"}],"about":[{"href":"https:\/\/bynature.vn\/vi\/wp-json\/wp\/v2\/types\/product"}],"wp:featuredmedia":[{"embeddable":true,"href":"https:\/\/bynature.vn\/vi\/wp-json\/wp\/v2\/media\/8889"}],"wp:attachment":[{"href":"https:\/\/bynature.vn\/vi\/wp-json\/wp\/v2\/media?parent=8531"}],"wp:term":[{"taxonomy":"pwb-brand","embeddable":true,"href":"https:\/\/bynature.vn\/vi\/wp-json\/wp\/v2\/pwb-brand?post=8531"},{"taxonomy":"product_cat","embeddable":true,"href":"https:\/\/bynature.vn\/vi\/wp-json\/wp\/v2\/product_cat?post=8531"},{"taxonomy":"product_tag","embeddable":true,"href":"https:\/\/bynature.vn\/vi\/wp-json\/wp\/v2\/product_tag?post=8531"}],"curies":[{"name":"wp","href":"https:\/\/api.w.org\/{rel}","templated":true}]}}