{"id":8525,"date":"2024-04-02T15:33:10","date_gmt":"2024-04-02T08:33:10","guid":{"rendered":"https:\/\/bynature.vn\/?post_type=product&#038;p=8525"},"modified":"2026-02-07T20:12:01","modified_gmt":"2026-02-07T13:12:01","slug":"dua-le-hong-kim-huu-co-gia-1kg","status":"publish","type":"product","link":"https:\/\/bynature.vn\/vi\/product\/dua-le-hong-kim-huu-co-gia-1kg\/","title":{"rendered":"D\u01b0a Ho\u00e0ng Kim H\u1eefu C\u01a1 (gi\u00e1 theo kg)"},"content":{"rendered":"<h6 style=\"text-align: justify;\">D\u01b0a ho\u00e0ng kim h\u1eefu c\u01a1<\/h6>\n<p style=\"text-align: justify;\">Ng\u1eadp tr\u00e0n tinh t\u00fay t\u1eeb thi\u00ean nhi\u00ean, d\u01b0a ho\u00e0ng kim c\u1ee7a ch\u00fang t\u00f4i \u0111\u01b0\u1ee3c tr\u1ed3ng ho\u00e0n to\u00e0n kh\u00f4ng d\u00f9ng h\u00f3a ch\u1ea5t hay thu\u1ed1c b\u1ea3o v\u1ec7 th\u1ef1c v\u1eadt. \u0110i\u1ec1u n\u00e0y \u0111\u1ea3m b\u1ea3o b\u1ea1n nh\u1eadn \u0111\u01b0\u1ee3c lo\u1ea1i tr\u00e1i c\u00e2y tinh khi\u1ebft v\u00e0 t\u1ef1 nhi\u00ean nh\u1ea5t, c\u0103ng \u0111\u1ea7y h\u01b0\u01a1ng v\u1ecb v\u00e0 gi\u00e1 tr\u1ecb dinh d\u01b0\u1ee1ng. M\u1ed7i mi\u1ebfng d\u01b0a mang \u0111\u1ebfn v\u1ecb ng\u1ecdt m\u00e1t s\u1ea3ng kho\u00e1i khi\u1ebfn v\u1ecb gi\u00e1c c\u1ee7a b\u1ea1n ch\u1ec9 mu\u1ed1n th\u01b0\u1edfng th\u1ee9c th\u00eam. Kh\u00f4ng ch\u1ec9 ngon mi\u1ec7ng, s\u1eafc v\u00e0ng t\u01b0\u01a1i c\u00f2n l\u00e0m b\u1eefa \u0103n th\u00eam ph\u1ea7n h\u1ea5p d\u1eabn cho \u0111\u00f4i m\u1eaft. D\u01b0a ho\u00e0ng kim h\u1eefu c\u01a1 c\u1ee7a ch\u00fang t\u00f4i gi\u00e0u vitamin, kho\u00e1ng ch\u1ea5t v\u00e0 ch\u1ea5t ch\u1ed1ng oxy h\u00f3a thi\u1ebft y\u1ebfu. \u0110\u00e2y l\u00e0 m\u00f3n \u0103n nh\u1eb9 ho\u00e0n h\u1ea3o cho m\u1ed9t ch\u1ebf \u0111\u1ed9 \u0103n u\u1ed1ng l\u00e0nh m\u1ea1nh v\u00e0 c\u00e2n b\u1eb1ng.     <\/p>\n<p>\u0110\u1ecdc th\u00eam: <span style=\"text-decoration: underline; color: #008000;\"><a style=\"color: #008000; text-decoration: underline;\" href=\"https:\/\/bynature.vn\/top-5-reasons-why-eating-fruits-is-good-for-your-health\/\">Top 5 reasons why eating fruits good for your health<\/a><\/span><\/p>\n","protected":false},"excerpt":{"rendered":"<p>D\u01b0a ho\u00e0ng kim h\u1eefu c\u01a1 Ng\u1eadp tr\u00e0n tinh t\u00fay t\u1eeb thi\u00ean nhi\u00ean, d\u01b0a ho\u00e0ng kim c\u1ee7a ch\u00fang t\u00f4i \u0111\u01b0\u1ee3c tr\u1ed3ng ho\u00e0n to\u00e0n kh\u00f4ng d\u00f9ng h\u00f3a ch\u1ea5t hay thu\u1ed1c b\u1ea3o v\u1ec7 th\u1ef1c v\u1eadt. \u0110i\u1ec1u n\u00e0y \u0111\u1ea3m b\u1ea3o b\u1ea1n nh\u1eadn \u0111\u01b0\u1ee3c lo\u1ea1i tr\u00e1i c\u00e2y tinh khi\u1ebft v\u00e0 t\u1ef1 nhi\u00ean nh\u1ea5t, c\u0103ng \u0111\u1ea7y h\u01b0\u01a1ng v\u1ecb v\u00e0 gi\u00e1 tr\u1ecb &hellip; <\/p>\n<p class=\"link-more\"><a href=\"https:\/\/bynature.vn\/vi\/product\/dua-le-hong-kim-huu-co-gia-1kg\/\" class=\"more-link\">Continue reading<span class=\"screen-reader-text\"> &#8220;D\u01b0a Ho\u00e0ng Kim H\u1eefu C\u01a1 (gi\u00e1 theo kg)&#8221;<\/span><\/a><\/p>\n","protected":false},"featured_media":8521,"template":"","meta":[],"pwb-brand":[],"product_cat":[239],"product_tag":[],"class_list":{"0":"post-8525","1":"product","2":"type-product","3":"status-publish","4":"has-post-thumbnail","6":"product_cat-trai-cay","8":"first","9":"outofstock","10":"shipping-taxable","11":"purchasable","12":"product-type-simple"},"acf":[],"brands":[],"_links":{"self":[{"href":"https:\/\/bynature.vn\/vi\/wp-json\/wp\/v2\/product\/8525","targetHints":{"allow":["GET"]}}],"collection":[{"href":"https:\/\/bynature.vn\/vi\/wp-json\/wp\/v2\/product"}],"about":[{"href":"https:\/\/bynature.vn\/vi\/wp-json\/wp\/v2\/types\/product"}],"wp:featuredmedia":[{"embeddable":true,"href":"https:\/\/bynature.vn\/vi\/wp-json\/wp\/v2\/media\/8521"}],"wp:attachment":[{"href":"https:\/\/bynature.vn\/vi\/wp-json\/wp\/v2\/media?parent=8525"}],"wp:term":[{"taxonomy":"pwb-brand","embeddable":true,"href":"https:\/\/bynature.vn\/vi\/wp-json\/wp\/v2\/pwb-brand?post=8525"},{"taxonomy":"product_cat","embeddable":true,"href":"https:\/\/bynature.vn\/vi\/wp-json\/wp\/v2\/product_cat?post=8525"},{"taxonomy":"product_tag","embeddable":true,"href":"https:\/\/bynature.vn\/vi\/wp-json\/wp\/v2\/product_tag?post=8525"}],"curies":[{"name":"wp","href":"https:\/\/api.w.org\/{rel}","templated":true}]}}