{"id":8471,"date":"2024-02-19T09:55:07","date_gmt":"2024-02-19T02:55:07","guid":{"rendered":"https:\/\/bynature.vn\/?post_type=product&#038;p=8471"},"modified":"2026-02-07T22:01:26","modified_gmt":"2026-02-07T15:01:26","slug":"thanh-protein-huu-co-rawbite-cacao","status":"publish","type":"product","link":"https:\/\/bynature.vn\/vi\/product\/thanh-protein-huu-co-rawbite-cacao\/","title":{"rendered":"RawBite Protein H\u1eefu C\u01a1 v\u1ecb Smooth Cacao"},"content":{"rendered":"<h6 style=\"text-align: justify;\">RawBite Protein H\u1eefu C\u01a1 v\u1ecb Smooth Cacao<\/h6>\n<p style=\"text-align: justify;\"><span class=\"fontstyle0\">RAWBITE l\u00e0 thanh tr\u00e1i c\u00e2y v\u00e0 h\u1ea1t h\u1eefu c\u01a1 \u0111\u01b0\u1ee3c l\u00e0m t\u1eeb tr\u00e1i c\u00e2y kh\u00f4 v\u00e0 h\u1ea1t, ph\u00f9 h\u1ee3p d\u00f9ng m\u1ecdi l\u00fac, m\u1ecdi n\u01a1i, l\u00e0m snack nhanh g\u1ecdn ho\u1eb7c b\u1ed5 sung n\u0103ng l\u01b0\u1ee3ng khi v\u1eadn \u0111\u1ed9ng.<\/span><\/p>\n<p style=\"text-align: justify;\">45g &#8211; h\u1eefu c\u01a1, thu\u1ea7n chay, kh\u00f4ng ch\u1ee9a gluten, kh\u00f4ng th\u00eam \u0111\u01b0\u1eddng <span class=\"fontstyle0\">(ch\u1ee9a \u0111\u01b0\u1eddng t\u1ef1 nhi\u00ean)<\/span>.<\/p>\n<p style=\"text-align: justify;\"><strong>Th\u00e0nh ph\u1ea7n:<\/strong> <span id=\"input_part_0\" class=\"\" data-mention=\"Dried fruit 52% (dried dates*, raisins*),\">Tr\u00e1i c\u00e2y s\u1ea5y kh\u00f4 52% (ch\u00e0 l\u00e0 s\u1ea5y*, nho kh\u00f4*)<\/span>, <span id=\"input_part_0\" class=\"\" data-mention=\"nuts 12% (cashew*),\">h\u1ea1t 12% (h\u1ea1t \u0111i\u1ec1u*)<\/span>, <span id=\"input_part_0\" class=\"\" data-mention=\"rice protein powder* 15%, sunflower seeds*, cocoa powder*, cocoa mass 8%*, vanilla powder*\">b\u1ed9t protein g\u1ea1o* 15%, h\u1ea1t h\u01b0\u1edbng d\u01b0\u01a1ng*, b\u1ed9t cacao*, kh\u1ed1i cacao 8%, b\u1ed9t vani.<\/span><\/p>\n<p style=\"text-align: justify;\"><em><strong>*Ch\u1ee9ng nh\u1eadn h\u1eefu c\u01a1.<\/strong><\/em><\/p>\n<p style=\"text-align: justify;\"><em>C\u00f3 th\u1ec3 ch\u1ee9a ch\u00fat h\u1ea1nh nh\u00e2n. Th\u1ec9nh tho\u1ea3ng c\u00f3 th\u1ec3 ch\u1ee9a v\u1ecf h\u1ea1t v\u00e0 h\u1ed9t qu\u1ea3. <\/em><\/p>\n<p style=\"text-align: justify;\">\u0110\u1ecdc th\u00eam: <span style=\"text-decoration: underline; color: #008000;\"><a style=\"color: #008000; text-decoration: underline;\" href=\"https:\/\/bynature.vn\/the-story-about-our-rawbite-bars\/\">The Story About Our RAWBITE Bars!<\/a><\/span><\/p>\n<p style=\"text-align: justify;\">\n","protected":false},"excerpt":{"rendered":"<p>RawBite Protein H\u1eefu C\u01a1 v\u1ecb Smooth Cacao RAWBITE l\u00e0 thanh tr\u00e1i c\u00e2y v\u00e0 h\u1ea1t h\u1eefu c\u01a1 \u0111\u01b0\u1ee3c l\u00e0m t\u1eeb tr\u00e1i c\u00e2y kh\u00f4 v\u00e0 h\u1ea1t, ph\u00f9 h\u1ee3p d\u00f9ng m\u1ecdi l\u00fac, m\u1ecdi n\u01a1i, l\u00e0m snack nhanh g\u1ecdn ho\u1eb7c b\u1ed5 sung n\u0103ng l\u01b0\u1ee3ng khi v\u1eadn \u0111\u1ed9ng. 45g &#8211; h\u1eefu c\u01a1, thu\u1ea7n chay, kh\u00f4ng ch\u1ee9a gluten, kh\u00f4ng th\u00eam \u0111\u01b0\u1eddng &hellip; <\/p>\n<p class=\"link-more\"><a href=\"https:\/\/bynature.vn\/vi\/product\/thanh-protein-huu-co-rawbite-cacao\/\" class=\"more-link\">Continue reading<span class=\"screen-reader-text\"> &#8220;RawBite Protein H\u1eefu C\u01a1 v\u1ecb Smooth Cacao&#8221;<\/span><\/a><\/p>\n","protected":false},"featured_media":7353,"template":"","meta":[],"pwb-brand":[289],"product_cat":[257],"product_tag":[],"class_list":{"0":"post-8471","1":"product","2":"type-product","3":"status-publish","4":"has-post-thumbnail","6":"pwb-brand-rawbite-vi","7":"product_cat-thanh-dinh-duong-ngu-coc-banh-snack","9":"first","10":"instock","11":"sale","12":"shipping-taxable","13":"purchasable","14":"product-type-simple"},"acf":[],"brands":[{"id":289,"name":"RawBite","slug":"rawbite-vi"}],"_links":{"self":[{"href":"https:\/\/bynature.vn\/vi\/wp-json\/wp\/v2\/product\/8471","targetHints":{"allow":["GET"]}}],"collection":[{"href":"https:\/\/bynature.vn\/vi\/wp-json\/wp\/v2\/product"}],"about":[{"href":"https:\/\/bynature.vn\/vi\/wp-json\/wp\/v2\/types\/product"}],"wp:featuredmedia":[{"embeddable":true,"href":"https:\/\/bynature.vn\/vi\/wp-json\/wp\/v2\/media\/7353"}],"wp:attachment":[{"href":"https:\/\/bynature.vn\/vi\/wp-json\/wp\/v2\/media?parent=8471"}],"wp:term":[{"taxonomy":"pwb-brand","embeddable":true,"href":"https:\/\/bynature.vn\/vi\/wp-json\/wp\/v2\/pwb-brand?post=8471"},{"taxonomy":"product_cat","embeddable":true,"href":"https:\/\/bynature.vn\/vi\/wp-json\/wp\/v2\/product_cat?post=8471"},{"taxonomy":"product_tag","embeddable":true,"href":"https:\/\/bynature.vn\/vi\/wp-json\/wp\/v2\/product_tag?post=8471"}],"curies":[{"name":"wp","href":"https:\/\/api.w.org\/{rel}","templated":true}]}}