{"id":8455,"date":"2023-11-14T12:47:42","date_gmt":"2023-11-14T05:47:42","guid":{"rendered":"https:\/\/bynature.vn\/?post_type=product&#038;p=8455"},"modified":"2024-03-28T14:19:16","modified_gmt":"2024-03-28T07:19:16","slug":"banh-mi-sourdough-nguyen-cam-hat-thuan-chay","status":"publish","type":"product","link":"https:\/\/bynature.vn\/vi\/product\/banh-mi-sourdough-nguyen-cam-hat-thuan-chay\/","title":{"rendered":"B\u00e1nh M\u00ec Sourdough Nguy\u00ean C\u00e1m H\u1ea1t (Thu\u1ea7n Chay)"},"content":{"rendered":"<h6>B\u00e1nh m\u00ec sourdough nguy\u00ean c\u00e1m h\u1ea1t (thu\u1ea7n chay)<\/h6>\n<p>B\u00e1nh m\u00ec Sharon Artisan Bakery<\/p>\n<p>\u0110\u1ecdc th\u00eam: <span style=\"text-decoration: underline; color: #008000;\"><a style=\"color: #008000; text-decoration: underline;\" href=\"https:\/\/bynature.vn\/vi\/chuyen-cua-banh-mi\/\">Chuy\u1ec7n c\u1ee7a b\u00e1nh m\u00ec<\/a><\/span><\/p>\n","protected":false},"excerpt":{"rendered":"<p>B\u00e1nh m\u00ec sourdough nguy\u00ean c\u00e1m h\u1ea1t (thu\u1ea7n chay) B\u00e1nh m\u00ec Sharon Artisan Bakery \u0110\u1ecdc th\u00eam: Chuy\u1ec7n c\u1ee7a b\u00e1nh m\u00ec<\/p>\n","protected":false},"featured_media":775,"template":"","meta":[],"pwb-brand":[],"product_cat":[182],"product_tag":[],"class_list":{"0":"post-8455","1":"product","2":"type-product","3":"status-publish","4":"has-post-thumbnail","6":"product_cat-banh-mi-banh-nuong","8":"first","9":"instock","10":"purchasable","11":"product-type-simple"},"acf":[],"brands":[],"_links":{"self":[{"href":"https:\/\/bynature.vn\/vi\/wp-json\/wp\/v2\/product\/8455","targetHints":{"allow":["GET"]}}],"collection":[{"href":"https:\/\/bynature.vn\/vi\/wp-json\/wp\/v2\/product"}],"about":[{"href":"https:\/\/bynature.vn\/vi\/wp-json\/wp\/v2\/types\/product"}],"wp:featuredmedia":[{"embeddable":true,"href":"https:\/\/bynature.vn\/vi\/wp-json\/wp\/v2\/media\/775"}],"wp:attachment":[{"href":"https:\/\/bynature.vn\/vi\/wp-json\/wp\/v2\/media?parent=8455"}],"wp:term":[{"taxonomy":"pwb-brand","embeddable":true,"href":"https:\/\/bynature.vn\/vi\/wp-json\/wp\/v2\/pwb-brand?post=8455"},{"taxonomy":"product_cat","embeddable":true,"href":"https:\/\/bynature.vn\/vi\/wp-json\/wp\/v2\/product_cat?post=8455"},{"taxonomy":"product_tag","embeddable":true,"href":"https:\/\/bynature.vn\/vi\/wp-json\/wp\/v2\/product_tag?post=8455"}],"curies":[{"name":"wp","href":"https:\/\/api.w.org\/{rel}","templated":true}]}}