{"id":8384,"date":"2024-03-27T10:54:02","date_gmt":"2024-03-27T03:54:02","guid":{"rendered":"https:\/\/bynature.vn\/?post_type=product&#038;p=8384"},"modified":"2026-02-07T21:08:48","modified_gmt":"2026-02-07T14:08:48","slug":"tra-bo-cong-anh-tim-goi-40-tui","status":"publish","type":"product","link":"https:\/\/bynature.vn\/vi\/product\/tra-bo-cong-anh-tim-goi-40-tui\/","title":{"rendered":"T\u00fai Tr\u00e0 B\u1ed3 C\u00f4ng Anh (40 T\u00fai Tr\u00e0)"},"content":{"rendered":"<h6>T\u00fai tr\u00e0 b\u1ed3 c\u00f4ng anh (40 T\u00fai Tr\u00e0)<\/h6>\n<p style=\"text-align: justify;\">Tr\u00e0 b\u1ed3 c\u00f4ng anh \u0111\u01b0\u1ee3c tr\u1ed3ng t\u1ea1i nh\u1eefng c\u00e1nh \u0111\u1ed3ng xanh m\u00e1t \u1edf \u0110\u00e0 L\u1ea1t, l\u00e0 l\u1ef1a ch\u1ecdn kh\u00f4ng th\u1ec3 b\u1ecf qua cho nh\u1eefng ng\u01b0\u1eddi y\u00eau tr\u00e0. B\u00ean c\u1ea1nh h\u01b0\u01a1ng v\u1ecb thanh m\u00e1t, lo\u1ea1i tr\u00e0 n\u00e0y c\u00f2n mang nhi\u1ec1u l\u1ee3i \u00edch cho s\u1ee9c kh\u1ecfe. B\u1ed3 c\u00f4ng anh n\u1ed5i ti\u1ebfng v\u1edbi h\u00e0m l\u01b0\u1ee3ng ch\u1ea5t ch\u1ed1ng oxy h\u00f3a cao, gi\u00fap t\u0103ng c\u01b0\u1eddng h\u1ec7 mi\u1ec5n d\u1ecbch v\u00e0 b\u1ea3o v\u1ec7 c\u01a1 th\u1ec3 kh\u1ecfi c\u00e1c \u0111\u1ed9c t\u1ed1 c\u00f3 h\u1ea1i. Ngo\u00e0i ra, tr\u00e0 c\u00f2n gi\u00e0u vitamin v\u00e0 kho\u00e1ng ch\u1ea5t nh\u01b0 vitamin C, s\u1eaft v\u00e0 kali, r\u1ea5t ph\u00f9 h\u1ee3p \u0111\u1ec3 s\u1eed d\u1ee5ng h\u1eb1ng ng\u00e0y.   <\/p>\n<p style=\"text-align: justify;\">Tr\u00e0 b\u1ed3 c\u00f4ng anh c\u1ee7a ch\u00fang t\u00f4i \u0111\u01b0\u1ee3c h\u00e1i th\u1ee7 c\u00f4ng c\u1ea9n th\u1eadn v\u00e0 s\u1ea5y kh\u00f4 \u0111\u1ec3 gi\u1eef tr\u1ecdn tinh t\u00fay t\u1ef1 nhi\u00ean. Tr\u00e0 kh\u00f4ng ch\u1ee9a caffeine, l\u00e0 l\u1ef1a ch\u1ecdn ho\u00e0n h\u1ea3o thay th\u1ebf c\u00e0 ph\u00ea bu\u1ed5i s\u00e1ng ho\u1eb7c l\u00e0m th\u1ee9c u\u1ed1ng th\u01b0 gi\u00e3n v\u00e0o bu\u1ed5i t\u1ed1i. Ngo\u00e0i ra, s\u1ea3n ph\u1ea9m kh\u00f4ng ch\u1ee9a ch\u1ea5t b\u1ea3o qu\u1ea3n hay h\u01b0\u01a1ng li\u1ec7u nh\u00e2n t\u1ea1o, \u0111\u1ea3m b\u1ea3o h\u01b0\u01a1ng v\u1ecb thu\u1ea7n khi\u1ebft v\u00e0 ch\u00e2n th\u1eadt.  <\/p>\n<p><span style=\"text-decoration: underline; color: #008000;\"><a style=\"color: #008000; text-decoration: underline;\" href=\"https:\/\/bynature.vn\/product-category\/drinks\/tea\/\">Mua nhi\u1ec1u Tr\u00e0 h\u01a1n<\/a><\/span><\/p>\n<p>\u0110\u1ecdc th\u00eam: <span style=\"text-decoration: underline;\"><span style=\"color: #008000;\"><a style=\"color: #008000; text-decoration: underline;\" href=\"https:\/\/bynature.vn\/hearts-of-artichokes\/\">Hearts of artichokes<\/a><\/span><\/span><\/p>\n<p style=\"text-align: justify;\">\n","protected":false},"excerpt":{"rendered":"<p>T\u00fai tr\u00e0 b\u1ed3 c\u00f4ng anh (40 T\u00fai Tr\u00e0) Tr\u00e0 b\u1ed3 c\u00f4ng anh \u0111\u01b0\u1ee3c tr\u1ed3ng t\u1ea1i nh\u1eefng c\u00e1nh \u0111\u1ed3ng xanh m\u00e1t \u1edf \u0110\u00e0 L\u1ea1t, l\u00e0 l\u1ef1a ch\u1ecdn kh\u00f4ng th\u1ec3 b\u1ecf qua cho nh\u1eefng ng\u01b0\u1eddi y\u00eau tr\u00e0. B\u00ean c\u1ea1nh h\u01b0\u01a1ng v\u1ecb thanh m\u00e1t, lo\u1ea1i tr\u00e0 n\u00e0y c\u00f2n mang nhi\u1ec1u l\u1ee3i \u00edch cho s\u1ee9c kh\u1ecfe. B\u1ed3 c\u00f4ng anh &hellip; <\/p>\n<p class=\"link-more\"><a href=\"https:\/\/bynature.vn\/vi\/product\/tra-bo-cong-anh-tim-goi-40-tui\/\" class=\"more-link\">Continue reading<span class=\"screen-reader-text\"> &#8220;T\u00fai Tr\u00e0 B\u1ed3 C\u00f4ng Anh (40 T\u00fai Tr\u00e0)&#8221;<\/span><\/a><\/p>\n","protected":false},"featured_media":8381,"template":"","meta":[],"pwb-brand":[],"product_cat":[227],"product_tag":[],"class_list":{"0":"post-8384","1":"product","2":"type-product","3":"status-publish","4":"has-post-thumbnail","6":"product_cat-ca-phe","8":"first","9":"instock","10":"shipping-taxable","11":"purchasable","12":"product-type-simple"},"acf":[],"brands":[],"_links":{"self":[{"href":"https:\/\/bynature.vn\/vi\/wp-json\/wp\/v2\/product\/8384","targetHints":{"allow":["GET"]}}],"collection":[{"href":"https:\/\/bynature.vn\/vi\/wp-json\/wp\/v2\/product"}],"about":[{"href":"https:\/\/bynature.vn\/vi\/wp-json\/wp\/v2\/types\/product"}],"wp:featuredmedia":[{"embeddable":true,"href":"https:\/\/bynature.vn\/vi\/wp-json\/wp\/v2\/media\/8381"}],"wp:attachment":[{"href":"https:\/\/bynature.vn\/vi\/wp-json\/wp\/v2\/media?parent=8384"}],"wp:term":[{"taxonomy":"pwb-brand","embeddable":true,"href":"https:\/\/bynature.vn\/vi\/wp-json\/wp\/v2\/pwb-brand?post=8384"},{"taxonomy":"product_cat","embeddable":true,"href":"https:\/\/bynature.vn\/vi\/wp-json\/wp\/v2\/product_cat?post=8384"},{"taxonomy":"product_tag","embeddable":true,"href":"https:\/\/bynature.vn\/vi\/wp-json\/wp\/v2\/product_tag?post=8384"}],"curies":[{"name":"wp","href":"https:\/\/api.w.org\/{rel}","templated":true}]}}