{"id":8382,"date":"2024-03-27T10:49:37","date_gmt":"2024-03-27T03:49:37","guid":{"rendered":"https:\/\/bynature.vn\/?post_type=product&#038;p=8382"},"modified":"2026-02-07T21:14:50","modified_gmt":"2026-02-07T14:14:50","slug":"tra-atiso-tui-loc-goi-40-tui","status":"publish","type":"product","link":"https:\/\/bynature.vn\/vi\/product\/tra-atiso-tui-loc-goi-40-tui\/","title":{"rendered":"T\u00fai Tr\u00e0 Atiso (40 T\u00fai Tr\u00e0)"},"content":{"rendered":"<h6>T\u00fai tr\u00e0 atiso (40 t\u00fai tr\u00e0)<\/h6>\n<p style=\"text-align: justify;\">Tr\u00e0 atiso thu\u1ea7n t\u1ef1 nhi\u00ean c\u1ee7a ch\u00fang t\u00f4i \u0111\u01b0\u1ee3c tr\u1ed3ng t\u1ea1i v\u00f9ng cao nguy\u00ean xinh \u0111\u1eb9p \u0110\u00e0 L\u1ea1t. N\u1ed5i ti\u1ebfng v\u1edbi kh\u00ed h\u1eadu m\u00e1t m\u1ebb v\u00e0 \u0111\u1ea5t \u0111ai m\u00e0u m\u1ee1, \u0110\u00e0 L\u1ea1t t\u1ea1o ra nh\u1eefng c\u00e2y atiso c\u00f3 ch\u1ea5t l\u01b0\u1ee3ng h\u00e0ng \u0111\u1ea7u th\u1ebf gi\u1edbi. Kh\u00f4ng ch\u1ec9 c\u00f3 h\u01b0\u01a1ng v\u1ecb thanh m\u00e1t d\u1ec5 u\u1ed1ng, tr\u00e0 c\u00f2n mang l\u1ea1i nhi\u1ec1u l\u1ee3i \u00edch dinh d\u01b0\u1ee1ng. Atiso l\u00e0 ngu\u1ed3n gi\u00e0u vitamin, kho\u00e1ng ch\u1ea5t v\u00e0 ch\u1ea5t ch\u1ed1ng oxy h\u00f3a, gi\u00fap b\u1ed5 sung tuy\u1ec7t v\u1eddi cho ch\u1ebf \u0111\u1ed9 \u0103n u\u1ed1ng h\u1eb1ng ng\u00e0y. Tr\u00e0 c\u1ee7a ch\u00fang t\u00f4i \u0111\u01b0\u1ee3c l\u00e0m t\u1eeb atiso t\u01b0\u01a1i thu ho\u1ea1ch, \u0111\u01b0\u1ee3c tuy\u1ec3n ch\u1ecdn k\u1ef9 l\u01b0\u1ee1ng v\u00e0 ch\u1ebf bi\u1ebfn th\u1ee7 c\u00f4ng \u0111\u1ec3 gi\u1eef tr\u1ecdn tinh t\u00fay t\u1ef1 nhi\u00ean. Kh\u00f4ng s\u1eed d\u1ee5ng ch\u1ea5t b\u1ea3o qu\u1ea3n hay h\u01b0\u01a1ng li\u1ec7u nh\u00e2n t\u1ea1o, \u0111\u1ea3m b\u1ea3o h\u01b0\u01a1ng v\u1ecb thu\u1ea7n khi\u1ebft v\u00e0 ch\u00e2n th\u1eadt.     <\/p>\n<p>\u0110\u1ecdc th\u00eam: <span style=\"text-decoration: underline;\"><span style=\"color: #008000;\"><a style=\"color: #008000; text-decoration: underline;\" href=\"https:\/\/bynature.vn\/hearts-of-artichokes\/\">Hearts of artichokes<\/a><\/span><\/span><\/p>\n","protected":false},"excerpt":{"rendered":"<p>T\u00fai tr\u00e0 atiso (40 t\u00fai tr\u00e0) Tr\u00e0 atiso thu\u1ea7n t\u1ef1 nhi\u00ean c\u1ee7a ch\u00fang t\u00f4i \u0111\u01b0\u1ee3c tr\u1ed3ng t\u1ea1i v\u00f9ng cao nguy\u00ean xinh \u0111\u1eb9p \u0110\u00e0 L\u1ea1t. N\u1ed5i ti\u1ebfng v\u1edbi kh\u00ed h\u1eadu m\u00e1t m\u1ebb v\u00e0 \u0111\u1ea5t \u0111ai m\u00e0u m\u1ee1, \u0110\u00e0 L\u1ea1t t\u1ea1o ra nh\u1eefng c\u00e2y atiso c\u00f3 ch\u1ea5t l\u01b0\u1ee3ng h\u00e0ng \u0111\u1ea7u th\u1ebf gi\u1edbi. Kh\u00f4ng ch\u1ec9 c\u00f3 h\u01b0\u01a1ng v\u1ecb &hellip; <\/p>\n<p class=\"link-more\"><a href=\"https:\/\/bynature.vn\/vi\/product\/tra-atiso-tui-loc-goi-40-tui\/\" class=\"more-link\">Continue reading<span class=\"screen-reader-text\"> &#8220;T\u00fai Tr\u00e0 Atiso (40 T\u00fai Tr\u00e0)&#8221;<\/span><\/a><\/p>\n","protected":false},"featured_media":8379,"template":"","meta":[],"pwb-brand":[],"product_cat":[227],"product_tag":[],"class_list":{"0":"post-8382","1":"product","2":"type-product","3":"status-publish","4":"has-post-thumbnail","6":"product_cat-ca-phe","8":"first","9":"instock","10":"shipping-taxable","11":"purchasable","12":"product-type-simple"},"acf":[],"brands":[],"_links":{"self":[{"href":"https:\/\/bynature.vn\/vi\/wp-json\/wp\/v2\/product\/8382","targetHints":{"allow":["GET"]}}],"collection":[{"href":"https:\/\/bynature.vn\/vi\/wp-json\/wp\/v2\/product"}],"about":[{"href":"https:\/\/bynature.vn\/vi\/wp-json\/wp\/v2\/types\/product"}],"wp:featuredmedia":[{"embeddable":true,"href":"https:\/\/bynature.vn\/vi\/wp-json\/wp\/v2\/media\/8379"}],"wp:attachment":[{"href":"https:\/\/bynature.vn\/vi\/wp-json\/wp\/v2\/media?parent=8382"}],"wp:term":[{"taxonomy":"pwb-brand","embeddable":true,"href":"https:\/\/bynature.vn\/vi\/wp-json\/wp\/v2\/pwb-brand?post=8382"},{"taxonomy":"product_cat","embeddable":true,"href":"https:\/\/bynature.vn\/vi\/wp-json\/wp\/v2\/product_cat?post=8382"},{"taxonomy":"product_tag","embeddable":true,"href":"https:\/\/bynature.vn\/vi\/wp-json\/wp\/v2\/product_tag?post=8382"}],"curies":[{"name":"wp","href":"https:\/\/api.w.org\/{rel}","templated":true}]}}