{"id":8356,"date":"2024-02-27T16:31:17","date_gmt":"2024-02-27T09:31:17","guid":{"rendered":"https:\/\/bynature.vn\/?post_type=product&#038;p=8356"},"modified":"2024-03-26T16:30:11","modified_gmt":"2024-03-26T09:30:11","slug":"1-trai-bap-nu-hoang","status":"publish","type":"product","link":"https:\/\/bynature.vn\/vi\/product\/1-trai-bap-nu-hoang\/","title":{"rendered":"1 Tr\u00e1i B\u1eafp N\u1eef Ho\u00e0ng"},"content":{"rendered":"<h6 style=\"text-align: justify;\">B\u1eafp n\u1eef ho\u00e0ng<\/h6>\n<ul>\n<li style=\"text-align: justify;\">B\u1eafp n\u1eef ho\u00e0ng ch\u1ee9a nhi\u1ec1u ch\u1ea5t dinh d\u01b0\u1ee1ng thi\u1ebft y\u1ebfu v\u00e0 ch\u1ea5t ch\u1ed1ng oxy h\u00f3a.<\/li>\n<li style=\"text-align: justify;\">M\u00e0u s\u1eafc b\u1eaft m\u1eaft, h\u01b0\u01a1ng v\u1ecb th\u01a1m ngon.<\/li>\n<\/ul>\n<p style=\"text-align: justify;\">\u0110\u1ecdc th\u00eam: <span style=\"text-decoration: underline;\"><span style=\"color: #008000;\"><a style=\"color: #008000; text-decoration: underline;\" href=\"https:\/\/bynature.vn\/vi\/nong-san-thuan-tu-nhien-co-dang-tien\/\">N\u00f4ng s\u1ea3n thu\u1eadn t\u1ef1 nhi\u00ean c\u00f3 \u0111\u00e1ng ti\u1ec1n?<\/a><\/span><\/span><\/p>\n","protected":false},"excerpt":{"rendered":"<p>B\u1eafp n\u1eef ho\u00e0ng B\u1eafp n\u1eef ho\u00e0ng ch\u1ee9a nhi\u1ec1u ch\u1ea5t dinh d\u01b0\u1ee1ng thi\u1ebft y\u1ebfu v\u00e0 ch\u1ea5t ch\u1ed1ng oxy h\u00f3a. M\u00e0u s\u1eafc b\u1eaft m\u1eaft, h\u01b0\u01a1ng v\u1ecb th\u01a1m ngon. \u0110\u1ecdc th\u00eam: N\u00f4ng s\u1ea3n thu\u1eadn t\u1ef1 nhi\u00ean c\u00f3 \u0111\u00e1ng ti\u1ec1n?<\/p>\n","protected":false},"featured_media":7575,"template":"","meta":[],"pwb-brand":[],"product_cat":[392],"product_tag":[],"class_list":{"0":"post-8356","1":"product","2":"type-product","3":"status-publish","4":"has-post-thumbnail","6":"product_cat-bap-ngo","8":"first","9":"outofstock","10":"shipping-taxable","11":"purchasable","12":"product-type-simple"},"acf":[],"brands":[],"_links":{"self":[{"href":"https:\/\/bynature.vn\/vi\/wp-json\/wp\/v2\/product\/8356","targetHints":{"allow":["GET"]}}],"collection":[{"href":"https:\/\/bynature.vn\/vi\/wp-json\/wp\/v2\/product"}],"about":[{"href":"https:\/\/bynature.vn\/vi\/wp-json\/wp\/v2\/types\/product"}],"wp:featuredmedia":[{"embeddable":true,"href":"https:\/\/bynature.vn\/vi\/wp-json\/wp\/v2\/media\/7575"}],"wp:attachment":[{"href":"https:\/\/bynature.vn\/vi\/wp-json\/wp\/v2\/media?parent=8356"}],"wp:term":[{"taxonomy":"pwb-brand","embeddable":true,"href":"https:\/\/bynature.vn\/vi\/wp-json\/wp\/v2\/pwb-brand?post=8356"},{"taxonomy":"product_cat","embeddable":true,"href":"https:\/\/bynature.vn\/vi\/wp-json\/wp\/v2\/product_cat?post=8356"},{"taxonomy":"product_tag","embeddable":true,"href":"https:\/\/bynature.vn\/vi\/wp-json\/wp\/v2\/product_tag?post=8356"}],"curies":[{"name":"wp","href":"https:\/\/api.w.org\/{rel}","templated":true}]}}