{"id":8333,"date":"2024-02-27T10:24:21","date_gmt":"2024-02-27T03:24:21","guid":{"rendered":"https:\/\/bynature.vn\/?post_type=product&#038;p=8333"},"modified":"2026-02-07T21:45:19","modified_gmt":"2026-02-07T14:45:19","slug":"500g-ot-chuong-ngot-baby-mix-mau","status":"publish","type":"product","link":"https:\/\/bynature.vn\/vi\/product\/500g-ot-chuong-ngot-baby-mix-mau\/","title":{"rendered":"500g \u1edat Chu\u00f4ng Nh\u1ecf (mix m\u00e0u)"},"content":{"rendered":"<h6>\u1edat chu\u00f4ng nh\u1ecf ho\u00e0n to\u00e0n t\u1ef1 nhi\u00ean (mix m\u00e0u)<\/h6>\n<ul>\n<li style=\"text-align: justify;\">Nh\u1eefng tr\u00e1i \u1edbt nh\u1ecf, nhi\u1ec1u m\u00e0u s\u1eafc n\u00e0y ch\u1ee9a \u0111\u1ef1ng h\u01b0\u01a1ng v\u1ecb phong ph\u00fa v\u00e0 ho\u00e0n h\u1ea3o cho vi\u1ec7c \u0103n tr\u1ef1c ti\u1ebfp, n\u1ea5u \u0103n ho\u1eb7c th\u00eam s\u1eafc m\u00e0u cho b\u1eefa \u0103n. \u1edat chu\u00f4ng nh\u1ecf c\u1ee7a ch\u00fang t\u00f4i l\u00e0 s\u1ef1 pha tr\u1ed9n nhi\u1ec1u m\u00e0u, m\u1ed7i m\u00e0u mang m\u1ed9t h\u01b0\u01a1ng v\u1ecb ri\u00eang bi\u1ec7t. Ch\u00fang \u0111\u01b0\u1ee3c h\u00e1i th\u1ee7 c\u00f4ng khi \u0111\u1ea1t \u0111\u1ed9 ch\u00edn t\u1ed1i \u01b0u \u0111\u1ec3 \u0111\u1ea3m b\u1ea3o ch\u1ea5t l\u01b0\u1ee3ng v\u00e0 h\u01b0\u01a1ng v\u1ecb t\u1ed1t nh\u1ea5t. Kh\u00f4ng ch\u1ec9 ngon, nh\u1eefng tr\u00e1i \u1edbt n\u00e0y c\u00f2n r\u1ea5t gi\u00e0u dinh d\u01b0\u1ee1ng. Ch\u00fang l\u00e0 ngu\u1ed3n cung c\u1ea5p tuy\u1ec7t v\u1eddi vitamin A, vitamin C v\u00e0 c\u00e1c ch\u1ea5t ch\u1ed1ng oxy h\u00f3a. Ngo\u00e0i ra, k\u00edch th\u01b0\u1edbc nh\u1ecf g\u1ecdn khi\u1ebfn ch\u00fang r\u1ea5t ph\u00f9 h\u1ee3p cho tr\u1ebb nh\u1ecf c\u1ea7m n\u1eafm v\u00e0 l\u00fd t\u01b0\u1edfng \u0111\u1ec3 mang theo trong h\u1ed9p c\u01a1m tr\u01b0a.     <\/li>\n<li>\u0110\u1ecdc th\u00eam: <span style=\"text-decoration: underline;\"><span style=\"color: #008000;\"><a style=\"color: #008000; text-decoration: underline;\" href=\"https:\/\/bynature.vn\/seasonal-eating-a-better-way-to-live\/\">Seasonal eating, a better way to live<\/a><\/span><\/span><\/li>\n<\/ul>\n","protected":false},"excerpt":{"rendered":"<p>\u1edat chu\u00f4ng nh\u1ecf ho\u00e0n to\u00e0n t\u1ef1 nhi\u00ean (mix m\u00e0u) Nh\u1eefng tr\u00e1i \u1edbt nh\u1ecf, nhi\u1ec1u m\u00e0u s\u1eafc n\u00e0y ch\u1ee9a \u0111\u1ef1ng h\u01b0\u01a1ng v\u1ecb phong ph\u00fa v\u00e0 ho\u00e0n h\u1ea3o cho vi\u1ec7c \u0103n tr\u1ef1c ti\u1ebfp, n\u1ea5u \u0103n ho\u1eb7c th\u00eam s\u1eafc m\u00e0u cho b\u1eefa \u0103n. \u1edat chu\u00f4ng nh\u1ecf c\u1ee7a ch\u00fang t\u00f4i l\u00e0 s\u1ef1 pha tr\u1ed9n nhi\u1ec1u m\u00e0u, m\u1ed7i m\u00e0u mang &hellip; <\/p>\n<p class=\"link-more\"><a href=\"https:\/\/bynature.vn\/vi\/product\/500g-ot-chuong-ngot-baby-mix-mau\/\" class=\"more-link\">Continue reading<span class=\"screen-reader-text\"> &#8220;500g \u1edat Chu\u00f4ng Nh\u1ecf (mix m\u00e0u)&#8221;<\/span><\/a><\/p>\n","protected":false},"featured_media":12091,"template":"","meta":[],"pwb-brand":[],"product_cat":[374,384,241,233],"product_tag":[],"class_list":{"0":"post-8333","1":"product","2":"type-product","3":"status-publish","4":"has-post-thumbnail","6":"product_cat-ca-ot","7":"product_cat-ot","8":"product_cat-rau-cu-qua","9":"product_cat-rau-cu-qua-trai-cay","11":"first","12":"instock","13":"shipping-taxable","14":"purchasable","15":"product-type-simple"},"acf":[],"brands":[],"_links":{"self":[{"href":"https:\/\/bynature.vn\/vi\/wp-json\/wp\/v2\/product\/8333","targetHints":{"allow":["GET"]}}],"collection":[{"href":"https:\/\/bynature.vn\/vi\/wp-json\/wp\/v2\/product"}],"about":[{"href":"https:\/\/bynature.vn\/vi\/wp-json\/wp\/v2\/types\/product"}],"wp:featuredmedia":[{"embeddable":true,"href":"https:\/\/bynature.vn\/vi\/wp-json\/wp\/v2\/media\/12091"}],"wp:attachment":[{"href":"https:\/\/bynature.vn\/vi\/wp-json\/wp\/v2\/media?parent=8333"}],"wp:term":[{"taxonomy":"pwb-brand","embeddable":true,"href":"https:\/\/bynature.vn\/vi\/wp-json\/wp\/v2\/pwb-brand?post=8333"},{"taxonomy":"product_cat","embeddable":true,"href":"https:\/\/bynature.vn\/vi\/wp-json\/wp\/v2\/product_cat?post=8333"},{"taxonomy":"product_tag","embeddable":true,"href":"https:\/\/bynature.vn\/vi\/wp-json\/wp\/v2\/product_tag?post=8333"}],"curies":[{"name":"wp","href":"https:\/\/api.w.org\/{rel}","templated":true}]}}