{"id":7848,"date":"2024-03-04T16:52:06","date_gmt":"2024-03-04T09:52:06","guid":{"rendered":"https:\/\/bynature.vn\/?post_type=product&#038;p=7848"},"modified":"2024-03-18T00:24:06","modified_gmt":"2024-03-17T17:24:06","slug":"muoi-tam-romance-hoa-hong-go-dan-huong-200g","status":"publish","type":"product","link":"https:\/\/bynature.vn\/vi\/product\/muoi-tam-romance-hoa-hong-go-dan-huong-200g\/","title":{"rendered":"Mu\u1ed1i T\u1eafm Romance (Hoa H\u1ed3ng &#038; G\u1ed7 \u0110\u00e0n H\u01b0\u01a1ng) 200g"},"content":{"rendered":"<h6>Mu\u1ed1i t\u1eafm Romance (Hoa h\u1ed3ng &amp; G\u1ed7 \u0111\u00e0n h\u01b0\u01a1ng)<\/h6>\n<ul>\n<li style=\"text-align: justify;\">Mu\u1ed1i t\u1eafm gi\u00fap b\u1ea1n th\u01b0 gi\u00e3n v\u00e0 ph\u1ee5c h\u1ed3i c\u01a1 th\u1ec3 sau m\u1ed9t ng\u00e0y d\u00e0i.<\/li>\n<li style=\"text-align: justify;\">Mu\u1ed1i t\u1eafm Romance v\u1edbi h\u01b0\u01a1ng th\u01a1m tinh t\u1ebf c\u1ee7a tinh d\u1ea7u hoa h\u1ed3ng v\u00e0 g\u1ed7 \u0111\u00e0n h\u01b0\u01a1ng nguy\u00ean ch\u1ea5t, mang \u0111\u1ebfn b\u1ea7u kh\u00f4ng kh\u00ed \u00eam d\u1ecbu, th\u01b0 gi\u00e3n v\u00e0 g\u1ee3i c\u1ea3m. Vi\u1ec7c b\u1ed5 sung mu\u1ed1i h\u1ed3ng Himalaya kh\u00f4ng ch\u1ec9 gi\u00fap mang l\u1ea1i c\u1ea3m gi\u00e1c s\u1ea3ng kho\u00e1i m\u00e0 c\u00f2n mang \u0111\u1ebfn nhi\u1ec1u l\u1ee3i \u00edch cho l\u00e0n da, gi\u00fap nu\u00f4i d\u01b0\u1ee1ng v\u00e0 tr\u1ebb ho\u00e1 da.<\/li>\n<li style=\"text-align: justify;\">\u0110\u1ecdc th\u00eam: <span style=\"text-decoration: underline;\"><span style=\"color: #008000;\"><a style=\"color: #008000; text-decoration: underline;\" href=\"https:\/\/bynature.vn\/vi\/5-loi-ich-tuyet-voi-cua-my-pham-thien-nhien\/\">5 L\u1ee3i \u00edch tuy\u1ec7t v\u1eddi c\u1ee7a m\u1ef9 ph\u1ea9m thi\u00ean nhi\u00ean<\/a><\/span><\/span><\/li>\n<\/ul>\n","protected":false},"excerpt":{"rendered":"<p>Mu\u1ed1i t\u1eafm Romance (Hoa h\u1ed3ng &amp; G\u1ed7 \u0111\u00e0n h\u01b0\u01a1ng) Mu\u1ed1i t\u1eafm gi\u00fap b\u1ea1n th\u01b0 gi\u00e3n v\u00e0 ph\u1ee5c h\u1ed3i c\u01a1 th\u1ec3 sau m\u1ed9t ng\u00e0y d\u00e0i. Mu\u1ed1i t\u1eafm Romance v\u1edbi h\u01b0\u01a1ng th\u01a1m tinh t\u1ebf c\u1ee7a tinh d\u1ea7u hoa h\u1ed3ng v\u00e0 g\u1ed7 \u0111\u00e0n h\u01b0\u01a1ng nguy\u00ean ch\u1ea5t, mang \u0111\u1ebfn b\u1ea7u kh\u00f4ng kh\u00ed \u00eam d\u1ecbu, th\u01b0 gi\u00e3n v\u00e0 g\u1ee3i c\u1ea3m. &hellip; <\/p>\n<p class=\"link-more\"><a href=\"https:\/\/bynature.vn\/vi\/product\/muoi-tam-romance-hoa-hong-go-dan-huong-200g\/\" class=\"more-link\">Continue reading<span class=\"screen-reader-text\"> &#8220;Mu\u1ed1i T\u1eafm Romance (Hoa H\u1ed3ng &#038; G\u1ed7 \u0110\u00e0n H\u01b0\u01a1ng) 200g&#8221;<\/span><\/a><\/p>\n","protected":false},"featured_media":7843,"template":"","meta":[],"pwb-brand":[293],"product_cat":[422],"product_tag":[],"class_list":{"0":"post-7848","1":"product","2":"type-product","3":"status-publish","4":"has-post-thumbnail","6":"pwb-brand-my-natural-beauty-vi","7":"product_cat-tam","9":"first","10":"instock","11":"shipping-taxable","12":"purchasable","13":"product-type-simple"},"acf":[],"brands":[{"id":293,"name":"My Natural Beauty","slug":"my-natural-beauty-vi"}],"_links":{"self":[{"href":"https:\/\/bynature.vn\/vi\/wp-json\/wp\/v2\/product\/7848","targetHints":{"allow":["GET"]}}],"collection":[{"href":"https:\/\/bynature.vn\/vi\/wp-json\/wp\/v2\/product"}],"about":[{"href":"https:\/\/bynature.vn\/vi\/wp-json\/wp\/v2\/types\/product"}],"wp:featuredmedia":[{"embeddable":true,"href":"https:\/\/bynature.vn\/vi\/wp-json\/wp\/v2\/media\/7843"}],"wp:attachment":[{"href":"https:\/\/bynature.vn\/vi\/wp-json\/wp\/v2\/media?parent=7848"}],"wp:term":[{"taxonomy":"pwb-brand","embeddable":true,"href":"https:\/\/bynature.vn\/vi\/wp-json\/wp\/v2\/pwb-brand?post=7848"},{"taxonomy":"product_cat","embeddable":true,"href":"https:\/\/bynature.vn\/vi\/wp-json\/wp\/v2\/product_cat?post=7848"},{"taxonomy":"product_tag","embeddable":true,"href":"https:\/\/bynature.vn\/vi\/wp-json\/wp\/v2\/product_tag?post=7848"}],"curies":[{"name":"wp","href":"https:\/\/api.w.org\/{rel}","templated":true}]}}