{"id":7847,"date":"2024-03-04T16:44:51","date_gmt":"2024-03-04T09:44:51","guid":{"rendered":"https:\/\/bynature.vn\/?post_type=product&#038;p=7847"},"modified":"2026-02-07T21:27:14","modified_gmt":"2026-02-07T14:27:14","slug":"muoi-tam-relax-oai-huong-ngoc-lan-tay-cam","status":"publish","type":"product","link":"https:\/\/bynature.vn\/vi\/product\/muoi-tam-relax-oai-huong-ngoc-lan-tay-cam\/","title":{"rendered":"Mu\u1ed1i T\u1eafm Relax (O\u1ea3i H\u01b0\u01a1ng, Ho\u00e0ng Lan &amp; Cam Bergamot) 200g"},"content":{"rendered":"<h6 style=\"text-align: justify;\">Mu\u1ed1i t\u1eafm Relax (o\u1ea3i h\u01b0\u01a1ng, ho\u00e0ng lan &amp; cam bergamot)<\/h6>\n<ul>\n<li style=\"text-align: justify;\">Mu\u1ed1i t\u1eafm Relax l\u00e0 c\u00e1ch tuy\u1ec7t v\u1eddi \u0111\u1ec3 th\u1ea3 l\u1ecfng v\u00e0 th\u01b0 gi\u00e3n sau m\u1ed9t ng\u00e0y d\u00e0i. S\u1ef1 k\u1ebft h\u1ee3p c\u1ee7a tinh d\u1ea7u hoa o\u1ea3i h\u01b0\u01a1ng, ho\u00e0ng lan v\u00e0 cam bergamot t\u1ea1o n\u00ean h\u01b0\u01a1ng th\u01a1m d\u1ecbu nh\u1eb9, \u00eam \u00e1i gi\u00fap gi\u1ea3m c\u0103ng th\u1eb3ng v\u00e0 m\u1ec7t m\u1ecfi. Nh\u1eefng tinh d\u1ea7u n\u00e0y c\u00f2n c\u00f3 l\u1ee3i \u00edch tr\u1ecb li\u1ec7u nh\u01b0 h\u1ed7 tr\u1ee3 gi\u1ea5c ng\u1ee7 t\u1ed1t h\u01a1n v\u00e0 gi\u1ea3m lo \u00e2u. B\u00ean c\u1ea1nh \u0111\u00f3, mu\u1ed1i h\u1ed3ng Himalaya mang \u0111\u1ebfn c\u1ea3m gi\u00e1c sang tr\u1ecdng cho tr\u1ea3i nghi\u1ec7m t\u1eafm c\u1ee7a b\u1ea1n. Lo\u1ea1i mu\u1ed1i t\u1ef1 nhi\u00ean n\u00e0y gi\u00e0u kho\u00e1ng ch\u1ea5t v\u00e0 c\u00f3 th\u1ec3 gi\u00fap thanh l\u1ecdc c\u01a1 th\u1ec3, \u0111\u1ec3 l\u1ea1i l\u00e0n da m\u1ec1m m\u1ea1i v\u00e0 t\u01b0\u01a1i m\u1edbi. V\u00ec v\u1eady, khi b\u1ea1n c\u1ea7n m\u1ed9t ch\u00fat ch\u0103m s\u00f3c b\u1ea3n th\u00e2n, h\u00e3y th\u1eed t\u1eadn h\u01b0\u1edfng m\u1ed9t bu\u1ed5i t\u1eafm c\u00f9ng lo\u1ea1i mu\u1ed1i t\u1eafm th\u01b0 gi\u00e3n n\u00e0y.     <\/li>\n<li>\n<p style=\"text-align: justify;\">\u0110\u1ecdc th\u00eam: <span style=\"text-decoration: underline;\"><span style=\"color: #008000;\"><a style=\"color: #008000; text-decoration: underline;\" href=\"https:\/\/bynature.vn\/4-good-reasons-to-use-natural-skin-care-products\/\">4 Good reasons to use natural skin care products<\/a><\/span><\/span><\/p>\n<\/li>\n<\/ul>\n","protected":false},"excerpt":{"rendered":"<p>Mu\u1ed1i t\u1eafm Relax (o\u1ea3i h\u01b0\u01a1ng, ho\u00e0ng lan &amp; cam bergamot) Mu\u1ed1i t\u1eafm Relax l\u00e0 c\u00e1ch tuy\u1ec7t v\u1eddi \u0111\u1ec3 th\u1ea3 l\u1ecfng v\u00e0 th\u01b0 gi\u00e3n sau m\u1ed9t ng\u00e0y d\u00e0i. S\u1ef1 k\u1ebft h\u1ee3p c\u1ee7a tinh d\u1ea7u hoa o\u1ea3i h\u01b0\u01a1ng, ho\u00e0ng lan v\u00e0 cam bergamot t\u1ea1o n\u00ean h\u01b0\u01a1ng th\u01a1m d\u1ecbu nh\u1eb9, \u00eam \u00e1i gi\u00fap gi\u1ea3m c\u0103ng th\u1eb3ng v\u00e0 m\u1ec7t &hellip; <\/p>\n<p class=\"link-more\"><a href=\"https:\/\/bynature.vn\/vi\/product\/muoi-tam-relax-oai-huong-ngoc-lan-tay-cam\/\" class=\"more-link\">Continue reading<span class=\"screen-reader-text\"> &#8220;Mu\u1ed1i T\u1eafm Relax (O\u1ea3i H\u01b0\u01a1ng, Ho\u00e0ng Lan &amp; Cam Bergamot) 200g&#8221;<\/span><\/a><\/p>\n","protected":false},"featured_media":7826,"template":"","meta":[],"pwb-brand":[293],"product_cat":[422],"product_tag":[],"class_list":{"0":"post-7847","1":"product","2":"type-product","3":"status-publish","4":"has-post-thumbnail","6":"pwb-brand-my-natural-beauty-vi","7":"product_cat-tam","9":"first","10":"instock","11":"shipping-taxable","12":"purchasable","13":"product-type-simple"},"acf":[],"brands":[{"id":293,"name":"My Natural Beauty","slug":"my-natural-beauty-vi"}],"_links":{"self":[{"href":"https:\/\/bynature.vn\/vi\/wp-json\/wp\/v2\/product\/7847","targetHints":{"allow":["GET"]}}],"collection":[{"href":"https:\/\/bynature.vn\/vi\/wp-json\/wp\/v2\/product"}],"about":[{"href":"https:\/\/bynature.vn\/vi\/wp-json\/wp\/v2\/types\/product"}],"wp:featuredmedia":[{"embeddable":true,"href":"https:\/\/bynature.vn\/vi\/wp-json\/wp\/v2\/media\/7826"}],"wp:attachment":[{"href":"https:\/\/bynature.vn\/vi\/wp-json\/wp\/v2\/media?parent=7847"}],"wp:term":[{"taxonomy":"pwb-brand","embeddable":true,"href":"https:\/\/bynature.vn\/vi\/wp-json\/wp\/v2\/pwb-brand?post=7847"},{"taxonomy":"product_cat","embeddable":true,"href":"https:\/\/bynature.vn\/vi\/wp-json\/wp\/v2\/product_cat?post=7847"},{"taxonomy":"product_tag","embeddable":true,"href":"https:\/\/bynature.vn\/vi\/wp-json\/wp\/v2\/product_tag?post=7847"}],"curies":[{"name":"wp","href":"https:\/\/api.w.org\/{rel}","templated":true}]}}