{"id":7846,"date":"2024-03-04T16:43:44","date_gmt":"2024-03-04T09:43:44","guid":{"rendered":"https:\/\/bynature.vn\/?post_type=product&#038;p=7846"},"modified":"2026-02-07T21:32:15","modified_gmt":"2026-02-07T14:32:15","slug":"muoi-tam-recovery-khuynh-diep-gung","status":"publish","type":"product","link":"https:\/\/bynature.vn\/vi\/product\/muoi-tam-recovery-khuynh-diep-gung\/","title":{"rendered":"Mu\u1ed1i T\u1eafm Recovery (B\u1ea1ch \u0110\u00e0n, G\u1eebng &amp; H\u01b0\u01a1ng Th\u1ea3o) 200g"},"content":{"rendered":"<h6>Mu\u1ed1i t\u1eafm Recovery (b\u1ea1ch \u0111\u00e0n, g\u1eebng &amp; h\u01b0\u01a1ng th\u1ea3o)<\/h6>\n<ul>\n<li style=\"text-align: justify;\">Mu\u1ed1i t\u1eafm c\u1ee7a ch\u00fang t\u00f4i l\u00e0 c\u00e1ch hi\u1ec7u qu\u1ea3 gi\u00fap th\u01b0 gi\u00e3n v\u00e0 ph\u1ee5c h\u1ed3i sau m\u1ed9t ng\u00e0y d\u00e0i. \u0110\u01b0\u1ee3c t\u1ea1o n\u00ean t\u1eeb s\u1ef1 k\u1ebft h\u1ee3p gi\u1eefa tinh d\u1ea7u b\u1ea1ch \u0111\u00e0n, h\u01b0\u01a1ng th\u1ea3o v\u00e0 g\u1eebng nguy\u00ean ch\u1ea5t c\u00f9ng mu\u1ed1i h\u1ed3ng Himalaya, lo\u1ea1i mu\u1ed1i t\u1eafm n\u00e0y mang l\u1ea1i nhi\u1ec1u l\u1ee3i \u00edch cho c\u1ea3 tinh th\u1ea7n v\u00e0 c\u01a1 th\u1ec3. B\u1ea1ch \u0111\u00e0n n\u1ed5i ti\u1ebfng v\u1edbi \u0111\u1eb7c t\u00ednh l\u00e0m d\u1ecbu v\u00e0 c\u00f3 th\u1ec3 gi\u00fap h\u1ed7 tr\u1ee3 c\u00e1c v\u1ea5n \u0111\u1ec1 v\u1ec1 h\u00f4 h\u1ea5p. H\u01b0\u01a1ng th\u1ea3o \u0111\u01b0\u1ee3c bi\u1ebft \u0111\u1ebfn v\u1edbi kh\u1ea3 n\u0103ng t\u0103ng s\u1ef1 minh m\u1eabn v\u00e0 gi\u1ea3m m\u1ee9c \u0111\u1ed9 c\u0103ng th\u1eb3ng. G\u1eebng mang l\u1ea1i c\u1ea3m gi\u00e1c \u1ea5m tr\u00ean da v\u00e0 c\u00f3 th\u1ec3 gi\u00fap gi\u1ea3m \u0111au m\u1ecfi c\u01a1 b\u1eafp. Cu\u1ed1i c\u00f9ng, mu\u1ed1i h\u1ed3ng Himalaya ch\u1ee9a nhi\u1ec1u kho\u00e1ng ch\u1ea5t thi\u1ebft y\u1ebfu gi\u00fap thanh l\u1ecdc v\u00e0 l\u00e0m m\u1edbi c\u01a1 th\u1ec3. Khi s\u1eed d\u1ee5ng mu\u1ed1i t\u1eafm c\u1ee7a ch\u00fang t\u00f4i, b\u1ea1n c\u00f3 th\u1ec3 t\u1ea1o n\u00ean tr\u1ea3i nghi\u1ec7m nh\u01b0 spa t\u1ea1i nh\u00e0 v\u00e0 n\u00e2ng cao s\u1ee9c kh\u1ecfe t\u1ed5ng th\u1ec3.      <\/li>\n<li>\u0110\u1ecdc th\u00eam: <span style=\"text-decoration: underline;\"><span style=\"color: #008000;\"><a style=\"color: #008000; text-decoration: underline;\" href=\"https:\/\/bynature.vn\/4-good-reasons-to-use-natural-skin-care-products\/\">4 Good reasons to use natural skin care products<\/a><\/span><\/span><\/li>\n<\/ul>\n","protected":false},"excerpt":{"rendered":"<p>Mu\u1ed1i t\u1eafm Recovery (b\u1ea1ch \u0111\u00e0n, g\u1eebng &amp; h\u01b0\u01a1ng th\u1ea3o) Mu\u1ed1i t\u1eafm c\u1ee7a ch\u00fang t\u00f4i l\u00e0 c\u00e1ch hi\u1ec7u qu\u1ea3 gi\u00fap th\u01b0 gi\u00e3n v\u00e0 ph\u1ee5c h\u1ed3i sau m\u1ed9t ng\u00e0y d\u00e0i. \u0110\u01b0\u1ee3c t\u1ea1o n\u00ean t\u1eeb s\u1ef1 k\u1ebft h\u1ee3p gi\u1eefa tinh d\u1ea7u b\u1ea1ch \u0111\u00e0n, h\u01b0\u01a1ng th\u1ea3o v\u00e0 g\u1eebng nguy\u00ean ch\u1ea5t c\u00f9ng mu\u1ed1i h\u1ed3ng Himalaya, lo\u1ea1i mu\u1ed1i t\u1eafm n\u00e0y mang &hellip; <\/p>\n<p class=\"link-more\"><a href=\"https:\/\/bynature.vn\/vi\/product\/muoi-tam-recovery-khuynh-diep-gung\/\" class=\"more-link\">Continue reading<span class=\"screen-reader-text\"> &#8220;Mu\u1ed1i T\u1eafm Recovery (B\u1ea1ch \u0110\u00e0n, G\u1eebng &amp; H\u01b0\u01a1ng Th\u1ea3o) 200g&#8221;<\/span><\/a><\/p>\n","protected":false},"featured_media":7839,"template":"","meta":[],"pwb-brand":[293],"product_cat":[422],"product_tag":[],"class_list":{"0":"post-7846","1":"product","2":"type-product","3":"status-publish","4":"has-post-thumbnail","6":"pwb-brand-my-natural-beauty-vi","7":"product_cat-tam","9":"first","10":"instock","11":"shipping-taxable","12":"purchasable","13":"product-type-simple"},"acf":[],"brands":[{"id":293,"name":"My Natural Beauty","slug":"my-natural-beauty-vi"}],"_links":{"self":[{"href":"https:\/\/bynature.vn\/vi\/wp-json\/wp\/v2\/product\/7846","targetHints":{"allow":["GET"]}}],"collection":[{"href":"https:\/\/bynature.vn\/vi\/wp-json\/wp\/v2\/product"}],"about":[{"href":"https:\/\/bynature.vn\/vi\/wp-json\/wp\/v2\/types\/product"}],"wp:featuredmedia":[{"embeddable":true,"href":"https:\/\/bynature.vn\/vi\/wp-json\/wp\/v2\/media\/7839"}],"wp:attachment":[{"href":"https:\/\/bynature.vn\/vi\/wp-json\/wp\/v2\/media?parent=7846"}],"wp:term":[{"taxonomy":"pwb-brand","embeddable":true,"href":"https:\/\/bynature.vn\/vi\/wp-json\/wp\/v2\/pwb-brand?post=7846"},{"taxonomy":"product_cat","embeddable":true,"href":"https:\/\/bynature.vn\/vi\/wp-json\/wp\/v2\/product_cat?post=7846"},{"taxonomy":"product_tag","embeddable":true,"href":"https:\/\/bynature.vn\/vi\/wp-json\/wp\/v2\/product_tag?post=7846"}],"curies":[{"name":"wp","href":"https:\/\/api.w.org\/{rel}","templated":true}]}}