{"id":7586,"date":"2024-01-29T14:27:17","date_gmt":"2024-01-29T07:27:17","guid":{"rendered":"https:\/\/bynature.vn\/?post_type=product&#038;p=7586"},"modified":"2024-03-20T14:51:48","modified_gmt":"2024-03-20T07:51:48","slug":"500g-vu-sua","status":"publish","type":"product","link":"https:\/\/bynature.vn\/vi\/product\/500g-vu-sua\/","title":{"rendered":"500g V\u00fa S\u1eefa"},"content":{"rendered":"<h5>V\u00fa s\u1eefa thu\u1eadn t\u1ef1 nhi\u00ean<\/h5>\n<ul>\n<li id=\"input_line_0\"><span id=\"input_part_0\" class=\"\" data-mention=\"\u0110\u01b0\u1ee3c tr\u1ed3ng v\u00e0 thu ho\u1ea1ch b\u1eb1ng ph\u01b0\u01a1ng ph\u00e1p canh t\u00e1c h\u1eefu c\u01a1 v\u00e0 b\u1ec1n v\u1eefng, tr\u00e1i v\u00fa s\u1eefa c\u1ee7a ch\u00fang t\u00f4i ch\u1ee9a \u0111\u1ea7y ch\u1ea5t dinh d\u01b0\u1ee1ng v\u00e0 h\u01b0\u01a1ng v\u1ecb \u0111\u1eadm \u0111\u00e0. Kh\u00f4ng gi\u1ed1ng nh\u01b0 c\u00e1c lo\u1ea1i tr\u00e1i c\u00e2y kh\u00e1c, v\u00fa s\u1eefa c\u1ee7a ch\u00fang t\u00f4i \u0111\u01b0\u1ee3c h\u00e1i b\u1eb1ng tay \u1edf \u0111\u1ed9 ch\u00edn cao nh\u1ea5t \u0111\u1ec3 \u0111\u1ea3m b\u1ea3o \u0111\u1ed9 ng\u1ecdt v\u00e0 m\u1ecdng n\u01b0\u1edbc t\u1ed1i \u0111a trong m\u1ed7i mi\u1ebfng \u0103n.\">\u0110\u01b0\u1ee3c tr\u1ed3ng v\u00e0 thu ho\u1ea1ch theo h\u01b0\u1edbng canh t\u00e1c h\u1eefu c\u01a1.<\/span><\/li>\n<li><span id=\"input_part_0\" class=\"\" data-mention=\"\u0110\u01b0\u1ee3c tr\u1ed3ng v\u00e0 thu ho\u1ea1ch b\u1eb1ng ph\u01b0\u01a1ng ph\u00e1p canh t\u00e1c h\u1eefu c\u01a1 v\u00e0 b\u1ec1n v\u1eefng, tr\u00e1i v\u00fa s\u1eefa c\u1ee7a ch\u00fang t\u00f4i ch\u1ee9a \u0111\u1ea7y ch\u1ea5t dinh d\u01b0\u1ee1ng v\u00e0 h\u01b0\u01a1ng v\u1ecb \u0111\u1eadm \u0111\u00e0. Kh\u00f4ng gi\u1ed1ng nh\u01b0 c\u00e1c lo\u1ea1i tr\u00e1i c\u00e2y kh\u00e1c, v\u00fa s\u1eefa c\u1ee7a ch\u00fang t\u00f4i \u0111\u01b0\u1ee3c h\u00e1i b\u1eb1ng tay \u1edf \u0111\u1ed9 ch\u00edn cao nh\u1ea5t \u0111\u1ec3 \u0111\u1ea3m b\u1ea3o \u0111\u1ed9 ng\u1ecdt v\u00e0 m\u1ecdng n\u01b0\u1edbc t\u1ed1i \u0111a trong m\u1ed7i mi\u1ebfng \u0103n.\">H\u01b0\u01a1ng v\u1ecb \u0111\u1eadm \u0111\u00e0 v\u00e0 ch\u1ee9a nhi\u1ec1u dinh d\u01b0\u1ee1ng, gi\u00e0u ch\u1ea5t ch\u1ed1ng oxy ho\u00e1, vitamin, ch\u1ea5t x\u01a1 v\u00e0 kho\u00e1ng ch\u1ea5t.<\/span><span id=\"input_part_0\" class=\"\" data-mention=\"V\u00fa s\u1eefa c\u1ee7a ch\u00fang t\u00f4i kh\u00f4ng ch\u1ec9 ngon m\u00e0 c\u00f2n mang l\u1ea1i nhi\u1ec1u l\u1ee3i \u00edch cho s\u1ee9c kh\u1ecfe. N\u00f3 l\u00e0 m\u1ed9t ngu\u1ed3n gi\u00e0u ch\u1ea5t ch\u1ed1ng oxy h\u00f3a, vitamin v\u00e0 kho\u00e1ng ch\u1ea5t c\u00f3 th\u1ec3 t\u0103ng c\u01b0\u1eddng h\u1ec7 th\u1ed1ng mi\u1ec5n d\u1ecbch c\u1ee7a b\u1ea1n v\u00e0 b\u1ea3o v\u1ec7 ch\u1ed1ng l\u1ea1i b\u1ec7nh t\u1eadt. V\u1edbi h\u00e0m l\u01b0\u1ee3ng ch\u1ea5t x\u01a1 cao, n\u00f3 c\u00f3 th\u1ec3 h\u1ed7 tr\u1ee3 ti\u00eau h\u00f3a v\u00e0 gi\u00fap b\u1ea1n c\u1ea3m th\u1ea5y no l\u00e2u h\u01a1n.\"><\/span><\/li>\n<\/ul>\n<p>\u0110\u1ecdc th\u00eam: <span style=\"color: #008000;\"><a style=\"color: #008000;\" href=\"https:\/\/bynature.vn\/vi\/vi-sao-an-trai-cay-lai-tot-cho-suc-khoe\/\">V\u00ec sao \u0103n tr\u00e1i c\u00e2y l\u1ea1i t\u1ed1t cho s\u1ee9c kh\u1ecfe?<\/a><\/span><\/p>\n","protected":false},"excerpt":{"rendered":"<p>V\u00fa s\u1eefa thu\u1eadn t\u1ef1 nhi\u00ean \u0110\u01b0\u1ee3c tr\u1ed3ng v\u00e0 thu ho\u1ea1ch theo h\u01b0\u1edbng canh t\u00e1c h\u1eefu c\u01a1. H\u01b0\u01a1ng v\u1ecb \u0111\u1eadm \u0111\u00e0 v\u00e0 ch\u1ee9a nhi\u1ec1u dinh d\u01b0\u1ee1ng, gi\u00e0u ch\u1ea5t ch\u1ed1ng oxy ho\u00e1, vitamin, ch\u1ea5t x\u01a1 v\u00e0 kho\u00e1ng ch\u1ea5t. \u0110\u1ecdc th\u00eam: V\u00ec sao \u0103n tr\u00e1i c\u00e2y l\u1ea1i t\u1ed1t cho s\u1ee9c kh\u1ecfe?<\/p>\n","protected":false},"featured_media":7104,"template":"","meta":[],"pwb-brand":[],"product_cat":[239],"product_tag":[],"class_list":{"0":"post-7586","1":"product","2":"type-product","3":"status-publish","4":"has-post-thumbnail","6":"product_cat-trai-cay","8":"first","9":"out_of_season","10":"shipping-taxable","11":"product-type-simple"},"acf":[],"brands":[],"_links":{"self":[{"href":"https:\/\/bynature.vn\/vi\/wp-json\/wp\/v2\/product\/7586","targetHints":{"allow":["GET"]}}],"collection":[{"href":"https:\/\/bynature.vn\/vi\/wp-json\/wp\/v2\/product"}],"about":[{"href":"https:\/\/bynature.vn\/vi\/wp-json\/wp\/v2\/types\/product"}],"wp:featuredmedia":[{"embeddable":true,"href":"https:\/\/bynature.vn\/vi\/wp-json\/wp\/v2\/media\/7104"}],"wp:attachment":[{"href":"https:\/\/bynature.vn\/vi\/wp-json\/wp\/v2\/media?parent=7586"}],"wp:term":[{"taxonomy":"pwb-brand","embeddable":true,"href":"https:\/\/bynature.vn\/vi\/wp-json\/wp\/v2\/pwb-brand?post=7586"},{"taxonomy":"product_cat","embeddable":true,"href":"https:\/\/bynature.vn\/vi\/wp-json\/wp\/v2\/product_cat?post=7586"},{"taxonomy":"product_tag","embeddable":true,"href":"https:\/\/bynature.vn\/vi\/wp-json\/wp\/v2\/product_tag?post=7586"}],"curies":[{"name":"wp","href":"https:\/\/api.w.org\/{rel}","templated":true}]}}