{"id":7585,"date":"2024-01-29T14:31:48","date_gmt":"2024-01-29T07:31:48","guid":{"rendered":"https:\/\/bynature.vn\/?post_type=product&#038;p=7585"},"modified":"2024-03-20T14:47:36","modified_gmt":"2024-03-20T07:47:36","slug":"dua-luoi-ruot-cam-huu-co-trai-khoang-3kg","status":"publish","type":"product","link":"https:\/\/bynature.vn\/vi\/product\/dua-luoi-ruot-cam-huu-co-trai-khoang-3kg\/","title":{"rendered":"D\u01b0a L\u01b0\u1edbi Ru\u1ed9t Cam H\u1eefu C\u01a1 (tr\u00e1i kho\u1ea3ng 3kg)"},"content":{"rendered":"<h5 id=\"input_line_0\" style=\"text-align: justify;\"><span id=\"input_part_0\" class=\"\" data-mention=\"D\u01b0a l\u01b0\u1edbi h\u1eefu c\u01a1 (b\u00ean trong c\u00f3 m\u00e0u cam)\">D\u01b0a l\u01b0\u1edbi h\u1eefu c\u01a1<\/span><\/h5>\n<ul>\n<li id=\"input_line_1\" style=\"text-align: justify;\"><span id=\"input_part_0\" class=\"\" data-mention=\"\u0110\u01b0\u1ee3c tr\u1ed3ng c\u1ea9n th\u1eadn v\u00e0 kh\u00f4ng s\u1eed d\u1ee5ng c\u00e1c h\u00f3a ch\u1ea5t \u0111\u1ed9c h\u1ea1i, d\u01b0a \u0111\u1ecf h\u1eefu c\u01a1 c\u1ee7a ch\u00fang t\u00f4i ch\u1ee9a \u0111\u1ea7y h\u01b0\u01a1ng v\u1ecb v\u00e0 nhi\u1ec1u l\u1ee3i \u00edch cho s\u1ee9c kh\u1ecfe. V\u1edbi h\u01b0\u01a1ng v\u1ecb ng\u1ecdt ng\u00e0o v\u00e0 s\u1ea3ng kho\u00e1i, d\u01b0a \u0111\u1ecf h\u1eefu c\u01a1 c\u1ee7a ch\u00fang t\u00f4i s\u1ebd l\u00e0m th\u1ecfa m\u00e3n v\u1ecb gi\u00e1c c\u1ee7a b\u1ea1n v\u00e0 khi\u1ebfn b\u1ea1n th\u00e8m \u0103n th\u00eam.\">Kh\u00f4ng thu\u1ed1c tr\u1eeb s\u00e2u v\u00e0 ho\u00e1 ch\u1ea5t \u0111\u1ed9c h\u1ea1i<\/span><\/li>\n<li style=\"text-align: justify;\"><span id=\"input_part_0\" class=\"\" data-mention=\"\u0110\u01b0\u1ee3c tr\u1ed3ng c\u1ea9n th\u1eadn v\u00e0 kh\u00f4ng s\u1eed d\u1ee5ng c\u00e1c h\u00f3a ch\u1ea5t \u0111\u1ed9c h\u1ea1i, d\u01b0a \u0111\u1ecf h\u1eefu c\u01a1 c\u1ee7a ch\u00fang t\u00f4i ch\u1ee9a \u0111\u1ea7y h\u01b0\u01a1ng v\u1ecb v\u00e0 nhi\u1ec1u l\u1ee3i \u00edch cho s\u1ee9c kh\u1ecfe. V\u1edbi h\u01b0\u01a1ng v\u1ecb ng\u1ecdt ng\u00e0o v\u00e0 s\u1ea3ng kho\u00e1i, d\u01b0a \u0111\u1ecf h\u1eefu c\u01a1 c\u1ee7a ch\u00fang t\u00f4i s\u1ebd l\u00e0m th\u1ecfa m\u00e3n v\u1ecb gi\u00e1c c\u1ee7a b\u1ea1n v\u00e0 khi\u1ebfn b\u1ea1n th\u00e8m \u0103n th\u00eam.\">D\u01b0a l\u01b0\u1edbi h\u1eefu c\u01a1 th\u01a1m ngon, m\u00e1t l\u00e0nh, gi\u00e0u vitamin A, C, kali, ch\u1ea5t x\u01a1 v\u00e0 kho\u00e1ng ch\u1ea5t t\u1ed1t cho c\u01a1 th\u1ec3, gi\u00fap t\u0103ng c\u01b0\u1eddng h\u1ec7 th\u1ed1ng mi\u1ec5n d\u1ecbch, c\u1ea3i thi\u1ec7n ti\u00eau h\u00f3a, t\u1ed1t cho m\u1eaft, kho\u1ebb cho da.<\/span><span id=\"input_part_0\" class=\"\" data-mention=\"Nh\u01b0ng \u0111\u00f3 kh\u00f4ng ph\u1ea3i l\u00e0 t\u1ea5t c\u1ea3, d\u01b0a \u0111\u1ecf h\u1eefu c\u01a1 c\u1ee7a ch\u00fang t\u00f4i c\u00f2n l\u00e0 ngu\u1ed3n cung c\u1ea5p vitamin A v\u00e0 C tuy\u1ec7t v\u1eddi, c\u0169ng nh\u01b0 kali v\u00e0 ch\u1ea5t x\u01a1. Nh\u1eefng ch\u1ea5t dinh d\u01b0\u1ee1ng thi\u1ebft y\u1ebfu n\u00e0y gi\u00fap t\u0103ng c\u01b0\u1eddng h\u1ec7 th\u1ed1ng mi\u1ec5n d\u1ecbch, c\u1ea3i thi\u1ec7n ti\u00eau h\u00f3a v\u00e0 duy tr\u00ec l\u00e0n da v\u00e0 th\u1ecb l\u1ef1c kh\u1ecfe m\u1ea1nh.\"><\/span><\/li>\n<\/ul>\n<p>\u0110\u1ecdc th\u00eam: <span style=\"color: #008000;\"><a style=\"color: #008000;\" href=\"https:\/\/bynature.vn\/vi\/vi-sao-an-trai-cay-lai-tot-cho-suc-khoe\/\">V\u00ec sao \u0103n tr\u00e1i c\u00e2y l\u1ea1i t\u1ed1t cho s\u1ee9c kh\u1ecfe?<\/a><\/span><\/p>\n","protected":false},"excerpt":{"rendered":"<p>D\u01b0a l\u01b0\u1edbi h\u1eefu c\u01a1 Kh\u00f4ng thu\u1ed1c tr\u1eeb s\u00e2u v\u00e0 ho\u00e1 ch\u1ea5t \u0111\u1ed9c h\u1ea1i D\u01b0a l\u01b0\u1edbi h\u1eefu c\u01a1 th\u01a1m ngon, m\u00e1t l\u00e0nh, gi\u00e0u vitamin A, C, kali, ch\u1ea5t x\u01a1 v\u00e0 kho\u00e1ng ch\u1ea5t t\u1ed1t cho c\u01a1 th\u1ec3, gi\u00fap t\u0103ng c\u01b0\u1eddng h\u1ec7 th\u1ed1ng mi\u1ec5n d\u1ecbch, c\u1ea3i thi\u1ec7n ti\u00eau h\u00f3a, t\u1ed1t cho m\u1eaft, kho\u1ebb cho da. \u0110\u1ecdc th\u00eam: V\u00ec &hellip; <\/p>\n<p class=\"link-more\"><a href=\"https:\/\/bynature.vn\/vi\/product\/dua-luoi-ruot-cam-huu-co-trai-khoang-3kg\/\" class=\"more-link\">Continue reading<span class=\"screen-reader-text\"> &#8220;D\u01b0a L\u01b0\u1edbi Ru\u1ed9t Cam H\u1eefu C\u01a1 (tr\u00e1i kho\u1ea3ng 3kg)&#8221;<\/span><\/a><\/p>\n","protected":false},"featured_media":3411,"template":"","meta":[],"pwb-brand":[],"product_cat":[239],"product_tag":[],"class_list":{"0":"post-7585","1":"product","2":"type-product","3":"status-publish","4":"has-post-thumbnail","6":"product_cat-trai-cay","8":"first","9":"out_of_season","10":"shipping-taxable","11":"product-type-simple"},"acf":[],"brands":[],"_links":{"self":[{"href":"https:\/\/bynature.vn\/vi\/wp-json\/wp\/v2\/product\/7585","targetHints":{"allow":["GET"]}}],"collection":[{"href":"https:\/\/bynature.vn\/vi\/wp-json\/wp\/v2\/product"}],"about":[{"href":"https:\/\/bynature.vn\/vi\/wp-json\/wp\/v2\/types\/product"}],"wp:featuredmedia":[{"embeddable":true,"href":"https:\/\/bynature.vn\/vi\/wp-json\/wp\/v2\/media\/3411"}],"wp:attachment":[{"href":"https:\/\/bynature.vn\/vi\/wp-json\/wp\/v2\/media?parent=7585"}],"wp:term":[{"taxonomy":"pwb-brand","embeddable":true,"href":"https:\/\/bynature.vn\/vi\/wp-json\/wp\/v2\/pwb-brand?post=7585"},{"taxonomy":"product_cat","embeddable":true,"href":"https:\/\/bynature.vn\/vi\/wp-json\/wp\/v2\/product_cat?post=7585"},{"taxonomy":"product_tag","embeddable":true,"href":"https:\/\/bynature.vn\/vi\/wp-json\/wp\/v2\/product_tag?post=7585"}],"curies":[{"name":"wp","href":"https:\/\/api.w.org\/{rel}","templated":true}]}}