{"id":6986,"date":"2023-11-14T12:49:20","date_gmt":"2023-11-14T05:49:20","guid":{"rendered":"https:\/\/bynature.vn\/?post_type=product&#038;p=6986"},"modified":"2026-02-09T10:36:40","modified_gmt":"2026-02-09T03:36:40","slug":"ban-chai-danh-rang-bang-tre-mau-den","status":"publish","type":"product","link":"https:\/\/bynature.vn\/vi\/product\/ban-chai-danh-rang-bang-tre-mau-den\/","title":{"rendered":"B\u00e0n Ch\u1ea3i \u0110\u00e1nh R\u0103ng Tre (\u0110en)"},"content":{"rendered":"<h6>B\u00e0n ch\u1ea3i \u0111\u00e1nh r\u0103ng tre (\u0111en)<\/h6>\n<p>\u0110\u1ecdc Th\u00eam: <span style=\"text-decoration: underline; color: #008000;\"><a style=\"color: #008000; text-decoration: underline;\" href=\"https:\/\/bynature.vn\/4-good-reasons-to-use-natural-skin-care-products\/\">4 l\u00fd do n\u00ean s\u1eed d\u1ee5ng s\u1ea3n ph\u1ea9m ch\u0103m s\u00f3c da t\u1ef1 nhi\u00ean<\/a><\/span><\/p>\n","protected":false},"excerpt":{"rendered":"<p>B\u00e0n ch\u1ea3i \u0111\u00e1nh r\u0103ng tre (\u0111en) \u0110\u1ecdc Th\u00eam: 4 l\u00fd do n\u00ean s\u1eed d\u1ee5ng s\u1ea3n ph\u1ea9m ch\u0103m s\u00f3c da t\u1ef1 nhi\u00ean<\/p>\n","protected":false},"featured_media":1540,"template":"","meta":[],"pwb-brand":[293],"product_cat":[406,185],"product_tag":[],"class_list":{"0":"post-6986","1":"product","2":"type-product","3":"status-publish","4":"has-post-thumbnail","6":"pwb-brand-my-natural-beauty-vi","7":"product_cat-cham-soc-rang-mieng","8":"product_cat-suc-khoe-lam-dep","10":"first","11":"instock","12":"purchasable","13":"product-type-simple"},"acf":[],"brands":[{"id":293,"name":"My Natural Beauty","slug":"my-natural-beauty-vi"}],"_links":{"self":[{"href":"https:\/\/bynature.vn\/vi\/wp-json\/wp\/v2\/product\/6986","targetHints":{"allow":["GET"]}}],"collection":[{"href":"https:\/\/bynature.vn\/vi\/wp-json\/wp\/v2\/product"}],"about":[{"href":"https:\/\/bynature.vn\/vi\/wp-json\/wp\/v2\/types\/product"}],"wp:featuredmedia":[{"embeddable":true,"href":"https:\/\/bynature.vn\/vi\/wp-json\/wp\/v2\/media\/1540"}],"wp:attachment":[{"href":"https:\/\/bynature.vn\/vi\/wp-json\/wp\/v2\/media?parent=6986"}],"wp:term":[{"taxonomy":"pwb-brand","embeddable":true,"href":"https:\/\/bynature.vn\/vi\/wp-json\/wp\/v2\/pwb-brand?post=6986"},{"taxonomy":"product_cat","embeddable":true,"href":"https:\/\/bynature.vn\/vi\/wp-json\/wp\/v2\/product_cat?post=6986"},{"taxonomy":"product_tag","embeddable":true,"href":"https:\/\/bynature.vn\/vi\/wp-json\/wp\/v2\/product_tag?post=6986"}],"curies":[{"name":"wp","href":"https:\/\/api.w.org\/{rel}","templated":true}]}}