{"id":6953,"date":"2023-12-15T16:05:21","date_gmt":"2023-12-15T09:05:21","guid":{"rendered":"https:\/\/bynature.vn\/?post_type=product&#038;p=6953"},"modified":"2024-04-04T15:22:07","modified_gmt":"2024-04-04T08:22:07","slug":"xit-thom-vai-tuoi-mat-sach-se-atman","status":"publish","type":"product","link":"https:\/\/bynature.vn\/vi\/product\/xit-thom-vai-tuoi-mat-sach-se-atman\/","title":{"rendered":"X\u1ecbt Th\u01a1m V\u1ea3i (T\u01b0\u01a1i M\u00e1t &#038; S\u1ea1ch S\u1ebd)"},"content":{"rendered":"<h6 dir=\"ltr\" style=\"text-align: justify;\" data-placeholder=\"Translation\" data-ved=\"2ahUKEwjezd22lvODAxXMp1YBHeWzAjUQ3ewLegQIBRAQ\">X\u1ecbt th\u01a1m v\u1ea3i (T\u01b0\u01a1i m\u00e1t &amp; s\u1ea1ch s\u1ebd)<\/h6>\n<p id=\"tw-target-text\" class=\"tw-data-text tw-text-large tw-ta\" dir=\"ltr\" style=\"text-align: justify;\" data-placeholder=\"Translation\" data-ved=\"2ahUKEwjezd22lvODAxXMp1YBHeWzAjUQ3ewLegQIBRAQ\"><span class=\"Y2IQFc\" lang=\"vi\">H\u1ed7n h\u1ee3p c\u1ee7a tinh d\u1ea7u h\u01b0\u01a1ng th\u1ea3o v\u00e0 tinh d\u1ea7u chanh. M\u1ed9t s\u1ea3n ph\u1ea9m kh\u1eed m\u00f9i nh\u00e0 c\u1eeda tuy\u1ec7t v\u1eddi ho\u1eb7c \u0111\u1ec3 di\u1ec7t b\u1ecd, mu\u1ed7i v\u00e0 c\u00e1c c\u00f4n tr\u00f9ng kh\u00e1c ho\u1eb7c \u0111\u1ec3 trung h\u00f2a m\u00f9i n\u1ea5u n\u01b0\u1edbng n\u1ed3ng n\u1eb7c. \u0110\u01b0\u1ee3c l\u00e0m t\u1eeb tinh d\u1ea7u nguy\u00ean ch\u1ea5t v\u00e0 kh\u00f4ng s\u1eed d\u1ee5ng h\u00f3a ch\u1ea5t. C\u00f3 th\u1ec3 d\u00f9ng \u0111\u1ec3 x\u1ecbt v\u1ea3i, x\u1ecbt ph\u00f2ng hay th\u1eadm ch\u00ed l\u00e0 x\u1ecbt l\u00ean c\u01a1 th\u1ec3.<\/span><\/p>\n<p dir=\"ltr\" style=\"text-align: justify;\" data-placeholder=\"Translation\" data-ved=\"2ahUKEwjezd22lvODAxXMp1YBHeWzAjUQ3ewLegQIBRAQ\">\u0110\u1ecdc th\u00eam:<span style=\"text-decoration: underline; color: #008000;\"> <a style=\"color: #008000; text-decoration: underline;\" href=\"https:\/\/bynature.vn\/vi\/5-loi-ich-tuyet-voi-cua-my-pham-thien-nhien\/\">5 l\u1ee3i \u00edch tuy\u1ec7t v\u1eddi c\u1ee7a m\u1ef9 ph\u1ea9m thi\u00ean nhi\u00ean<\/a><\/span><\/p>\n","protected":false},"excerpt":{"rendered":"<p>X\u1ecbt th\u01a1m v\u1ea3i (T\u01b0\u01a1i m\u00e1t &amp; s\u1ea1ch s\u1ebd) H\u1ed7n h\u1ee3p c\u1ee7a tinh d\u1ea7u h\u01b0\u01a1ng th\u1ea3o v\u00e0 tinh d\u1ea7u chanh. M\u1ed9t s\u1ea3n ph\u1ea9m kh\u1eed m\u00f9i nh\u00e0 c\u1eeda tuy\u1ec7t v\u1eddi ho\u1eb7c \u0111\u1ec3 di\u1ec7t b\u1ecd, mu\u1ed7i v\u00e0 c\u00e1c c\u00f4n tr\u00f9ng kh\u00e1c ho\u1eb7c \u0111\u1ec3 trung h\u00f2a m\u00f9i n\u1ea5u n\u01b0\u1edbng n\u1ed3ng n\u1eb7c. \u0110\u01b0\u1ee3c l\u00e0m t\u1eeb tinh d\u1ea7u nguy\u00ean ch\u1ea5t v\u00e0 &hellip; <\/p>\n<p class=\"link-more\"><a href=\"https:\/\/bynature.vn\/vi\/product\/xit-thom-vai-tuoi-mat-sach-se-atman\/\" class=\"more-link\">Continue reading<span class=\"screen-reader-text\"> &#8220;X\u1ecbt Th\u01a1m V\u1ea3i (T\u01b0\u01a1i M\u00e1t &#038; S\u1ea1ch S\u1ebd)&#8221;<\/span><\/a><\/p>\n","protected":false},"featured_media":5903,"template":"","meta":[],"pwb-brand":[417],"product_cat":[405,185,194,204],"product_tag":[],"class_list":{"0":"post-6953","1":"product","2":"type-product","3":"status-publish","4":"has-post-thumbnail","6":"pwb-brand-atman-vi","7":"product_cat-chong-con-trung","8":"product_cat-suc-khoe-lam-dep","9":"product_cat-tinh-dau-xit-thom","10":"product_cat-xit-thom","12":"first","13":"instock","14":"shipping-taxable","15":"purchasable","16":"product-type-simple"},"acf":[],"brands":[{"id":417,"name":"Atman","slug":"atman-vi"}],"_links":{"self":[{"href":"https:\/\/bynature.vn\/vi\/wp-json\/wp\/v2\/product\/6953","targetHints":{"allow":["GET"]}}],"collection":[{"href":"https:\/\/bynature.vn\/vi\/wp-json\/wp\/v2\/product"}],"about":[{"href":"https:\/\/bynature.vn\/vi\/wp-json\/wp\/v2\/types\/product"}],"wp:featuredmedia":[{"embeddable":true,"href":"https:\/\/bynature.vn\/vi\/wp-json\/wp\/v2\/media\/5903"}],"wp:attachment":[{"href":"https:\/\/bynature.vn\/vi\/wp-json\/wp\/v2\/media?parent=6953"}],"wp:term":[{"taxonomy":"pwb-brand","embeddable":true,"href":"https:\/\/bynature.vn\/vi\/wp-json\/wp\/v2\/pwb-brand?post=6953"},{"taxonomy":"product_cat","embeddable":true,"href":"https:\/\/bynature.vn\/vi\/wp-json\/wp\/v2\/product_cat?post=6953"},{"taxonomy":"product_tag","embeddable":true,"href":"https:\/\/bynature.vn\/vi\/wp-json\/wp\/v2\/product_tag?post=6953"}],"curies":[{"name":"wp","href":"https:\/\/api.w.org\/{rel}","templated":true}]}}