{"id":6950,"date":"2023-12-15T15:50:08","date_gmt":"2023-12-15T08:50:08","guid":{"rendered":"https:\/\/bynature.vn\/?post_type=product&#038;p=6950"},"modified":"2024-04-04T15:12:51","modified_gmt":"2024-04-04T08:12:51","slug":"xit-thom-toc-nuoc-hoa-toc-atman","status":"publish","type":"product","link":"https:\/\/bynature.vn\/vi\/product\/xit-thom-toc-nuoc-hoa-toc-atman\/","title":{"rendered":"X\u1ecbt Th\u01a1m T\u00f3c (N\u01b0\u1edbc Hoa T\u00f3c)"},"content":{"rendered":"<h6 dir=\"ltr\" style=\"text-align: justify;\" data-placeholder=\"Translation\" data-ved=\"2ahUKEwjezd22lvODAxXMp1YBHeWzAjUQ3ewLegQIBRAQ\">X\u1ecbt th\u01a1m t\u00f3c (N\u01b0\u1edbc hoa t\u00f3c)<\/h6>\n<p id=\"tw-target-text\" class=\"tw-data-text tw-text-large tw-ta\" dir=\"ltr\" style=\"text-align: justify;\" data-placeholder=\"Translation\" data-ved=\"2ahUKEwjezd22lvODAxXMp1YBHeWzAjUQ3ewLegQIBRAQ\"><span class=\"Y2IQFc\" lang=\"vi\">H\u01b0\u01a1ng th\u01a1m tinh t\u1ebf c\u1ee7a tinh d\u1ea7u ng\u1ecdc lan t\u00e2y, h\u01b0\u01a1ng th\u1ea3o, hoa o\u1ea3i h\u01b0\u01a1ng v\u00e0 hoa hu\u1ec7 nguy\u00ean ch\u1ea5t \u0111\u01b0\u1ee3c ng\u00e2m trong n\u01b0\u1edbc hoa h\u1ed3ng, lo\u1ea1i n\u01b0\u1edbc hoa d\u00e0nh cho t\u00f3c n\u00e0y c\u00f3 th\u1ec3 gi\u00fap m\u1ecdc t\u00f3c v\u00e0 r\u1ee5ng t\u00f3c \u0111\u1ed3ng th\u1eddi gi\u1eef cho ch\u00fang lu\u00f4n tr\u00e0n ng\u1eadp h\u01b0\u01a1ng th\u01a1m. \u0110\u01b0\u1ee3c l\u00e0m b\u1eb1ng tinh d\u1ea7u nguy\u00ean ch\u1ea5t v\u00e0 n\u01b0\u1edbc hoa h\u1ed3ng. Kh\u00f4ng c\u00f3 h\u00f3a ch\u1ea5t.<\/span><\/p>\n<p dir=\"ltr\" style=\"text-align: justify;\" data-placeholder=\"Translation\" data-ved=\"2ahUKEwjezd22lvODAxXMp1YBHeWzAjUQ3ewLegQIBRAQ\">\u0110\u1ecdc th\u00eam:<span style=\"text-decoration: underline; color: #008000;\"> <a style=\"color: #008000; text-decoration: underline;\" href=\"https:\/\/bynature.vn\/vi\/5-loi-ich-tuyet-voi-cua-my-pham-thien-nhien\/\">5 l\u1ee3i \u00edch tuy\u1ec7t v\u1eddi c\u1ee7a m\u1ef9 ph\u1ea9m thi\u00ean nhi\u00ean<\/a><\/span><\/p>\n","protected":false},"excerpt":{"rendered":"<p>X\u1ecbt th\u01a1m t\u00f3c (N\u01b0\u1edbc hoa t\u00f3c) H\u01b0\u01a1ng th\u01a1m tinh t\u1ebf c\u1ee7a tinh d\u1ea7u ng\u1ecdc lan t\u00e2y, h\u01b0\u01a1ng th\u1ea3o, hoa o\u1ea3i h\u01b0\u01a1ng v\u00e0 hoa hu\u1ec7 nguy\u00ean ch\u1ea5t \u0111\u01b0\u1ee3c ng\u00e2m trong n\u01b0\u1edbc hoa h\u1ed3ng, lo\u1ea1i n\u01b0\u1edbc hoa d\u00e0nh cho t\u00f3c n\u00e0y c\u00f3 th\u1ec3 gi\u00fap m\u1ecdc t\u00f3c v\u00e0 r\u1ee5ng t\u00f3c \u0111\u1ed3ng th\u1eddi gi\u1eef cho ch\u00fang lu\u00f4n tr\u00e0n ng\u1eadp &hellip; <\/p>\n<p class=\"link-more\"><a href=\"https:\/\/bynature.vn\/vi\/product\/xit-thom-toc-nuoc-hoa-toc-atman\/\" class=\"more-link\">Continue reading<span class=\"screen-reader-text\"> &#8220;X\u1ecbt Th\u01a1m T\u00f3c (N\u01b0\u1edbc Hoa T\u00f3c)&#8221;<\/span><\/a><\/p>\n","protected":false},"featured_media":5893,"template":"","meta":[],"pwb-brand":[417],"product_cat":[198,185],"product_tag":[],"class_list":{"0":"post-6950","1":"product","2":"type-product","3":"status-publish","4":"has-post-thumbnail","6":"pwb-brand-atman-vi","7":"product_cat-dau-xa","8":"product_cat-suc-khoe-lam-dep","10":"first","11":"instock","12":"shipping-taxable","13":"purchasable","14":"product-type-simple"},"acf":[],"brands":[{"id":417,"name":"Atman","slug":"atman-vi"}],"_links":{"self":[{"href":"https:\/\/bynature.vn\/vi\/wp-json\/wp\/v2\/product\/6950","targetHints":{"allow":["GET"]}}],"collection":[{"href":"https:\/\/bynature.vn\/vi\/wp-json\/wp\/v2\/product"}],"about":[{"href":"https:\/\/bynature.vn\/vi\/wp-json\/wp\/v2\/types\/product"}],"wp:featuredmedia":[{"embeddable":true,"href":"https:\/\/bynature.vn\/vi\/wp-json\/wp\/v2\/media\/5893"}],"wp:attachment":[{"href":"https:\/\/bynature.vn\/vi\/wp-json\/wp\/v2\/media?parent=6950"}],"wp:term":[{"taxonomy":"pwb-brand","embeddable":true,"href":"https:\/\/bynature.vn\/vi\/wp-json\/wp\/v2\/pwb-brand?post=6950"},{"taxonomy":"product_cat","embeddable":true,"href":"https:\/\/bynature.vn\/vi\/wp-json\/wp\/v2\/product_cat?post=6950"},{"taxonomy":"product_tag","embeddable":true,"href":"https:\/\/bynature.vn\/vi\/wp-json\/wp\/v2\/product_tag?post=6950"}],"curies":[{"name":"wp","href":"https:\/\/api.w.org\/{rel}","templated":true}]}}