{"id":6949,"date":"2023-12-15T15:52:34","date_gmt":"2023-12-15T08:52:34","guid":{"rendered":"https:\/\/bynature.vn\/?post_type=product&#038;p=6949"},"modified":"2026-02-07T22:40:10","modified_gmt":"2026-02-07T15:40:10","slug":"xit-chong-con-trung-atman","status":"publish","type":"product","link":"https:\/\/bynature.vn\/vi\/product\/xit-chong-con-trung-atman\/","title":{"rendered":"X\u1ecbt Ch\u1ed1ng C\u00f4n Tr\u00f9ng"},"content":{"rendered":"<h6>X\u1ecbt ch\u1ed1ng c\u00f4n tr\u00f9ng Atman<\/h6>\n<p style=\"text-align: justify;\">X\u1ecbt ch\u1ed1ng c\u00f4n tr\u00f9ng \u0111\u01b0\u1ee3c l\u00e0m t\u1eeb tinh d\u1ea7u nguy\u00ean ch\u1ea5t hoa phong l\u1eef, h\u01b0\u01a1ng th\u1ea3o v\u00e0 s\u1ea3 chanh ng\u00e2m trong d\u1ea7u th\u1ea7u d\u1ea7u, ti\u1ec7n mang theo khi \u0111i du l\u1ecbch, gi\u00fap da m\u1ec1m m\u1ea1i v\u00e0 h\u1ed7 tr\u1ee3 xua \u0111u\u1ed5i mu\u1ed7i, c\u00f4n tr\u00f9ng hi\u1ec7u qu\u1ea3. <\/p>\n<p><span style=\"color: #008000;\"><a style=\"color: #008000; text-decoration: underline;\" href=\"https:\/\/bynature.vn\/brand\/atman\/\">Mua s\u1eafm th\u00eam s\u1ea3n ph\u1ea9m Atman<\/a><\/span><\/p>\n","protected":false},"excerpt":{"rendered":"<p>X\u1ecbt ch\u1ed1ng c\u00f4n tr\u00f9ng Atman X\u1ecbt ch\u1ed1ng c\u00f4n tr\u00f9ng \u0111\u01b0\u1ee3c l\u00e0m t\u1eeb tinh d\u1ea7u nguy\u00ean ch\u1ea5t hoa phong l\u1eef, h\u01b0\u01a1ng th\u1ea3o v\u00e0 s\u1ea3 chanh ng\u00e2m trong d\u1ea7u th\u1ea7u d\u1ea7u, ti\u1ec7n mang theo khi \u0111i du l\u1ecbch, gi\u00fap da m\u1ec1m m\u1ea1i v\u00e0 h\u1ed7 tr\u1ee3 xua \u0111u\u1ed5i mu\u1ed7i, c\u00f4n tr\u00f9ng hi\u1ec7u qu\u1ea3. Mua s\u1eafm th\u00eam s\u1ea3n ph\u1ea9m &hellip; <\/p>\n<p class=\"link-more\"><a href=\"https:\/\/bynature.vn\/vi\/product\/xit-chong-con-trung-atman\/\" class=\"more-link\">Continue reading<span class=\"screen-reader-text\"> &#8220;X\u1ecbt Ch\u1ed1ng C\u00f4n Tr\u00f9ng&#8221;<\/span><\/a><\/p>\n","protected":false},"featured_media":5895,"template":"","meta":[],"pwb-brand":[417],"product_cat":[405,185,194,204],"product_tag":[],"class_list":{"0":"post-6949","1":"product","2":"type-product","3":"status-publish","4":"has-post-thumbnail","6":"pwb-brand-atman-vi","7":"product_cat-chong-con-trung","8":"product_cat-suc-khoe-lam-dep","9":"product_cat-tinh-dau-xit-thom","10":"product_cat-xit-thom","12":"first","13":"instock","14":"shipping-taxable","15":"purchasable","16":"product-type-simple"},"acf":[],"brands":[{"id":417,"name":"Atman","slug":"atman-vi"}],"_links":{"self":[{"href":"https:\/\/bynature.vn\/vi\/wp-json\/wp\/v2\/product\/6949","targetHints":{"allow":["GET"]}}],"collection":[{"href":"https:\/\/bynature.vn\/vi\/wp-json\/wp\/v2\/product"}],"about":[{"href":"https:\/\/bynature.vn\/vi\/wp-json\/wp\/v2\/types\/product"}],"wp:featuredmedia":[{"embeddable":true,"href":"https:\/\/bynature.vn\/vi\/wp-json\/wp\/v2\/media\/5895"}],"wp:attachment":[{"href":"https:\/\/bynature.vn\/vi\/wp-json\/wp\/v2\/media?parent=6949"}],"wp:term":[{"taxonomy":"pwb-brand","embeddable":true,"href":"https:\/\/bynature.vn\/vi\/wp-json\/wp\/v2\/pwb-brand?post=6949"},{"taxonomy":"product_cat","embeddable":true,"href":"https:\/\/bynature.vn\/vi\/wp-json\/wp\/v2\/product_cat?post=6949"},{"taxonomy":"product_tag","embeddable":true,"href":"https:\/\/bynature.vn\/vi\/wp-json\/wp\/v2\/product_tag?post=6949"}],"curies":[{"name":"wp","href":"https:\/\/api.w.org\/{rel}","templated":true}]}}