{"id":6503,"date":"2024-01-05T09:06:09","date_gmt":"2024-01-05T02:06:09","guid":{"rendered":"https:\/\/bynature.vn\/?post_type=product&#038;p=6503"},"modified":"2026-02-07T22:17:17","modified_gmt":"2026-02-07T15:17:17","slug":"dua-hau-huu-co-trai-900g-1-2kg","status":"publish","type":"product","link":"https:\/\/bynature.vn\/vi\/product\/dua-hau-huu-co-trai-900g-1-2kg\/","title":{"rendered":"D\u01b0a H\u1ea5u Tr\u00f2n H\u1eefu C\u01a1 (900g\u20131.2kg)"},"content":{"rendered":"<h6 style=\"text-align: justify;\">D\u01b0a h\u1ea5u tr\u00f2n h\u1eefu c\u01a1<\/h6>\n<p style=\"text-align: justify;\">D\u01b0a h\u1ea5u h\u1eefu c\u01a1 \u0111\u1ea1t chu\u1ea9n USDA v\u00e0 EU c\u1ee7a ch\u00fang t\u00f4i l\u00e0 l\u1ef1a ch\u1ecdn th\u01a1m ngon v\u00e0 l\u00e0nh m\u1ea1nh cho nh\u1eefng ai mu\u1ed1n th\u01b0\u1edfng th\u1ee9c m\u1ed9t m\u00f3n \u0103n gi\u1ea3i nhi\u1ec7t m\u00f9a h\u00e8. D\u01b0a h\u1ea5u h\u1eefu c\u01a1 ng\u1ecdt c\u1ee7a ch\u00fang t\u00f4i \u0111\u01b0\u1ee3c tr\u1ed3ng ho\u00e0n to\u00e0n kh\u00f4ng s\u1eed d\u1ee5ng ph\u00e2n b\u00f3n hay thu\u1ed1c tr\u1eeb s\u00e2u t\u1ed5ng h\u1ee3p, kh\u00e1c v\u1edbi d\u01b0a h\u1ea5u canh t\u00e1c th\u00f4ng th\u01b0\u1eddng c\u00f3 th\u1ec3 ch\u1ee9a c\u00e1c h\u00f3a ch\u1ea5t g\u00e2y h\u1ea1i. \u0110i\u1ec1u n\u00e0y \u0111\u1ea3m b\u1ea3o tr\u00e1i d\u01b0a lu\u00f4n tinh khi\u1ebft, kh\u00f4ng nhi\u1ec5m \u0111\u1ed9c t\u1ed1 v\u00e0 gi\u1eef tr\u1ecdn v\u1ecb ng\u1ecdt t\u1ef1 nhi\u00ean c\u00f9ng h\u01b0\u01a1ng v\u1ecb t\u01b0\u01a1i m\u00e1t. Ngo\u00e0i ra, d\u01b0a h\u1ea5u h\u1eefu c\u01a1 r\u1ea5t gi\u00e0u vitamin, kho\u00e1ng ch\u1ea5t v\u00e0 ch\u1ea5t ch\u1ed1ng oxy h\u00f3a, gi\u00fap h\u1ed7 tr\u1ee3 l\u1ed1i s\u1ed1ng kh\u1ecfe m\u1ea1nh. V\u00ec v\u1eady, khi b\u1ea1n th\u00e8m m\u1ed9t m\u00f3n \u0103n v\u1eb7t ng\u1ecdt m\u00e1t, h\u00e3y ch\u1ecdn d\u01b0a h\u1ea5u h\u1eefu c\u01a1 v\u00e0 t\u1eadn h\u01b0\u1edfng h\u01b0\u01a1ng v\u1ecb th\u01a1m ngon v\u1edbi s\u1ef1 an t\u00e2m r\u1eb1ng s\u1ea3n ph\u1ea9m \u0111\u01b0\u1ee3c tr\u1ed3ng b\u1eb1ng s\u1ef1 ch\u0103m s\u00f3c d\u00e0nh cho c\u1ea3 s\u1ee9c kh\u1ecfe c\u1ee7a b\u1ea1n v\u00e0 m\u00f4i tr\u01b0\u1eddng.    <\/p>\n<p style=\"text-align: justify;\">\u0110\u1ecdc th\u00eam: <span style=\"text-decoration: underline; color: #008000;\"><a style=\"color: #008000; text-decoration: underline;\" href=\"https:\/\/bynature.vn\/top-5-reasons-why-eating-fruits-is-good-for-your-health\/\">Why is eating fruits good for your health?<\/a><\/span><\/p>\n","protected":false},"excerpt":{"rendered":"<p>D\u01b0a h\u1ea5u tr\u00f2n h\u1eefu c\u01a1 D\u01b0a h\u1ea5u h\u1eefu c\u01a1 \u0111\u1ea1t chu\u1ea9n USDA v\u00e0 EU c\u1ee7a ch\u00fang t\u00f4i l\u00e0 l\u1ef1a ch\u1ecdn th\u01a1m ngon v\u00e0 l\u00e0nh m\u1ea1nh cho nh\u1eefng ai mu\u1ed1n th\u01b0\u1edfng th\u1ee9c m\u1ed9t m\u00f3n \u0103n gi\u1ea3i nhi\u1ec7t m\u00f9a h\u00e8. D\u01b0a h\u1ea5u h\u1eefu c\u01a1 ng\u1ecdt c\u1ee7a ch\u00fang t\u00f4i \u0111\u01b0\u1ee3c tr\u1ed3ng ho\u00e0n to\u00e0n kh\u00f4ng s\u1eed d\u1ee5ng ph\u00e2n b\u00f3n &hellip; <\/p>\n<p class=\"link-more\"><a href=\"https:\/\/bynature.vn\/vi\/product\/dua-hau-huu-co-trai-900g-1-2kg\/\" class=\"more-link\">Continue reading<span class=\"screen-reader-text\"> &#8220;D\u01b0a H\u1ea5u Tr\u00f2n H\u1eefu C\u01a1 (900g\u20131.2kg)&#8221;<\/span><\/a><\/p>\n","protected":false},"featured_media":7127,"template":"","meta":[],"pwb-brand":[],"product_cat":[239],"product_tag":[],"class_list":{"0":"post-6503","1":"product","2":"type-product","3":"status-publish","4":"has-post-thumbnail","6":"product_cat-trai-cay","8":"first","9":"out_of_season","10":"shipping-taxable","11":"product-type-simple"},"acf":[],"brands":[],"_links":{"self":[{"href":"https:\/\/bynature.vn\/vi\/wp-json\/wp\/v2\/product\/6503","targetHints":{"allow":["GET"]}}],"collection":[{"href":"https:\/\/bynature.vn\/vi\/wp-json\/wp\/v2\/product"}],"about":[{"href":"https:\/\/bynature.vn\/vi\/wp-json\/wp\/v2\/types\/product"}],"wp:featuredmedia":[{"embeddable":true,"href":"https:\/\/bynature.vn\/vi\/wp-json\/wp\/v2\/media\/7127"}],"wp:attachment":[{"href":"https:\/\/bynature.vn\/vi\/wp-json\/wp\/v2\/media?parent=6503"}],"wp:term":[{"taxonomy":"pwb-brand","embeddable":true,"href":"https:\/\/bynature.vn\/vi\/wp-json\/wp\/v2\/pwb-brand?post=6503"},{"taxonomy":"product_cat","embeddable":true,"href":"https:\/\/bynature.vn\/vi\/wp-json\/wp\/v2\/product_cat?post=6503"},{"taxonomy":"product_tag","embeddable":true,"href":"https:\/\/bynature.vn\/vi\/wp-json\/wp\/v2\/product_tag?post=6503"}],"curies":[{"name":"wp","href":"https:\/\/api.w.org\/{rel}","templated":true}]}}