{"id":6291,"date":"2024-01-04T10:59:23","date_gmt":"2024-01-04T03:59:23","guid":{"rendered":"https:\/\/bynature.vn\/?post_type=product&#038;p=6291"},"modified":"2026-02-07T22:26:51","modified_gmt":"2026-02-07T15:26:51","slug":"hop-10-trung-ga-huu-co","status":"publish","type":"product","link":"https:\/\/bynature.vn\/vi\/product\/hop-10-trung-ga-huu-co\/","title":{"rendered":"10 Tr\u1ee9ng G\u00e0 H\u1eefu C\u01a1"},"content":{"rendered":"<h6>Tr\u1ee9ng g\u00e0 th\u1ea3 v\u01b0\u1eddn h\u1eefu c\u01a1<\/h6>\n<ul>\n<li style=\"text-align: justify;\">Tr\u1ee9ng g\u00e0 nh\u1ecf th\u1ea3 v\u01b0\u1eddn h\u1eefu c\u01a1 l\u00e0 l\u1ef1a ch\u1ecdn t\u1ed1t cho s\u1ee9c kh\u1ecfe v\u00e0 mang t\u00ednh nh\u00e2n v\u0103n h\u01a1n \u0111\u1ed1i v\u1edbi nh\u1eefng ai quan t\u00e2m \u0111\u1ebfn ch\u1ea5t l\u01b0\u1ee3ng tr\u1ee9ng. Nh\u1eefng qu\u1ea3 tr\u1ee9ng n\u00e0y \u0111\u1ebfn t\u1eeb nh\u1eefng con g\u00e0 kh\u00f4ng \u0111\u01b0\u1ee3c ti\u00eam kh\u00e1ng sinh, h\u00f3a ch\u1ea5t ho\u1eb7c hormone t\u0103ng tr\u01b0\u1edfng, \u0111\u1ea3m b\u1ea3o kh\u00f4ng ch\u1ee9a c\u00e1c ch\u1ea5t c\u00f3 h\u1ea1i. <\/li>\n<li style=\"text-align: justify;\">Ngo\u00e0i ra, g\u00e0 \u0111\u01b0\u1ee3c \u0103n ch\u1ebf \u0111\u1ed9 t\u1ef1 nhi\u00ean v\u00e0 \u0111\u01b0\u1ee3c th\u1ea3 t\u1ef1 do ngo\u00e0i tr\u1eddi t\u1eeb l\u00fac m\u1eb7t tr\u1eddi m\u1ecdc \u0111\u1ebfn l\u00fac m\u1eb7t tr\u1eddi l\u1eb7n, mang l\u1ea1i cho ch\u00fang m\u1ed9t cu\u1ed9c s\u1ed1ng t\u1ef1 nhi\u00ean v\u00e0 tho\u1ea3i m\u00e1i h\u01a1n. \u0110i\u1ec1u n\u00e0y t\u1ea1o ra nh\u1eefng qu\u1ea3 tr\u1ee9ng kh\u00f4ng ch\u1ec9 t\u1ed1t cho c\u01a1 th\u1ec3 ch\u00fang ta m\u00e0 c\u00f2n t\u1ed1t cho ph\u00fac l\u1ee3i c\u1ee7a \u0111\u00e0n g\u00e0. <\/li>\n<li style=\"text-align: justify;\">Khi l\u1ef1a ch\u1ecdn tr\u1ee9ng g\u00e0 nh\u1ecf th\u1ea3 v\u01b0\u1eddn h\u1eefu c\u01a1 c\u1ee7a ch\u00fang t\u00f4i, b\u1ea1n c\u00f3 th\u1ec3 y\u00ean t\u00e2m v\u1ec1 th\u1ef1c ph\u1ea9m m\u00ecnh s\u1eed d\u1ee5ng c\u0169ng nh\u01b0 t\u00e1c \u0111\u1ed9ng t\u00edch c\u1ef1c c\u1ee7a n\u00f3 \u0111\u1ed1i v\u1edbi m\u00f4i tr\u01b0\u1eddng.<\/li>\n<li>\u0110\u1ecdc th\u00eam: <span style=\"text-decoration: underline; color: #008000;\"><a style=\"color: #008000; text-decoration: underline;\" href=\"https:\/\/bynature.vn\/free-range-organic-eggs\/\">Free-range organic eggs<\/a><\/span><\/li>\n<\/ul>\n","protected":false},"excerpt":{"rendered":"<p>Tr\u1ee9ng g\u00e0 th\u1ea3 v\u01b0\u1eddn h\u1eefu c\u01a1 Tr\u1ee9ng g\u00e0 nh\u1ecf th\u1ea3 v\u01b0\u1eddn h\u1eefu c\u01a1 l\u00e0 l\u1ef1a ch\u1ecdn t\u1ed1t cho s\u1ee9c kh\u1ecfe v\u00e0 mang t\u00ednh nh\u00e2n v\u0103n h\u01a1n \u0111\u1ed1i v\u1edbi nh\u1eefng ai quan t\u00e2m \u0111\u1ebfn ch\u1ea5t l\u01b0\u1ee3ng tr\u1ee9ng. Nh\u1eefng qu\u1ea3 tr\u1ee9ng n\u00e0y \u0111\u1ebfn t\u1eeb nh\u1eefng con g\u00e0 kh\u00f4ng \u0111\u01b0\u1ee3c ti\u00eam kh\u00e1ng sinh, h\u00f3a ch\u1ea5t ho\u1eb7c hormone t\u0103ng &hellip; <\/p>\n<p class=\"link-more\"><a href=\"https:\/\/bynature.vn\/vi\/product\/hop-10-trung-ga-huu-co\/\" class=\"more-link\">Continue reading<span class=\"screen-reader-text\"> &#8220;10 Tr\u1ee9ng G\u00e0 H\u1eefu C\u01a1&#8221;<\/span><\/a><\/p>\n","protected":false},"featured_media":6278,"template":"","meta":[],"pwb-brand":[],"product_cat":[225],"product_tag":[],"class_list":{"0":"post-6291","1":"product","2":"type-product","3":"status-publish","4":"has-post-thumbnail","6":"product_cat-trung","8":"first","9":"instock","10":"shipping-taxable","11":"purchasable","12":"product-type-simple"},"acf":[],"brands":[],"_links":{"self":[{"href":"https:\/\/bynature.vn\/vi\/wp-json\/wp\/v2\/product\/6291","targetHints":{"allow":["GET"]}}],"collection":[{"href":"https:\/\/bynature.vn\/vi\/wp-json\/wp\/v2\/product"}],"about":[{"href":"https:\/\/bynature.vn\/vi\/wp-json\/wp\/v2\/types\/product"}],"wp:featuredmedia":[{"embeddable":true,"href":"https:\/\/bynature.vn\/vi\/wp-json\/wp\/v2\/media\/6278"}],"wp:attachment":[{"href":"https:\/\/bynature.vn\/vi\/wp-json\/wp\/v2\/media?parent=6291"}],"wp:term":[{"taxonomy":"pwb-brand","embeddable":true,"href":"https:\/\/bynature.vn\/vi\/wp-json\/wp\/v2\/pwb-brand?post=6291"},{"taxonomy":"product_cat","embeddable":true,"href":"https:\/\/bynature.vn\/vi\/wp-json\/wp\/v2\/product_cat?post=6291"},{"taxonomy":"product_tag","embeddable":true,"href":"https:\/\/bynature.vn\/vi\/wp-json\/wp\/v2\/product_tag?post=6291"}],"curies":[{"name":"wp","href":"https:\/\/api.w.org\/{rel}","templated":true}]}}