{"id":6290,"date":"2024-01-04T10:58:55","date_gmt":"2024-01-04T03:58:55","guid":{"rendered":"https:\/\/bynature.vn\/?post_type=product&#038;p=6290"},"modified":"2024-03-27T13:33:20","modified_gmt":"2024-03-27T06:33:20","slug":"trung-ga-huu-co-tha-vuon-hop-6-trung","status":"publish","type":"product","link":"https:\/\/bynature.vn\/vi\/product\/trung-ga-huu-co-tha-vuon-hop-6-trung\/","title":{"rendered":"H\u1ed9p 6 Tr\u1ee9ng G\u00e0 H\u1eefu C\u01a1"},"content":{"rendered":"<h6 style=\"text-align: justify;\">H\u1ed9p 6 tr\u1ee9ng g\u00e0 h\u1eefu c\u01a1<\/h6>\n<p style=\"text-align: justify;\">G\u00e0 \u0111\u01b0\u1ee3c t\u1ef1 do di chuy\u1ec3n ngo\u00e0i tr\u1eddi v\u00e0 t\u00ecm th\u1ee9c \u0103n t\u1eeb l\u00fac b\u00ecnh minh \u0111\u1ebfn m\u00e3i ho\u00e0ng h\u00f4n. Tr\u1ee9ng g\u00e0 ho\u00e0n to\u00e0n t\u1ef1 nhi\u00ean, kh\u00f4ng c\u00f3 kh\u00e1ng sinh v\u00e0 hormone t\u0103ng tr\u01b0\u1edfng.<\/p>\n<p style=\"text-align: justify;\">\u0110\u1ecdc th\u00eam: <span style=\"text-decoration: underline;\"><span style=\"color: #008000;\"><a style=\"color: #008000; text-decoration: underline;\" href=\"https:\/\/bynature.vn\/vi\/trung-ga-tha-vuon-huu-co\/\">Tr\u1ee9ng g\u00e0 th\u1ea3 v\u01b0\u1eddn h\u1eefu c\u01a1<\/a><\/span><\/span><\/p>\n","protected":false},"excerpt":{"rendered":"<p>H\u1ed9p 6 tr\u1ee9ng g\u00e0 h\u1eefu c\u01a1 G\u00e0 \u0111\u01b0\u1ee3c t\u1ef1 do di chuy\u1ec3n ngo\u00e0i tr\u1eddi v\u00e0 t\u00ecm th\u1ee9c \u0103n t\u1eeb l\u00fac b\u00ecnh minh \u0111\u1ebfn m\u00e3i ho\u00e0ng h\u00f4n. Tr\u1ee9ng g\u00e0 ho\u00e0n to\u00e0n t\u1ef1 nhi\u00ean, kh\u00f4ng c\u00f3 kh\u00e1ng sinh v\u00e0 hormone t\u0103ng tr\u01b0\u1edfng. \u0110\u1ecdc th\u00eam: Tr\u1ee9ng g\u00e0 th\u1ea3 v\u01b0\u1eddn h\u1eefu c\u01a1<\/p>\n","protected":false},"featured_media":6276,"template":"","meta":[],"pwb-brand":[],"product_cat":[225],"product_tag":[],"class_list":{"0":"post-6290","1":"product","2":"type-product","3":"status-publish","4":"has-post-thumbnail","6":"product_cat-trung","8":"first","9":"instock","10":"shipping-taxable","11":"purchasable","12":"product-type-simple"},"acf":[],"brands":[],"_links":{"self":[{"href":"https:\/\/bynature.vn\/vi\/wp-json\/wp\/v2\/product\/6290","targetHints":{"allow":["GET"]}}],"collection":[{"href":"https:\/\/bynature.vn\/vi\/wp-json\/wp\/v2\/product"}],"about":[{"href":"https:\/\/bynature.vn\/vi\/wp-json\/wp\/v2\/types\/product"}],"wp:featuredmedia":[{"embeddable":true,"href":"https:\/\/bynature.vn\/vi\/wp-json\/wp\/v2\/media\/6276"}],"wp:attachment":[{"href":"https:\/\/bynature.vn\/vi\/wp-json\/wp\/v2\/media?parent=6290"}],"wp:term":[{"taxonomy":"pwb-brand","embeddable":true,"href":"https:\/\/bynature.vn\/vi\/wp-json\/wp\/v2\/pwb-brand?post=6290"},{"taxonomy":"product_cat","embeddable":true,"href":"https:\/\/bynature.vn\/vi\/wp-json\/wp\/v2\/product_cat?post=6290"},{"taxonomy":"product_tag","embeddable":true,"href":"https:\/\/bynature.vn\/vi\/wp-json\/wp\/v2\/product_tag?post=6290"}],"curies":[{"name":"wp","href":"https:\/\/api.w.org\/{rel}","templated":true}]}}