{"id":5858,"date":"2023-11-14T12:47:13","date_gmt":"2023-11-14T05:47:13","guid":{"rendered":"https:\/\/bynature.vn\/?post_type=product&#038;p=5858"},"modified":"2026-02-09T22:04:39","modified_gmt":"2026-02-09T15:04:39","slug":"bi-do-tron-gia-1kg","status":"publish","type":"product","link":"https:\/\/bynature.vn\/vi\/product\/bi-do-tron-gia-1kg\/","title":{"rendered":"B\u00ed Ng\u00f4 Kho\u1ea3ng 1kg (Gi\u00e1 theo kg)"},"content":{"rendered":"<h6>B\u00ed ng\u00f4 ho\u00e0n to\u00e0n t\u1ef1 nhi\u00ean<\/h6>\n<p>\u0110\u1ecdc Th\u00eam: <span style=\"text-decoration: underline;\"><span style=\"color: #008000; text-decoration: underline;\"><a style=\"color: #008000; text-decoration: underline;\" href=\"https:\/\/bynature.vn\/is-all-natural-organic-vegetables-worth-the-money\/\">Rau h\u1eefu c\u01a1 v\u00e0 ho\u00e0n to\u00e0n t\u1ef1 nhi\u00ean c\u00f3 \u0111\u00e1ng ti\u1ec1n kh\u00f4ng?<\/a><\/span><\/span><\/p>\n","protected":false},"excerpt":{"rendered":"<p>B\u00ed ng\u00f4 ho\u00e0n to\u00e0n t\u1ef1 nhi\u00ean \u0110\u1ecdc Th\u00eam: Rau h\u1eefu c\u01a1 v\u00e0 ho\u00e0n to\u00e0n t\u1ef1 nhi\u00ean c\u00f3 \u0111\u00e1ng ti\u1ec1n kh\u00f4ng?<\/p>\n","protected":false},"featured_media":3086,"template":"","meta":[],"pwb-brand":[],"product_cat":[390],"product_tag":[],"class_list":{"0":"post-5858","1":"product","2":"type-product","3":"status-publish","4":"has-post-thumbnail","6":"product_cat-bi-do","8":"first","9":"out_of_season","10":"product-type-simple"},"acf":[],"brands":[],"_links":{"self":[{"href":"https:\/\/bynature.vn\/vi\/wp-json\/wp\/v2\/product\/5858","targetHints":{"allow":["GET"]}}],"collection":[{"href":"https:\/\/bynature.vn\/vi\/wp-json\/wp\/v2\/product"}],"about":[{"href":"https:\/\/bynature.vn\/vi\/wp-json\/wp\/v2\/types\/product"}],"wp:featuredmedia":[{"embeddable":true,"href":"https:\/\/bynature.vn\/vi\/wp-json\/wp\/v2\/media\/3086"}],"wp:attachment":[{"href":"https:\/\/bynature.vn\/vi\/wp-json\/wp\/v2\/media?parent=5858"}],"wp:term":[{"taxonomy":"pwb-brand","embeddable":true,"href":"https:\/\/bynature.vn\/vi\/wp-json\/wp\/v2\/pwb-brand?post=5858"},{"taxonomy":"product_cat","embeddable":true,"href":"https:\/\/bynature.vn\/vi\/wp-json\/wp\/v2\/product_cat?post=5858"},{"taxonomy":"product_tag","embeddable":true,"href":"https:\/\/bynature.vn\/vi\/wp-json\/wp\/v2\/product_tag?post=5858"}],"curies":[{"name":"wp","href":"https:\/\/api.w.org\/{rel}","templated":true}]}}