{"id":5857,"date":"2023-11-14T12:47:18","date_gmt":"2023-11-14T05:47:18","guid":{"rendered":"https:\/\/bynature.vn\/?post_type=product&#038;p=5857"},"modified":"2024-03-27T13:25:36","modified_gmt":"2024-03-27T06:25:36","slug":"50g-nam-moc-nhi-soi-kho-nam-meo","status":"publish","type":"product","link":"https:\/\/bynature.vn\/vi\/product\/50g-nam-moc-nhi-soi-kho-nam-meo\/","title":{"rendered":"50g N\u1ea5m M\u1ed9c Nh\u0129 S\u1ee3i Kh\u00f4"},"content":{"rendered":"<h6>N\u1ea5m m\u1ed9c nh\u0129\/ n\u1ea5m m\u00e8o s\u1ee3i kh\u00f4<\/h6>\n<p style=\"text-align: justify;\">N\u1ea5m m\u1ed9c nh\u0129 tr\u1ed3ng theo h\u01b0\u1edbng thu\u1eadn t\u1ef1 nhi\u00ean, kh\u00f4ng thu\u1ed1c tr\u1eeb s\u00e2u v\u00e0 ho\u00e1 ch\u1ea5t n\u00f4ng nghi\u1ec7p. S\u1ea1ch v\u00e0 an to\u00e0n cho s\u1ee9c kho\u1ebb.<\/p>\n<p>\u0110\u1ecdc th\u00eam: <span style=\"text-decoration: underline;\"><span style=\"color: #008000;\"><a style=\"color: #008000; text-decoration: underline;\" href=\"https:\/\/bynature.vn\/vi\/an-sach-mac-xanh\/\">\u0102n s\u1ea1ch, m\u1eb7c xanh<\/a><\/span><\/span><\/p>\n","protected":false},"excerpt":{"rendered":"<p>N\u1ea5m m\u1ed9c nh\u0129\/ n\u1ea5m m\u00e8o s\u1ee3i kh\u00f4 N\u1ea5m m\u1ed9c nh\u0129 tr\u1ed3ng theo h\u01b0\u1edbng thu\u1eadn t\u1ef1 nhi\u00ean, kh\u00f4ng thu\u1ed1c tr\u1eeb s\u00e2u v\u00e0 ho\u00e1 ch\u1ea5t n\u00f4ng nghi\u1ec7p. S\u1ea1ch v\u00e0 an to\u00e0n cho s\u1ee9c kho\u1ebb. \u0110\u1ecdc th\u00eam: \u0102n s\u1ea1ch, m\u1eb7c xanh<\/p>\n","protected":false},"featured_media":3403,"template":"","meta":[],"pwb-brand":[],"product_cat":[378],"product_tag":[],"class_list":{"0":"post-5857","1":"product","2":"type-product","3":"status-publish","4":"has-post-thumbnail","6":"product_cat-nam","8":"first","9":"instock","10":"purchasable","11":"product-type-simple"},"acf":[],"brands":[],"_links":{"self":[{"href":"https:\/\/bynature.vn\/vi\/wp-json\/wp\/v2\/product\/5857","targetHints":{"allow":["GET"]}}],"collection":[{"href":"https:\/\/bynature.vn\/vi\/wp-json\/wp\/v2\/product"}],"about":[{"href":"https:\/\/bynature.vn\/vi\/wp-json\/wp\/v2\/types\/product"}],"wp:featuredmedia":[{"embeddable":true,"href":"https:\/\/bynature.vn\/vi\/wp-json\/wp\/v2\/media\/3403"}],"wp:attachment":[{"href":"https:\/\/bynature.vn\/vi\/wp-json\/wp\/v2\/media?parent=5857"}],"wp:term":[{"taxonomy":"pwb-brand","embeddable":true,"href":"https:\/\/bynature.vn\/vi\/wp-json\/wp\/v2\/pwb-brand?post=5857"},{"taxonomy":"product_cat","embeddable":true,"href":"https:\/\/bynature.vn\/vi\/wp-json\/wp\/v2\/product_cat?post=5857"},{"taxonomy":"product_tag","embeddable":true,"href":"https:\/\/bynature.vn\/vi\/wp-json\/wp\/v2\/product_tag?post=5857"}],"curies":[{"name":"wp","href":"https:\/\/api.w.org\/{rel}","templated":true}]}}