{"id":5836,"date":"2023-11-14T12:47:08","date_gmt":"2023-11-14T05:47:08","guid":{"rendered":"https:\/\/bynature.vn\/?post_type=product&#038;p=5836"},"modified":"2024-03-26T16:25:29","modified_gmt":"2024-03-26T09:25:29","slug":"500g-cu-hoi","status":"publish","type":"product","link":"https:\/\/bynature.vn\/vi\/product\/500g-cu-hoi\/","title":{"rendered":"500g C\u1ee7 H\u1ed3i"},"content":{"rendered":"<h6 style=\"text-align: justify;\">C\u1ee7 h\u1ed3i<\/h6>\n<p style=\"text-align: justify;\">C\u1ee7 h\u1ed3i t\u01b0\u01a1i tr\u1ed3ng theo h\u01b0\u1edbng thu\u1eadn t\u1ef1 nhi\u00ean, kh\u00f4ng thu\u1ed1c tr\u1eeb s\u00e2u v\u00e0 ho\u00e1 ch\u1ea5t n\u00f4ng nghi\u1ec7p. S\u1ea1ch v\u00e0 an to\u00e0n cho s\u1ee9c kho\u1ebb.<\/p>\n<p style=\"text-align: justify;\">\u0110\u1ecdc th\u00eam: <span style=\"text-decoration: underline;\"><span style=\"color: #008000;\"><a style=\"color: #008000; text-decoration: underline;\" href=\"https:\/\/bynature.vn\/vi\/nong-san-thuan-tu-nhien-co-dang-tien\/\">N\u00f4ng s\u1ea3n thu\u1eadn t\u1ef1 nhi\u00ean c\u00f3 \u0111\u00e1ng ti\u1ec1n?<\/a><\/span><\/span><\/p>\n","protected":false},"excerpt":{"rendered":"<p>C\u1ee7 h\u1ed3i C\u1ee7 h\u1ed3i t\u01b0\u01a1i tr\u1ed3ng theo h\u01b0\u1edbng thu\u1eadn t\u1ef1 nhi\u00ean, kh\u00f4ng thu\u1ed1c tr\u1eeb s\u00e2u v\u00e0 ho\u00e1 ch\u1ea5t n\u00f4ng nghi\u1ec7p. S\u1ea1ch v\u00e0 an to\u00e0n cho s\u1ee9c kho\u1ebb. \u0110\u1ecdc th\u00eam: N\u00f4ng s\u1ea3n thu\u1eadn t\u1ef1 nhi\u00ean c\u00f3 \u0111\u00e1ng ti\u1ec1n?<\/p>\n","protected":false},"featured_media":3060,"template":"","meta":[],"pwb-brand":[],"product_cat":[393],"product_tag":[],"class_list":{"0":"post-5836","1":"product","2":"type-product","3":"status-publish","4":"has-post-thumbnail","6":"product_cat-gia-do-rau-mam","8":"first","9":"out_of_season","10":"product-type-simple"},"acf":[],"brands":[],"_links":{"self":[{"href":"https:\/\/bynature.vn\/vi\/wp-json\/wp\/v2\/product\/5836","targetHints":{"allow":["GET"]}}],"collection":[{"href":"https:\/\/bynature.vn\/vi\/wp-json\/wp\/v2\/product"}],"about":[{"href":"https:\/\/bynature.vn\/vi\/wp-json\/wp\/v2\/types\/product"}],"wp:featuredmedia":[{"embeddable":true,"href":"https:\/\/bynature.vn\/vi\/wp-json\/wp\/v2\/media\/3060"}],"wp:attachment":[{"href":"https:\/\/bynature.vn\/vi\/wp-json\/wp\/v2\/media?parent=5836"}],"wp:term":[{"taxonomy":"pwb-brand","embeddable":true,"href":"https:\/\/bynature.vn\/vi\/wp-json\/wp\/v2\/pwb-brand?post=5836"},{"taxonomy":"product_cat","embeddable":true,"href":"https:\/\/bynature.vn\/vi\/wp-json\/wp\/v2\/product_cat?post=5836"},{"taxonomy":"product_tag","embeddable":true,"href":"https:\/\/bynature.vn\/vi\/wp-json\/wp\/v2\/product_tag?post=5836"}],"curies":[{"name":"wp","href":"https:\/\/api.w.org\/{rel}","templated":true}]}}