{"id":5833,"date":"2023-11-14T12:46:59","date_gmt":"2023-11-14T05:46:59","guid":{"rendered":"https:\/\/bynature.vn\/?post_type=product&#038;p=5833"},"modified":"2026-02-09T20:44:13","modified_gmt":"2026-02-09T13:44:13","slug":"500g-ca-chua-cocktail","status":"publish","type":"product","link":"https:\/\/bynature.vn\/vi\/product\/500g-ca-chua-cocktail\/","title":{"rendered":"500g C\u00e0 Chua Cocktail"},"content":{"rendered":"<h6>C\u00e0 chua cocktail ho\u00e0n to\u00e0n t\u1ef1 nhi\u00ean<\/h6>\n<ul>\n<li>C\u00e0 chua cocktail ho\u00e0n to\u00e0n t\u1ef1 nhi\u00ean t\u01b0\u01a1i ngon t\u1eeb trang tr\u1ea1i &#8211; tuy\u1ec7t v\u1eddi cho m\u00f3n salad ho\u1eb7c s\u1ed1t c\u00e0 chua.<\/li>\n<li>T\u00ecm hi\u1ec3u th\u00eam: <a style=\"color: #008000; text-decoration: underline;\" href=\"https:\/\/bynature.vn\/all-natural-for-a-better-you\/\"><span style=\"color: #008000; text-decoration: underline;\"><span style=\"text-decoration: underline;\">All-natural for a better you!<\/span><\/span><\/a><\/li>\n<\/ul>\n","protected":false},"excerpt":{"rendered":"<p>C\u00e0 chua cocktail ho\u00e0n to\u00e0n t\u1ef1 nhi\u00ean C\u00e0 chua cocktail ho\u00e0n to\u00e0n t\u1ef1 nhi\u00ean t\u01b0\u01a1i ngon t\u1eeb trang tr\u1ea1i &#8211; tuy\u1ec7t v\u1eddi cho m\u00f3n salad ho\u1eb7c s\u1ed1t c\u00e0 chua. T\u00ecm hi\u1ec3u th\u00eam: All-natural for a better you!<\/p>\n","protected":false},"featured_media":2994,"template":"","meta":[],"pwb-brand":[],"product_cat":[383],"product_tag":[],"class_list":{"0":"post-5833","1":"product","2":"type-product","3":"status-publish","4":"has-post-thumbnail","6":"product_cat-ca-chua","8":"first","9":"instock","10":"purchasable","11":"product-type-simple"},"acf":[],"brands":[],"_links":{"self":[{"href":"https:\/\/bynature.vn\/vi\/wp-json\/wp\/v2\/product\/5833","targetHints":{"allow":["GET"]}}],"collection":[{"href":"https:\/\/bynature.vn\/vi\/wp-json\/wp\/v2\/product"}],"about":[{"href":"https:\/\/bynature.vn\/vi\/wp-json\/wp\/v2\/types\/product"}],"wp:featuredmedia":[{"embeddable":true,"href":"https:\/\/bynature.vn\/vi\/wp-json\/wp\/v2\/media\/2994"}],"wp:attachment":[{"href":"https:\/\/bynature.vn\/vi\/wp-json\/wp\/v2\/media?parent=5833"}],"wp:term":[{"taxonomy":"pwb-brand","embeddable":true,"href":"https:\/\/bynature.vn\/vi\/wp-json\/wp\/v2\/pwb-brand?post=5833"},{"taxonomy":"product_cat","embeddable":true,"href":"https:\/\/bynature.vn\/vi\/wp-json\/wp\/v2\/product_cat?post=5833"},{"taxonomy":"product_tag","embeddable":true,"href":"https:\/\/bynature.vn\/vi\/wp-json\/wp\/v2\/product_tag?post=5833"}],"curies":[{"name":"wp","href":"https:\/\/api.w.org\/{rel}","templated":true}]}}