{"id":5831,"date":"2023-11-14T12:47:22","date_gmt":"2023-11-14T05:47:22","guid":{"rendered":"https:\/\/bynature.vn\/?post_type=product&#038;p=5831"},"modified":"2024-03-26T11:02:41","modified_gmt":"2024-03-26T04:02:41","slug":"500g-su-su","status":"publish","type":"product","link":"https:\/\/bynature.vn\/vi\/product\/500g-su-su\/","title":{"rendered":"500g Su Su"},"content":{"rendered":"<h6>Su su<\/h6>\n<p style=\"text-align: justify;\">Su su ByNature tr\u1ed3ng theo h\u01b0\u1edbng thu\u1eadn t\u1ef1 nhi\u00ean, kh\u00f4ng thu\u1ed1c tr\u1eeb s\u00e2u v\u00e0 ho\u00e1 ch\u1ea5t n\u00f4ng nghi\u1ec7p. S\u1ea1ch v\u00e0 an to\u00e0n cho s\u1ee9c kho\u1ebb.<\/p>\n<p>\u0110\u1ecdc th\u00eam: <span style=\"text-decoration: underline;\"><span style=\"color: #008000;\"><a style=\"color: #008000; text-decoration: underline;\" href=\"https:\/\/bynature.vn\/vi\/an-uong-theo-mua-mot-loi-song-tot-hon\/\">\u0102n u\u1ed1ng theo m\u00f9a, m\u1ed9t l\u1ed1i s\u1ed1ng t\u1ed1t h\u01a1n!<\/a><\/span><\/span><\/p>\n","protected":false},"excerpt":{"rendered":"<p>Su su Su su ByNature tr\u1ed3ng theo h\u01b0\u1edbng thu\u1eadn t\u1ef1 nhi\u00ean, kh\u00f4ng thu\u1ed1c tr\u1eeb s\u00e2u v\u00e0 ho\u00e1 ch\u1ea5t n\u00f4ng nghi\u1ec7p. S\u1ea1ch v\u00e0 an to\u00e0n cho s\u1ee9c kho\u1ebb. \u0110\u1ecdc th\u00eam: \u0102n u\u1ed1ng theo m\u00f9a, m\u1ed9t l\u1ed1i s\u1ed1ng t\u1ed1t h\u01a1n!<\/p>\n","protected":false},"featured_media":3140,"template":"","meta":[],"pwb-brand":[],"product_cat":[382],"product_tag":[],"class_list":{"0":"post-5831","1":"product","2":"type-product","3":"status-publish","4":"has-post-thumbnail","6":"product_cat-cac-loai-rau-cu-khac","8":"first","9":"instock","10":"purchasable","11":"product-type-simple"},"acf":[],"brands":[],"_links":{"self":[{"href":"https:\/\/bynature.vn\/vi\/wp-json\/wp\/v2\/product\/5831","targetHints":{"allow":["GET"]}}],"collection":[{"href":"https:\/\/bynature.vn\/vi\/wp-json\/wp\/v2\/product"}],"about":[{"href":"https:\/\/bynature.vn\/vi\/wp-json\/wp\/v2\/types\/product"}],"wp:featuredmedia":[{"embeddable":true,"href":"https:\/\/bynature.vn\/vi\/wp-json\/wp\/v2\/media\/3140"}],"wp:attachment":[{"href":"https:\/\/bynature.vn\/vi\/wp-json\/wp\/v2\/media?parent=5831"}],"wp:term":[{"taxonomy":"pwb-brand","embeddable":true,"href":"https:\/\/bynature.vn\/vi\/wp-json\/wp\/v2\/pwb-brand?post=5831"},{"taxonomy":"product_cat","embeddable":true,"href":"https:\/\/bynature.vn\/vi\/wp-json\/wp\/v2\/product_cat?post=5831"},{"taxonomy":"product_tag","embeddable":true,"href":"https:\/\/bynature.vn\/vi\/wp-json\/wp\/v2\/product_tag?post=5831"}],"curies":[{"name":"wp","href":"https:\/\/api.w.org\/{rel}","templated":true}]}}