{"id":5827,"date":"2023-11-14T12:47:13","date_gmt":"2023-11-14T05:47:13","guid":{"rendered":"https:\/\/bynature.vn\/?post_type=product&#038;p=5827"},"modified":"2026-02-09T22:19:40","modified_gmt":"2026-02-09T15:19:40","slug":"500g-khoai-tim","status":"publish","type":"product","link":"https:\/\/bynature.vn\/vi\/product\/500g-khoai-tim\/","title":{"rendered":"1 kg Khoai T\u00edm"},"content":{"rendered":"<h6>Khoai t\u00edm ho\u00e0n to\u00e0n t\u1ef1 nhi\u00ean<\/h6>\n<p>\u0110\u1ecdc Th\u00eam: <span style=\"text-decoration: underline;\"><span style=\"color: #008000; text-decoration: underline;\"><a style=\"color: #008000; text-decoration: underline;\" href=\"https:\/\/bynature.vn\/all-natural-for-a-better-you\/\">Ho\u00e0n to\u00e0n t\u1ef1 nhi\u00ean \u0111\u1ec3 b\u1ea1n t\u1ed1t h\u01a1n!<\/a><\/span><\/span><\/p>\n","protected":false},"excerpt":{"rendered":"<p>Khoai t\u00edm ho\u00e0n to\u00e0n t\u1ef1 nhi\u00ean \u0110\u1ecdc Th\u00eam: Ho\u00e0n to\u00e0n t\u1ef1 nhi\u00ean \u0111\u1ec3 b\u1ea1n t\u1ed1t h\u01a1n!<\/p>\n","protected":false},"featured_media":3076,"template":"","meta":[],"pwb-brand":[],"product_cat":[380],"product_tag":[],"class_list":{"0":"post-5827","1":"product","2":"type-product","3":"status-publish","4":"has-post-thumbnail","6":"product_cat-cac-loai-khoai","8":"first","9":"instock","10":"purchasable","11":"product-type-simple"},"acf":[],"brands":[],"_links":{"self":[{"href":"https:\/\/bynature.vn\/vi\/wp-json\/wp\/v2\/product\/5827","targetHints":{"allow":["GET"]}}],"collection":[{"href":"https:\/\/bynature.vn\/vi\/wp-json\/wp\/v2\/product"}],"about":[{"href":"https:\/\/bynature.vn\/vi\/wp-json\/wp\/v2\/types\/product"}],"wp:featuredmedia":[{"embeddable":true,"href":"https:\/\/bynature.vn\/vi\/wp-json\/wp\/v2\/media\/3076"}],"wp:attachment":[{"href":"https:\/\/bynature.vn\/vi\/wp-json\/wp\/v2\/media?parent=5827"}],"wp:term":[{"taxonomy":"pwb-brand","embeddable":true,"href":"https:\/\/bynature.vn\/vi\/wp-json\/wp\/v2\/pwb-brand?post=5827"},{"taxonomy":"product_cat","embeddable":true,"href":"https:\/\/bynature.vn\/vi\/wp-json\/wp\/v2\/product_cat?post=5827"},{"taxonomy":"product_tag","embeddable":true,"href":"https:\/\/bynature.vn\/vi\/wp-json\/wp\/v2\/product_tag?post=5827"}],"curies":[{"name":"wp","href":"https:\/\/api.w.org\/{rel}","templated":true}]}}