{"id":5821,"date":"2023-11-14T12:47:22","date_gmt":"2023-11-14T05:47:22","guid":{"rendered":"https:\/\/bynature.vn\/?post_type=product&#038;p=5821"},"modified":"2024-03-20T13:58:53","modified_gmt":"2024-03-20T06:58:53","slug":"500g-cai-ngong","status":"publish","type":"product","link":"https:\/\/bynature.vn\/vi\/product\/500g-cai-ngong\/","title":{"rendered":"500g C\u1ea3i Ng\u1ed3ng"},"content":{"rendered":"<h6>C\u1ea3i ng\u1ed3ng<\/h6>\n<ul>\n<li>C\u1ea3i ng\u1ed3ng ByNature tr\u1ed3ng theo h\u01b0\u1edbng thu\u1eadn t\u1ef1 nhi\u00ean.<\/li>\n<li>Kh\u00f4ng thu\u1ed1c tr\u1eeb s\u00e2u v\u00e0 ho\u00e1 ch\u1ea5t n\u00f4ng nghi\u1ec7p. S\u1ea1ch v\u00e0 an to\u00e0n cho s\u1ee9c kho\u1ebb.<\/li>\n<\/ul>\n<p>\u0110\u1ecdc th\u00eam: <span style=\"text-decoration: underline;\"><span style=\"color: #008000;\"><a style=\"color: #008000; text-decoration: underline;\" href=\"https:\/\/bynature.vn\/vi\/rau-sach-hay-chi-la-rau-an-toan\/\">Rau s\u1ea1ch hay ch\u1ec9 l\u00e0 rau an to\u00e0n?<\/a><\/span><\/span><\/p>\n","protected":false},"excerpt":{"rendered":"<p>C\u1ea3i ng\u1ed3ng C\u1ea3i ng\u1ed3ng ByNature tr\u1ed3ng theo h\u01b0\u1edbng thu\u1eadn t\u1ef1 nhi\u00ean. Kh\u00f4ng thu\u1ed1c tr\u1eeb s\u00e2u v\u00e0 ho\u00e1 ch\u1ea5t n\u00f4ng nghi\u1ec7p. S\u1ea1ch v\u00e0 an to\u00e0n cho s\u1ee9c kho\u1ebb. \u0110\u1ecdc th\u00eam: Rau s\u1ea1ch hay ch\u1ec9 l\u00e0 rau an to\u00e0n?<\/p>\n","protected":false},"featured_media":3142,"template":"","meta":[],"pwb-brand":[],"product_cat":[368],"product_tag":[],"class_list":{"0":"post-5821","1":"product","2":"type-product","3":"status-publish","4":"has-post-thumbnail","6":"product_cat-cac-loai-rau-an-la-khac","8":"first","9":"instock","10":"purchasable","11":"product-type-simple"},"acf":[],"brands":[],"_links":{"self":[{"href":"https:\/\/bynature.vn\/vi\/wp-json\/wp\/v2\/product\/5821","targetHints":{"allow":["GET"]}}],"collection":[{"href":"https:\/\/bynature.vn\/vi\/wp-json\/wp\/v2\/product"}],"about":[{"href":"https:\/\/bynature.vn\/vi\/wp-json\/wp\/v2\/types\/product"}],"wp:featuredmedia":[{"embeddable":true,"href":"https:\/\/bynature.vn\/vi\/wp-json\/wp\/v2\/media\/3142"}],"wp:attachment":[{"href":"https:\/\/bynature.vn\/vi\/wp-json\/wp\/v2\/media?parent=5821"}],"wp:term":[{"taxonomy":"pwb-brand","embeddable":true,"href":"https:\/\/bynature.vn\/vi\/wp-json\/wp\/v2\/pwb-brand?post=5821"},{"taxonomy":"product_cat","embeddable":true,"href":"https:\/\/bynature.vn\/vi\/wp-json\/wp\/v2\/product_cat?post=5821"},{"taxonomy":"product_tag","embeddable":true,"href":"https:\/\/bynature.vn\/vi\/wp-json\/wp\/v2\/product_tag?post=5821"}],"curies":[{"name":"wp","href":"https:\/\/api.w.org\/{rel}","templated":true}]}}