{"id":5793,"date":"2023-11-14T12:47:37","date_gmt":"2023-11-14T05:47:37","guid":{"rendered":"https:\/\/bynature.vn\/?post_type=product&#038;p=5793"},"modified":"2024-03-27T13:18:44","modified_gmt":"2024-03-27T06:18:44","slug":"500g-oi-ruby-ruot-do","status":"publish","type":"product","link":"https:\/\/bynature.vn\/vi\/product\/500g-oi-ruby-ruot-do\/","title":{"rendered":"500g \u1ed4i Ruby Ru\u1ed9t \u0110\u1ecf"},"content":{"rendered":"<h6 id=\"input_line_0\"><span id=\"input_part_0\" class=\"\" data-mention=\"\u1ed4i ruby ru\u1ed9t \u0111\u1ecf thu\u1eadn t\u1ef1 nhi\u00ean:\">\u1ed4i ruby ru\u1ed9t \u0111\u1ecf<\/span><\/h6>\n<p id=\"input_line_1\"><span id=\"input_part_0\" class=\"\" data-mention=\"\u1ed4i ruby ru\u1ed9t \u0111\u1ecf c\u00f3 v\u1ecf xanh, ru\u1ed9t \u0111\u1ecf h\u1ed3ng, v\u1ecb ng\u1ecdt \u0111\u1eadm, gi\u00f2n v\u00e0 \u00edt h\u1ea1t.\">\u1ed4i ruby ru\u1ed9t \u0111\u1ecf c\u00f3 v\u1ecf xanh, ru\u1ed9t \u0111\u1ecf h\u1ed3ng, v\u1ecb ng\u1ecdt \u0111\u1eadm, gi\u00f2n v\u00e0 \u00edt h\u1ea1t.<\/span><\/p>\n<p id=\"input_line_2\">\u0110\u1ecdc th\u00eam: <span style=\"text-decoration: underline; color: #008000;\"><a style=\"color: #008000; text-decoration: underline;\" href=\"https:\/\/bynature.vn\/vi\/vi-sao-an-trai-cay-lai-tot-cho-suc-khoe\/\">V\u00ec sao \u0103n tr\u00e1i c\u00e2y l\u1ea1i t\u1ed1t cho s\u1ee9c kh\u1ecfe?<\/a><\/span><\/p>\n","protected":false},"excerpt":{"rendered":"<p>\u1ed4i ruby ru\u1ed9t \u0111\u1ecf \u1ed4i ruby ru\u1ed9t \u0111\u1ecf c\u00f3 v\u1ecf xanh, ru\u1ed9t \u0111\u1ecf h\u1ed3ng, v\u1ecb ng\u1ecdt \u0111\u1eadm, gi\u00f2n v\u00e0 \u00edt h\u1ea1t. \u0110\u1ecdc th\u00eam: V\u00ec sao \u0103n tr\u00e1i c\u00e2y l\u1ea1i t\u1ed1t cho s\u1ee9c kh\u1ecfe?<\/p>\n","protected":false},"featured_media":3186,"template":"","meta":[],"pwb-brand":[],"product_cat":[239],"product_tag":[],"class_list":{"0":"post-5793","1":"product","2":"type-product","3":"status-publish","4":"has-post-thumbnail","6":"product_cat-trai-cay","8":"first","9":"out_of_season","10":"product-type-simple"},"acf":[],"brands":[],"_links":{"self":[{"href":"https:\/\/bynature.vn\/vi\/wp-json\/wp\/v2\/product\/5793","targetHints":{"allow":["GET"]}}],"collection":[{"href":"https:\/\/bynature.vn\/vi\/wp-json\/wp\/v2\/product"}],"about":[{"href":"https:\/\/bynature.vn\/vi\/wp-json\/wp\/v2\/types\/product"}],"wp:featuredmedia":[{"embeddable":true,"href":"https:\/\/bynature.vn\/vi\/wp-json\/wp\/v2\/media\/3186"}],"wp:attachment":[{"href":"https:\/\/bynature.vn\/vi\/wp-json\/wp\/v2\/media?parent=5793"}],"wp:term":[{"taxonomy":"pwb-brand","embeddable":true,"href":"https:\/\/bynature.vn\/vi\/wp-json\/wp\/v2\/pwb-brand?post=5793"},{"taxonomy":"product_cat","embeddable":true,"href":"https:\/\/bynature.vn\/vi\/wp-json\/wp\/v2\/product_cat?post=5793"},{"taxonomy":"product_tag","embeddable":true,"href":"https:\/\/bynature.vn\/vi\/wp-json\/wp\/v2\/product_tag?post=5793"}],"curies":[{"name":"wp","href":"https:\/\/api.w.org\/{rel}","templated":true}]}}