{"id":5789,"date":"2023-11-14T12:47:37","date_gmt":"2023-11-14T05:47:37","guid":{"rendered":"https:\/\/bynature.vn\/?post_type=product&#038;p=5789"},"modified":"2026-02-10T13:29:02","modified_gmt":"2026-02-10T06:29:02","slug":"500g-cam-xoan","status":"publish","type":"product","link":"https:\/\/bynature.vn\/vi\/product\/500g-cam-xoan\/","title":{"rendered":"500g Cam Ng\u1ecdt"},"content":{"rendered":"<h6 style=\"text-align: justify;\">Cam ng\u1ecdt ho\u00e0n to\u00e0n t\u1ef1 nhi\u00ean<\/h6>\n<ul style=\"text-align: justify;\">\n<li>V\u1ecf c\u00f3 m\u00e0u xanh v\u00e0 chuy\u1ec3n sang v\u00e0ng khi ch\u00edn. V\u1ecf m\u1ecfng. <\/li>\n<li>Ph\u1ea7n ru\u1ed9t b\u00ean trong m\u00e0u v\u00e0ng, v\u1ecb ng\u1ecdt thanh v\u00e0 h\u01b0\u01a1ng th\u01a1m d\u1ecbu nh\u1eb9.<\/li>\n<li>Gi\u1edbi thi\u1ec7u nh\u1eefng tr\u00e1i cam m\u1ecdng n\u01b0\u1edbc v\u00e0 \u0111\u1eadm v\u1ecb nh\u1ea5t t\u1eeb v\u00f9ng trung t\u00e2m \u0110\u1ed3ng b\u1eb1ng s\u00f4ng C\u1eedu Long! Cam ng\u1ecdt t\u1ef1 nhi\u00ean c\u1ee7a ch\u00fang t\u00f4i mang \u0111\u1ebfn ngu\u1ed3n n\u0103ng l\u01b0\u1ee3ng t\u01b0\u01a1i m\u1edbi trong t\u1eebng m\u00fai cam. <\/li>\n<li>Cam \u0111\u01b0\u1ee3c tr\u1ed3ng ho\u00e0n to\u00e0n t\u1ef1 nhi\u00ean, kh\u00f4ng ch\u1ee9a h\u00f3a ch\u1ea5t hay thu\u1ed1c tr\u1eeb s\u00e2u \u0111\u1ed9c h\u1ea1i. Gi\u00e0u vitamin v\u00e0 kho\u00e1ng ch\u1ea5t thi\u1ebft y\u1ebfu, cam kh\u00f4ng ch\u1ec9 ngon m\u00e0 c\u00f2n r\u1ea5t t\u1ed1t cho s\u1ee9c kh\u1ecfe. <\/li>\n<li>V\u1edbi s\u1ef1 c\u00e2n b\u1eb1ng ho\u00e0n h\u1ea3o gi\u1eefa v\u1ecb ng\u1ecdt v\u00e0 chua nh\u1eb9, cam ng\u1ecdt ByNature r\u1ea5t ph\u00f9 h\u1ee3p \u0111\u1ec3 \u0103n tr\u1ef1c ti\u1ebfp, \u00e9p n\u01b0\u1edbc ho\u1eb7c bi\u1ebfn t\u1ea5u trong c\u00e1c m\u00f3n \u0103n. D\u00f9 l\u00e0 salad cam hay s\u1ed1t \u01b0\u1edbp chua nh\u1eb9, cam c\u1ee7a ch\u00fang t\u00f4i s\u1ebd n\u00e2ng t\u1ea7m h\u01b0\u01a1ng v\u1ecb m\u00f3n \u0103n c\u1ee7a b\u1ea1n. <\/li>\n<li>Kh\u00f4ng ch\u1ec9 ngon, cam ByNature c\u00f2n g\u00f3p ph\u1ea7n h\u1ed7 tr\u1ee3 n\u00f4ng d\u00e2n \u0111\u1ecba ph\u01b0\u01a1ng v\u00e0 n\u00f4ng nghi\u1ec7p b\u1ec1n v\u1eefng. H\u00e3y ch\u1ecdn cam ng\u1ecdt t\u1ef1 nhi\u00ean ByNature v\u00e0 c\u1ea3m nh\u1eadn s\u1ef1 kh\u00e1c bi\u1ec7t ngay h\u00f4m nay!  <\/li>\n<\/ul>\n<p style=\"text-align: justify;\">\u0110\u1ecdc th\u00eam: <span style=\"text-decoration: underline; color: #008000;\"><a style=\"color: #008000; text-decoration: underline;\" href=\"https:\/\/bynature.vn\/top-5-reasons-why-eating-fruits-is-good-for-your-health\/\">Top 5 reasons why eating fruits good for your health<\/a><\/span><\/p>\n","protected":false},"excerpt":{"rendered":"<p>Cam ng\u1ecdt ho\u00e0n to\u00e0n t\u1ef1 nhi\u00ean V\u1ecf c\u00f3 m\u00e0u xanh v\u00e0 chuy\u1ec3n sang v\u00e0ng khi ch\u00edn. V\u1ecf m\u1ecfng. Ph\u1ea7n ru\u1ed9t b\u00ean trong m\u00e0u v\u00e0ng, v\u1ecb ng\u1ecdt thanh v\u00e0 h\u01b0\u01a1ng th\u01a1m d\u1ecbu nh\u1eb9. Gi\u1edbi thi\u1ec7u nh\u1eefng tr\u00e1i cam m\u1ecdng n\u01b0\u1edbc v\u00e0 \u0111\u1eadm v\u1ecb nh\u1ea5t t\u1eeb v\u00f9ng trung t\u00e2m \u0110\u1ed3ng b\u1eb1ng s\u00f4ng C\u1eedu Long! Cam ng\u1ecdt t\u1ef1 &hellip; <\/p>\n<p class=\"link-more\"><a href=\"https:\/\/bynature.vn\/vi\/product\/500g-cam-xoan\/\" class=\"more-link\">Continue reading<span class=\"screen-reader-text\"> &#8220;500g Cam Ng\u1ecdt&#8221;<\/span><\/a><\/p>\n","protected":false},"featured_media":4070,"template":"","meta":[],"pwb-brand":[],"product_cat":[239],"product_tag":[],"class_list":{"0":"post-5789","1":"product","2":"type-product","3":"status-publish","4":"has-post-thumbnail","6":"product_cat-trai-cay","8":"first","9":"instock","10":"purchasable","11":"product-type-simple"},"acf":[],"brands":[],"_links":{"self":[{"href":"https:\/\/bynature.vn\/vi\/wp-json\/wp\/v2\/product\/5789","targetHints":{"allow":["GET"]}}],"collection":[{"href":"https:\/\/bynature.vn\/vi\/wp-json\/wp\/v2\/product"}],"about":[{"href":"https:\/\/bynature.vn\/vi\/wp-json\/wp\/v2\/types\/product"}],"wp:featuredmedia":[{"embeddable":true,"href":"https:\/\/bynature.vn\/vi\/wp-json\/wp\/v2\/media\/4070"}],"wp:attachment":[{"href":"https:\/\/bynature.vn\/vi\/wp-json\/wp\/v2\/media?parent=5789"}],"wp:term":[{"taxonomy":"pwb-brand","embeddable":true,"href":"https:\/\/bynature.vn\/vi\/wp-json\/wp\/v2\/pwb-brand?post=5789"},{"taxonomy":"product_cat","embeddable":true,"href":"https:\/\/bynature.vn\/vi\/wp-json\/wp\/v2\/product_cat?post=5789"},{"taxonomy":"product_tag","embeddable":true,"href":"https:\/\/bynature.vn\/vi\/wp-json\/wp\/v2\/product_tag?post=5789"}],"curies":[{"name":"wp","href":"https:\/\/api.w.org\/{rel}","templated":true}]}}