{"id":5787,"date":"2023-11-14T12:47:32","date_gmt":"2023-11-14T05:47:32","guid":{"rendered":"https:\/\/bynature.vn\/?post_type=product&#038;p=5787"},"modified":"2024-03-20T14:35:25","modified_gmt":"2024-03-20T07:35:25","slug":"500g-dau-tay","status":"publish","type":"product","link":"https:\/\/bynature.vn\/vi\/product\/500g-dau-tay\/","title":{"rendered":"500g D\u00e2u T\u00e2y"},"content":{"rendered":"<h6>D\u00e2u t\u00e2y<\/h6>\n<p>\u0110\u1ecdc th\u00eam: <span style=\"text-decoration: underline; color: #008000;\"><a style=\"color: #008000; text-decoration: underline;\" href=\"https:\/\/bynature.vn\/vi\/dau-tay-co-thuc-su-la-mot-loai-qua-mong\/\">D\u00e2u t\u00e2y c\u00f3 th\u1ef1c s\u1ef1 l\u00e0 m\u1ed9t lo\u1ea1i qu\u1ea3 m\u1ecdng?<\/a><\/span><\/p>\n","protected":false},"excerpt":{"rendered":"<p>D\u00e2u t\u00e2y \u0110\u1ecdc th\u00eam: D\u00e2u t\u00e2y c\u00f3 th\u1ef1c s\u1ef1 l\u00e0 m\u1ed9t lo\u1ea1i qu\u1ea3 m\u1ecdng?<\/p>\n","protected":false},"featured_media":3178,"template":"","meta":[],"pwb-brand":[],"product_cat":[239],"product_tag":[],"class_list":{"0":"post-5787","1":"product","2":"type-product","3":"status-publish","4":"has-post-thumbnail","6":"product_cat-trai-cay","8":"first","9":"out_of_season","10":"product-type-simple"},"acf":[],"brands":[],"_links":{"self":[{"href":"https:\/\/bynature.vn\/vi\/wp-json\/wp\/v2\/product\/5787","targetHints":{"allow":["GET"]}}],"collection":[{"href":"https:\/\/bynature.vn\/vi\/wp-json\/wp\/v2\/product"}],"about":[{"href":"https:\/\/bynature.vn\/vi\/wp-json\/wp\/v2\/types\/product"}],"wp:featuredmedia":[{"embeddable":true,"href":"https:\/\/bynature.vn\/vi\/wp-json\/wp\/v2\/media\/3178"}],"wp:attachment":[{"href":"https:\/\/bynature.vn\/vi\/wp-json\/wp\/v2\/media?parent=5787"}],"wp:term":[{"taxonomy":"pwb-brand","embeddable":true,"href":"https:\/\/bynature.vn\/vi\/wp-json\/wp\/v2\/pwb-brand?post=5787"},{"taxonomy":"product_cat","embeddable":true,"href":"https:\/\/bynature.vn\/vi\/wp-json\/wp\/v2\/product_cat?post=5787"},{"taxonomy":"product_tag","embeddable":true,"href":"https:\/\/bynature.vn\/vi\/wp-json\/wp\/v2\/product_tag?post=5787"}],"curies":[{"name":"wp","href":"https:\/\/api.w.org\/{rel}","templated":true}]}}