{"id":5695,"date":"2023-11-14T12:47:53","date_gmt":"2023-11-14T05:47:53","guid":{"rendered":"https:\/\/bynature.vn\/?post_type=product&#038;p=5695"},"modified":"2024-04-03T15:16:51","modified_gmt":"2024-04-03T08:16:51","slug":"thanh-dinh-duong-huu-co-rawbite-vani","status":"publish","type":"product","link":"https:\/\/bynature.vn\/vi\/product\/thanh-dinh-duong-huu-co-rawbite-vani\/","title":{"rendered":"Thanh Dinh D\u01b0\u1ee1ng H\u1eefu C\u01a1 RawBite Vani Tr\u00e1i C\u00e2y (H\u1ed9p 12 Thanh)"},"content":{"rendered":"<h6>Thanh dinh d\u01b0\u1ee1ng h\u1eefu c\u01a1 RawBite v\u1ecb Vani tr\u00e1i c\u00e2y (Vanilla Berries)<\/h6>\n<p style=\"text-align: justify;\">RawBite l\u00e0 thanh dinh d\u01b0\u1ee1ng h\u1eefu c\u01a1 t\u1eeb h\u1ea1t v\u00e0 tr\u00e1i c\u00e2y, v\u1eeba v\u1eb7n l\u00e0 m\u1ed9t b\u1eefa \u0103n nh\u1eb9 \u0111\u1ea7y n\u0103ng l\u01b0\u1ee3ng tr\u01b0\u1edbc, trong v\u00e0 sau m\u1ed7i bu\u1ed5i t\u1eadp, khi di chuy\u1ec3n \u0111\u01b0\u1eddng d\u00e0i, d\u00e3 ngo\u1ea1i, trekking,\u2026 hay m\u1ed9t b\u1eefa \u0103n v\u1ed9i n\u01a1i c\u00f4ng s\u1edf.<\/p>\n<p style=\"text-align: justify;\">\u0110\u1eb7c bi\u1ec7t, RawBite h\u1eefu c\u01a1, thu\u1ea7n chay, kh\u00f4ng \u0111\u01b0\u1eddng v\u00e0 kh\u00f4ng ch\u1ee9a gluten, ph\u00f9 h\u1ee3p v\u1edbi m\u1ecdi ch\u1ebf \u0111\u1ed9 \u0103n u\u1ed1ng v\u00e0 t\u1eadp luy\u1ec7n c\u1ee7a b\u1ea1n.<\/p>\n<p style=\"text-align: justify;\">B\u1ea1n th\u00edch ng\u1ecdt hay chua? K\u1ebft h\u1ee3p c\u1ea3 2 th\u00ec sao nh\u1ec9? Qu\u1ea3 ch\u00e0 l\u00e0 ng\u1ecdt ng\u00e0o k\u1ebft h\u1ee3p c\u00f9ng qu\u1ea3 m\u1ecdng chua chua v\u00e0 m\u1ed9t ch\u00fat vani tinh t\u1ebf s\u1ebd l\u00e0m b\u1ea1n tan ch\u1ea3y v\u1edbi h\u01b0\u01a1ng v\u1ecb c\u1ee7a RAWBITE VANI TR\u00c1I C\u00c2Y n\u00e0y \u0111\u1ea5y!<\/p>\n<p style=\"text-align: justify;\"><em><strong>Th\u00e0nh ph\u1ea7n: <\/strong><\/em>Tr\u00e1i c\u00e2y kh\u00f4 58% (ch\u00e0 l\u00e0 kh\u00f4, nho kh\u00f4), c\u00e1c lo\u1ea1i h\u1ea1t 32% (h\u1ea1nh nh\u00e2n, h\u1ea1t \u0111i\u1ec1u), qu\u1ea3 m\u1ecdng kh\u00f4 10% (anh \u0111\u00e0o kh\u00f4, nho \u0111en kh\u00f4), vani 0,1%.<\/p>\n<p>Kh\u1ed1i l\u01b0\u1ee3ng: 50g<\/p>\n<p>\u0110\u1ecdc th\u00eam: <span style=\"text-decoration: underline;\"><span style=\"color: #008000;\"><a style=\"color: #008000; text-decoration: underline;\" href=\"https:\/\/bynature.vn\/vi\/cau-chuyen-ve-nhung-thanh-rawbite\/\">Chuy\u1ec7n v\u1ec1 nh\u1eefng thanh RawBite<\/a><\/span><\/span><\/p>\n","protected":false},"excerpt":{"rendered":"<p>Thanh dinh d\u01b0\u1ee1ng h\u1eefu c\u01a1 RawBite v\u1ecb Vani tr\u00e1i c\u00e2y (Vanilla Berries) RawBite l\u00e0 thanh dinh d\u01b0\u1ee1ng h\u1eefu c\u01a1 t\u1eeb h\u1ea1t v\u00e0 tr\u00e1i c\u00e2y, v\u1eeba v\u1eb7n l\u00e0 m\u1ed9t b\u1eefa \u0103n nh\u1eb9 \u0111\u1ea7y n\u0103ng l\u01b0\u1ee3ng tr\u01b0\u1edbc, trong v\u00e0 sau m\u1ed7i bu\u1ed5i t\u1eadp, khi di chuy\u1ec3n \u0111\u01b0\u1eddng d\u00e0i, d\u00e3 ngo\u1ea1i, trekking,\u2026 hay m\u1ed9t b\u1eefa \u0103n v\u1ed9i n\u01a1i &hellip; <\/p>\n<p class=\"link-more\"><a href=\"https:\/\/bynature.vn\/vi\/product\/thanh-dinh-duong-huu-co-rawbite-vani\/\" class=\"more-link\">Continue reading<span class=\"screen-reader-text\"> &#8220;Thanh Dinh D\u01b0\u1ee1ng H\u1eefu C\u01a1 RawBite Vani Tr\u00e1i C\u00e2y (H\u1ed9p 12 Thanh)&#8221;<\/span><\/a><\/p>\n","protected":false},"featured_media":3599,"template":"","meta":[],"pwb-brand":[289],"product_cat":[257],"product_tag":[],"class_list":{"0":"post-5695","1":"product","2":"type-product","3":"status-publish","4":"has-post-thumbnail","6":"pwb-brand-rawbite-vi","7":"product_cat-thanh-dinh-duong-ngu-coc-banh-snack","9":"first","10":"instock","11":"sale","12":"purchasable","13":"product-type-simple"},"acf":[],"brands":[{"id":289,"name":"RawBite","slug":"rawbite-vi"}],"_links":{"self":[{"href":"https:\/\/bynature.vn\/vi\/wp-json\/wp\/v2\/product\/5695","targetHints":{"allow":["GET"]}}],"collection":[{"href":"https:\/\/bynature.vn\/vi\/wp-json\/wp\/v2\/product"}],"about":[{"href":"https:\/\/bynature.vn\/vi\/wp-json\/wp\/v2\/types\/product"}],"wp:featuredmedia":[{"embeddable":true,"href":"https:\/\/bynature.vn\/vi\/wp-json\/wp\/v2\/media\/3599"}],"wp:attachment":[{"href":"https:\/\/bynature.vn\/vi\/wp-json\/wp\/v2\/media?parent=5695"}],"wp:term":[{"taxonomy":"pwb-brand","embeddable":true,"href":"https:\/\/bynature.vn\/vi\/wp-json\/wp\/v2\/pwb-brand?post=5695"},{"taxonomy":"product_cat","embeddable":true,"href":"https:\/\/bynature.vn\/vi\/wp-json\/wp\/v2\/product_cat?post=5695"},{"taxonomy":"product_tag","embeddable":true,"href":"https:\/\/bynature.vn\/vi\/wp-json\/wp\/v2\/product_tag?post=5695"}],"curies":[{"name":"wp","href":"https:\/\/api.w.org\/{rel}","templated":true}]}}