{"id":5694,"date":"2023-11-14T12:47:53","date_gmt":"2023-11-14T05:47:53","guid":{"rendered":"https:\/\/bynature.vn\/?post_type=product&#038;p=5694"},"modified":"2024-04-03T15:15:25","modified_gmt":"2024-04-03T08:15:25","slug":"thanh-dinh-duong-huu-co-rawbite-chanh-12","status":"publish","type":"product","link":"https:\/\/bynature.vn\/vi\/product\/thanh-dinh-duong-huu-co-rawbite-chanh-12\/","title":{"rendered":"Thanh Dinh D\u01b0\u1ee1ng H\u1eefu C\u01a1 RawBite Chanh (H\u1ed9p 12 Thanh)"},"content":{"rendered":"<h6 style=\"text-align: justify;\">Thanh dinh d\u01b0\u1ee1ng h\u1eefu c\u01a1 RawBite v\u1ecb Chanh<\/h6>\n<p style=\"text-align: justify;\">RawBite l\u00e0 thanh dinh d\u01b0\u1ee1ng h\u1eefu c\u01a1 t\u1eeb h\u1ea1t v\u00e0 tr\u00e1i c\u00e2y. Ho\u00e0n h\u1ea3o l\u00e0 m\u1ed9t b\u1eefa \u0103n nh\u1eb9 \u0111\u1ea7y n\u0103ng l\u01b0\u1ee3ng tr\u01b0\u1edbc, trong v\u00e0 sau m\u1ed7i bu\u1ed5i t\u1eadp, khi di chuy\u1ec3n \u0111\u01b0\u1eddng d\u00e0i, d\u00e3 ngo\u1ea1i, trekking,\u2026 hay m\u1ed9t b\u1eefa \u0103n v\u1ed9i n\u01a1i c\u00f4ng s\u1edf.<\/p>\n<p style=\"text-align: justify;\">\u0110\u1eb7c bi\u1ec7t, RawBite h\u1eefu c\u01a1, thu\u1ea7n chay, kh\u00f4ng \u0111\u01b0\u1eddng v\u00e0 kh\u00f4ng ch\u1ee9a gluten, ph\u00f9 h\u1ee3p v\u1edbi m\u1ecdi ch\u1ebf \u0111\u1ed9 t\u1eadp luy\u1ec7n v\u00e0 dinh d\u01b0\u1ee1ng c\u1ee7a b\u1ea1n.<\/p>\n<p style=\"text-align: justify;\">B\u1ea1n c\u00f3 \u0111ang t\u00ecm ki\u1ebfm s\u1ef1 kh\u00e1c bi\u1ec7t? RawBite CHANH v\u1edbi h\u01b0\u01a1ng v\u1ecb ng\u1ecdt ng\u00e0o c\u1ee7a tr\u00e1i c\u00e2y, v\u1ecb chua nh\u1eb9 c\u1ee7a chanh v\u00e0 ch\u00fat cay n\u1ed3ng c\u1ee7a g\u1eebng s\u1ebd mang \u0111\u1ebfn cho b\u1ea1n s\u1ef1 b\u00f9ng n\u1ed5 h\u01b0\u01a1ng v\u1ecb v\u00e0 m\u1ed9t tinh th\u1ea7n s\u1ea3ng kho\u00e1i ngay t\u1ee9c th\u00ec, th\u1eed nh\u00e9!<\/p>\n<p style=\"text-align: justify;\"><em><strong>Th\u00e0nh ph\u1ea7n: <\/strong><\/em>Tr\u00e1i c\u00e2y kh\u00f4 58% (ch\u00e0 l\u00e0 kh\u00f4, nho kh\u00f4), c\u00e1c lo\u1ea1i h\u1ea1t 38% (h\u1ea1t \u0111i\u1ec1u, h\u1ea1nh nh\u00e2n), n\u01b0\u1edbc \u00e9p chanh c\u00f4 \u0111\u1eb7c 3%, tinh d\u1ea7u g\u1eebng, tinh d\u1ea7u chanh, b\u1ed9t \u1edbt.<\/p>\n<p style=\"text-align: justify;\">Kh\u1ed1i l\u01b0\u1ee3ng: 50g<\/p>\n<p style=\"text-align: justify;\">\u0110\u1ecdc th\u00eam: <span style=\"text-decoration: underline;\"><span style=\"color: #008000;\"><a style=\"color: #008000; text-decoration: underline;\" href=\"https:\/\/bynature.vn\/vi\/cau-chuyen-ve-nhung-thanh-rawbite\/\">Chuy\u1ec7n v\u1ec1 nh\u1eefng thanh RawBite<\/a><\/span><\/span><\/p>\n","protected":false},"excerpt":{"rendered":"<p>Thanh dinh d\u01b0\u1ee1ng h\u1eefu c\u01a1 RawBite v\u1ecb Chanh RawBite l\u00e0 thanh dinh d\u01b0\u1ee1ng h\u1eefu c\u01a1 t\u1eeb h\u1ea1t v\u00e0 tr\u00e1i c\u00e2y. Ho\u00e0n h\u1ea3o l\u00e0 m\u1ed9t b\u1eefa \u0103n nh\u1eb9 \u0111\u1ea7y n\u0103ng l\u01b0\u1ee3ng tr\u01b0\u1edbc, trong v\u00e0 sau m\u1ed7i bu\u1ed5i t\u1eadp, khi di chuy\u1ec3n \u0111\u01b0\u1eddng d\u00e0i, d\u00e3 ngo\u1ea1i, trekking,\u2026 hay m\u1ed9t b\u1eefa \u0103n v\u1ed9i n\u01a1i c\u00f4ng s\u1edf. \u0110\u1eb7c bi\u1ec7t, &hellip; <\/p>\n<p class=\"link-more\"><a href=\"https:\/\/bynature.vn\/vi\/product\/thanh-dinh-duong-huu-co-rawbite-chanh-12\/\" class=\"more-link\">Continue reading<span class=\"screen-reader-text\"> &#8220;Thanh Dinh D\u01b0\u1ee1ng H\u1eefu C\u01a1 RawBite Chanh (H\u1ed9p 12 Thanh)&#8221;<\/span><\/a><\/p>\n","protected":false},"featured_media":858,"template":"","meta":[],"pwb-brand":[289],"product_cat":[257],"product_tag":[],"class_list":{"0":"post-5694","1":"product","2":"type-product","3":"status-publish","4":"has-post-thumbnail","6":"pwb-brand-rawbite-vi","7":"product_cat-thanh-dinh-duong-ngu-coc-banh-snack","9":"first","10":"instock","11":"sale","12":"purchasable","13":"product-type-simple"},"acf":[],"brands":[{"id":289,"name":"RawBite","slug":"rawbite-vi"}],"_links":{"self":[{"href":"https:\/\/bynature.vn\/vi\/wp-json\/wp\/v2\/product\/5694","targetHints":{"allow":["GET"]}}],"collection":[{"href":"https:\/\/bynature.vn\/vi\/wp-json\/wp\/v2\/product"}],"about":[{"href":"https:\/\/bynature.vn\/vi\/wp-json\/wp\/v2\/types\/product"}],"wp:featuredmedia":[{"embeddable":true,"href":"https:\/\/bynature.vn\/vi\/wp-json\/wp\/v2\/media\/858"}],"wp:attachment":[{"href":"https:\/\/bynature.vn\/vi\/wp-json\/wp\/v2\/media?parent=5694"}],"wp:term":[{"taxonomy":"pwb-brand","embeddable":true,"href":"https:\/\/bynature.vn\/vi\/wp-json\/wp\/v2\/pwb-brand?post=5694"},{"taxonomy":"product_cat","embeddable":true,"href":"https:\/\/bynature.vn\/vi\/wp-json\/wp\/v2\/product_cat?post=5694"},{"taxonomy":"product_tag","embeddable":true,"href":"https:\/\/bynature.vn\/vi\/wp-json\/wp\/v2\/product_tag?post=5694"}],"curies":[{"name":"wp","href":"https:\/\/api.w.org\/{rel}","templated":true}]}}