{"id":5688,"date":"2023-11-15T16:16:57","date_gmt":"2023-11-15T09:16:57","guid":{"rendered":"https:\/\/bynature.vn\/?post_type=product&#038;p=5688"},"modified":"2024-03-28T16:08:49","modified_gmt":"2024-03-28T09:08:49","slug":"200g-tenderloin-steak-dong-lanh","status":"publish","type":"product","link":"https:\/\/bynature.vn\/vi\/product\/200g-tenderloin-steak-dong-lanh\/","title":{"rendered":"200g Tenderloin Steak (\u0110\u00f4ng L\u1ea1nh)"},"content":{"rendered":"<h6>Tenderloin steak (\u0111\u00f4ng l\u1ea1nh)<\/h6>\n<ul>\n<li style=\"text-align: justify;\">Tenderloin steak b\u00f2 ch\u0103n th\u1ea3 t\u1ef1 nhi\u00ean, \u0111\u1ea3m b\u1ea3o th\u1ecbt t\u01b0\u01a1i ngon v\u00e0 ch\u1ea5t l\u01b0\u1ee3ng.<\/li>\n<li style=\"text-align: justify;\">B\u00f2 nu\u00f4i b\u1eb1ng c\u1ecf, th\u1ecbt n\u1ea1c h\u01a1n v\u00e0 ch\u1ee9a nhi\u1ec1u d\u01b0\u1ee1ng ch\u1ea5t thi\u1ebft y\u1ebfu. B\u00f2 \u0111\u01b0\u1ee3c nu\u00f4i 100% t\u1ef1 nhi\u00ean, kh\u00f4ng b\u1ed5 sung b\u1ea5t k\u1ef3 lo\u1ea1i hormone hay kh\u00e1ng sinh n\u00e0o.<\/li>\n<li style=\"text-align: justify;\">Th\u1eed ngay \u0111\u1ec3 c\u1ea3m nh\u1eadn s\u1ef1 kh\u00e1c bi\u1ec7t c\u1ee7a th\u1ecbt b\u00f2 ch\u0103n th\u1ea3 ho\u00e0n to\u00e0n t\u1ef1 nhi\u00ean v\u00e0 \u0111\u01b0\u1ee3c nu\u00f4i b\u1eb1ng c\u1ecf, kh\u00f4ng ch\u1ee9a hormone v\u00e0 kh\u00f4ng ch\u1ee9a kh\u00e1ng sinh!<\/li>\n<\/ul>\n<p>\u0110\u1ecdc th\u00eam: <span style=\"text-decoration: underline;\"><span style=\"color: #008000;\"><a style=\"color: #008000; text-decoration: underline;\" href=\"https:\/\/bynature.vn\/vi\/nhung-loi-ich-cua-thit-chan-tha-tu-do\/\">Nh\u1eefng l\u1ee3i \u00edch c\u1ee7a th\u1ecbt ch\u0103n th\u1ea3 t\u1ef1 do<\/a><\/span><\/span><\/p>\n","protected":false},"excerpt":{"rendered":"<p>Tenderloin steak (\u0111\u00f4ng l\u1ea1nh) Tenderloin steak b\u00f2 ch\u0103n th\u1ea3 t\u1ef1 nhi\u00ean, \u0111\u1ea3m b\u1ea3o th\u1ecbt t\u01b0\u01a1i ngon v\u00e0 ch\u1ea5t l\u01b0\u1ee3ng. B\u00f2 nu\u00f4i b\u1eb1ng c\u1ecf, th\u1ecbt n\u1ea1c h\u01a1n v\u00e0 ch\u1ee9a nhi\u1ec1u d\u01b0\u1ee1ng ch\u1ea5t thi\u1ebft y\u1ebfu. B\u00f2 \u0111\u01b0\u1ee3c nu\u00f4i 100% t\u1ef1 nhi\u00ean, kh\u00f4ng b\u1ed5 sung b\u1ea5t k\u1ef3 lo\u1ea1i hormone hay kh\u00e1ng sinh n\u00e0o. Th\u1eed ngay \u0111\u1ec3 c\u1ea3m nh\u1eadn &hellip; <\/p>\n<p class=\"link-more\"><a href=\"https:\/\/bynature.vn\/vi\/product\/200g-tenderloin-steak-dong-lanh\/\" class=\"more-link\">Continue reading<span class=\"screen-reader-text\"> &#8220;200g Tenderloin Steak (\u0110\u00f4ng L\u1ea1nh)&#8221;<\/span><\/a><\/p>\n","protected":false},"featured_media":3526,"template":"","meta":[],"pwb-brand":[],"product_cat":[248],"product_tag":[],"class_list":{"0":"post-5688","1":"product","2":"type-product","3":"status-publish","4":"has-post-thumbnail","6":"product_cat-thit-bo","8":"first","9":"instock","10":"shipping-taxable","11":"purchasable","12":"product-type-simple"},"acf":[],"brands":[],"_links":{"self":[{"href":"https:\/\/bynature.vn\/vi\/wp-json\/wp\/v2\/product\/5688","targetHints":{"allow":["GET"]}}],"collection":[{"href":"https:\/\/bynature.vn\/vi\/wp-json\/wp\/v2\/product"}],"about":[{"href":"https:\/\/bynature.vn\/vi\/wp-json\/wp\/v2\/types\/product"}],"wp:featuredmedia":[{"embeddable":true,"href":"https:\/\/bynature.vn\/vi\/wp-json\/wp\/v2\/media\/3526"}],"wp:attachment":[{"href":"https:\/\/bynature.vn\/vi\/wp-json\/wp\/v2\/media?parent=5688"}],"wp:term":[{"taxonomy":"pwb-brand","embeddable":true,"href":"https:\/\/bynature.vn\/vi\/wp-json\/wp\/v2\/pwb-brand?post=5688"},{"taxonomy":"product_cat","embeddable":true,"href":"https:\/\/bynature.vn\/vi\/wp-json\/wp\/v2\/product_cat?post=5688"},{"taxonomy":"product_tag","embeddable":true,"href":"https:\/\/bynature.vn\/vi\/wp-json\/wp\/v2\/product_tag?post=5688"}],"curies":[{"name":"wp","href":"https:\/\/api.w.org\/{rel}","templated":true}]}}