{"id":5687,"date":"2023-11-15T16:19:29","date_gmt":"2023-11-15T09:19:29","guid":{"rendered":"https:\/\/bynature.vn\/?post_type=product&#038;p=5687"},"modified":"2024-03-28T16:03:04","modified_gmt":"2024-03-28T09:03:04","slug":"200g-striploin-steak-dong-lanh","status":"publish","type":"product","link":"https:\/\/bynature.vn\/vi\/product\/200g-striploin-steak-dong-lanh\/","title":{"rendered":"200g Striploin Steak (\u0110\u00f4ng L\u1ea1nh)"},"content":{"rendered":"<h6 style=\"text-align: justify;\">Striploin steak (\u0111\u00f4ng l\u1ea1nh)<\/h6>\n<ul style=\"text-align: justify;\">\n<li style=\"text-align: justify;\">Striploin steak b\u00f2 ch\u0103n th\u1ea3 t\u1ef1 nhi\u00ean, \u0111\u1ea3m b\u1ea3o b\u00f2 c\u00f3 nhi\u1ec1u kh\u00f4ng gian \u0111\u1ec3 di chuy\u1ec3n v\u00e0 \u0111i lang thang t\u1ef1 do.<\/li>\n<li style=\"text-align: justify;\">B\u00f2 \u0111\u01b0\u1ee3c nu\u00f4i b\u1eb1ng c\u1ecf v\u00e0 cung c\u1ea5p ch\u1ebf \u0111\u1ed9 \u0103n u\u1ed1ng l\u00e0nh m\u1ea1nh, kh\u00f4ng b\u1ed5 sung kh\u00e1ng sinh hay hormone t\u0103ng tr\u01b0\u1edfng.<\/li>\n<li>Th\u1eed ngay \u0111\u1ec3 c\u1ea3m nh\u1eadn s\u1ef1 kh\u00e1c bi\u1ec7t c\u1ee7a th\u1ecbt b\u00f2 ch\u0103n th\u1ea3 ho\u00e0n to\u00e0n t\u1ef1 nhi\u00ean v\u00e0 \u0111\u01b0\u1ee3c nu\u00f4i b\u1eb1ng c\u1ecf, kh\u00f4ng ch\u1ee9a hormone v\u00e0 kh\u00f4ng ch\u1ee9a kh\u00e1ng sinh!<\/li>\n<\/ul>\n<p style=\"text-align: justify;\">\u0110\u1ecdc th\u00eam: <span style=\"text-decoration: underline;\"><span style=\"color: #008000;\"><a style=\"color: #008000; text-decoration: underline;\" href=\"https:\/\/bynature.vn\/vi\/nhung-loi-ich-cua-thit-chan-tha-tu-do\/\">Nh\u1eefng l\u1ee3i \u00edch c\u1ee7a th\u1ecbt ch\u0103n th\u1ea3 t\u1ef1 do<\/a><\/span><\/span><\/p>\n","protected":false},"excerpt":{"rendered":"<p>Striploin steak (\u0111\u00f4ng l\u1ea1nh) Striploin steak b\u00f2 ch\u0103n th\u1ea3 t\u1ef1 nhi\u00ean, \u0111\u1ea3m b\u1ea3o b\u00f2 c\u00f3 nhi\u1ec1u kh\u00f4ng gian \u0111\u1ec3 di chuy\u1ec3n v\u00e0 \u0111i lang thang t\u1ef1 do. B\u00f2 \u0111\u01b0\u1ee3c nu\u00f4i b\u1eb1ng c\u1ecf v\u00e0 cung c\u1ea5p ch\u1ebf \u0111\u1ed9 \u0103n u\u1ed1ng l\u00e0nh m\u1ea1nh, kh\u00f4ng b\u1ed5 sung kh\u00e1ng sinh hay hormone t\u0103ng tr\u01b0\u1edfng. Th\u1eed ngay \u0111\u1ec3 c\u1ea3m nh\u1eadn &hellip; <\/p>\n<p class=\"link-more\"><a href=\"https:\/\/bynature.vn\/vi\/product\/200g-striploin-steak-dong-lanh\/\" class=\"more-link\">Continue reading<span class=\"screen-reader-text\"> &#8220;200g Striploin Steak (\u0110\u00f4ng L\u1ea1nh)&#8221;<\/span><\/a><\/p>\n","protected":false},"featured_media":3530,"template":"","meta":[],"pwb-brand":[],"product_cat":[248],"product_tag":[],"class_list":{"0":"post-5687","1":"product","2":"type-product","3":"status-publish","4":"has-post-thumbnail","6":"product_cat-thit-bo","8":"first","9":"instock","10":"shipping-taxable","11":"purchasable","12":"product-type-simple"},"acf":[],"brands":[],"_links":{"self":[{"href":"https:\/\/bynature.vn\/vi\/wp-json\/wp\/v2\/product\/5687","targetHints":{"allow":["GET"]}}],"collection":[{"href":"https:\/\/bynature.vn\/vi\/wp-json\/wp\/v2\/product"}],"about":[{"href":"https:\/\/bynature.vn\/vi\/wp-json\/wp\/v2\/types\/product"}],"wp:featuredmedia":[{"embeddable":true,"href":"https:\/\/bynature.vn\/vi\/wp-json\/wp\/v2\/media\/3530"}],"wp:attachment":[{"href":"https:\/\/bynature.vn\/vi\/wp-json\/wp\/v2\/media?parent=5687"}],"wp:term":[{"taxonomy":"pwb-brand","embeddable":true,"href":"https:\/\/bynature.vn\/vi\/wp-json\/wp\/v2\/pwb-brand?post=5687"},{"taxonomy":"product_cat","embeddable":true,"href":"https:\/\/bynature.vn\/vi\/wp-json\/wp\/v2\/product_cat?post=5687"},{"taxonomy":"product_tag","embeddable":true,"href":"https:\/\/bynature.vn\/vi\/wp-json\/wp\/v2\/product_tag?post=5687"}],"curies":[{"name":"wp","href":"https:\/\/api.w.org\/{rel}","templated":true}]}}