{"id":5685,"date":"2023-11-15T16:18:35","date_gmt":"2023-11-15T09:18:35","guid":{"rendered":"https:\/\/bynature.vn\/?post_type=product&#038;p=5685"},"modified":"2026-02-07T23:48:38","modified_gmt":"2026-02-07T16:48:38","slug":"200g-ribeye-steak-dong-lanh","status":"publish","type":"product","link":"https:\/\/bynature.vn\/vi\/product\/200g-ribeye-steak-dong-lanh\/","title":{"rendered":"200g B\u00edt T\u1ebft Ribeye (\u0110\u00f4ng L\u1ea1nh)"},"content":{"rendered":"<h6>B\u00edt t\u1ebft ribeye (\u0111\u00f4ng l\u1ea1nh)<\/h6>\n<ul>\n<li style=\"text-align: justify;\">B\u00edt t\u1ebft ribeye c\u1ee7a ch\u00fang t\u00f4i \u0111\u1ebfn t\u1eeb nh\u1eefng \u0111\u00e0n b\u00f2 \u0111\u01b0\u1ee3c ch\u0103n th\u1ea3 t\u1ef1 do trong m\u00f4i tr\u01b0\u1eddng t\u1ef1 nhi\u00ean, gi\u00fap \u0111\u1ea3m b\u1ea3o ch\u1ea5t l\u01b0\u1ee3ng th\u1ecbt cao c\u1ea5p.<\/li>\n<li style=\"text-align: justify;\">Nh\u1eefng con b\u00f2 n\u00e0y \u0111\u01b0\u1ee3c nu\u00f4i b\u1eb1ng c\u1ecf, v\u00ec v\u1eady th\u1ecbt n\u1ea1c h\u01a1n v\u00e0 gi\u00e0u c\u00e1c d\u01b0\u1ee1ng ch\u1ea5t thi\u1ebft y\u1ebfu. Ngo\u00e0i ra, b\u00f2 kh\u00f4ng s\u1eed d\u1ee5ng hormone t\u0103ng tr\u01b0\u1edfng hay kh\u00e1ng sinh, n\u00ean s\u1ea3n ph\u1ea9m ho\u00e0n to\u00e0n t\u1ef1 nhi\u00ean 100%. <\/li>\n<li style=\"text-align: justify;\">Kh\u00f4ng ch\u1ec9 t\u1ed1t cho s\u1ee9c kh\u1ecfe, b\u00edt t\u1ebft ribeye c\u1ee7a ch\u00fang t\u00f4i c\u00f2n c\u00f3 h\u01b0\u01a1ng v\u1ecb \u0111\u1eadm \u0111\u00e0, th\u01a1m ngon, khi\u1ebfn b\u1ea1n mu\u1ed1n th\u01b0\u1edfng th\u1ee9c m\u00e3i kh\u00f4ng th\u00f4i.<\/li>\n<li style=\"text-align: justify;\">Ho\u00e0n h\u1ea3o \u0111\u1ec3 n\u01b0\u1edbng BBQ ho\u1eb7c \u00e1p ch\u1ea3o, nh\u1eefng mi\u1ebfng steak n\u00e0y ch\u1eafc ch\u1eafn s\u1ebd l\u00e0m h\u00e0i l\u00f2ng trong m\u1ecdi b\u1eefa ti\u1ec7c t\u1ed1i hay b\u1eefa \u0103n gia \u0111\u00ecnh. V\u1eady t\u1ea1i sao ph\u1ea3i ch\u1ecdn th\u1ee9 k\u00e9m h\u01a1n khi b\u1ea1n c\u00f3 th\u1ec3 d\u00f9ng lo\u1ea1i t\u1ed1t nh\u1ea5t? H\u00e3y th\u1eed b\u00edt t\u1ebft ribeye c\u1ee7a ch\u00fang t\u00f4i ngay h\u00f4m nay v\u00e0 c\u1ea3m nh\u1eadn s\u1ef1 kh\u00e1c bi\u1ec7t t\u1eeb th\u1ecbt b\u00f2 t\u1ef1 nhi\u00ean, ch\u0103n th\u1ea3 t\u1ef1 do, \u0103n c\u1ecf, kh\u00f4ng hormone v\u00e0 kh\u00f4ng kh\u00e1ng sinh. Tin ch\u00fang t\u00f4i \u0111i, c\u1ea3 v\u1ecb gi\u00e1c l\u1eabn c\u01a1 th\u1ec3 b\u1ea1n s\u1ebd c\u1ea3m \u01a1n b\u1ea1n. \u0110\u1eebng ch\u1ea7n ch\u1eeb n\u1eefa, h\u00e3y ch\u1ecdn b\u00edt t\u1ebft ribeye c\u1ee7a b\u1ea1n ngay b\u00e2y gi\u1edd!    <\/li>\n<\/ul>\n<p>T\u00ecm hi\u1ec3u th\u00eam: <span style=\"text-decoration: underline; color: #008000;\"><a style=\"color: #008000; text-decoration: underline;\" href=\"https:\/\/bynature.vn\/the-benefits-of-free-range-meat\/\">The benefits of free-range meat<\/a><\/span><\/p>\n","protected":false},"excerpt":{"rendered":"<p>B\u00edt t\u1ebft ribeye (\u0111\u00f4ng l\u1ea1nh) B\u00edt t\u1ebft ribeye c\u1ee7a ch\u00fang t\u00f4i \u0111\u1ebfn t\u1eeb nh\u1eefng \u0111\u00e0n b\u00f2 \u0111\u01b0\u1ee3c ch\u0103n th\u1ea3 t\u1ef1 do trong m\u00f4i tr\u01b0\u1eddng t\u1ef1 nhi\u00ean, gi\u00fap \u0111\u1ea3m b\u1ea3o ch\u1ea5t l\u01b0\u1ee3ng th\u1ecbt cao c\u1ea5p. Nh\u1eefng con b\u00f2 n\u00e0y \u0111\u01b0\u1ee3c nu\u00f4i b\u1eb1ng c\u1ecf, v\u00ec v\u1eady th\u1ecbt n\u1ea1c h\u01a1n v\u00e0 gi\u00e0u c\u00e1c d\u01b0\u1ee1ng ch\u1ea5t thi\u1ebft y\u1ebfu. Ngo\u00e0i &hellip; <\/p>\n<p class=\"link-more\"><a href=\"https:\/\/bynature.vn\/vi\/product\/200g-ribeye-steak-dong-lanh\/\" class=\"more-link\">Continue reading<span class=\"screen-reader-text\"> &#8220;200g B\u00edt T\u1ebft Ribeye (\u0110\u00f4ng L\u1ea1nh)&#8221;<\/span><\/a><\/p>\n","protected":false},"featured_media":3528,"template":"","meta":[],"pwb-brand":[],"product_cat":[248],"product_tag":[],"class_list":{"0":"post-5685","1":"product","2":"type-product","3":"status-publish","4":"has-post-thumbnail","6":"product_cat-thit-bo","8":"first","9":"instock","10":"shipping-taxable","11":"purchasable","12":"product-type-simple"},"acf":[],"brands":[],"_links":{"self":[{"href":"https:\/\/bynature.vn\/vi\/wp-json\/wp\/v2\/product\/5685","targetHints":{"allow":["GET"]}}],"collection":[{"href":"https:\/\/bynature.vn\/vi\/wp-json\/wp\/v2\/product"}],"about":[{"href":"https:\/\/bynature.vn\/vi\/wp-json\/wp\/v2\/types\/product"}],"wp:featuredmedia":[{"embeddable":true,"href":"https:\/\/bynature.vn\/vi\/wp-json\/wp\/v2\/media\/3528"}],"wp:attachment":[{"href":"https:\/\/bynature.vn\/vi\/wp-json\/wp\/v2\/media?parent=5685"}],"wp:term":[{"taxonomy":"pwb-brand","embeddable":true,"href":"https:\/\/bynature.vn\/vi\/wp-json\/wp\/v2\/pwb-brand?post=5685"},{"taxonomy":"product_cat","embeddable":true,"href":"https:\/\/bynature.vn\/vi\/wp-json\/wp\/v2\/product_cat?post=5685"},{"taxonomy":"product_tag","embeddable":true,"href":"https:\/\/bynature.vn\/vi\/wp-json\/wp\/v2\/product_tag?post=5685"}],"curies":[{"name":"wp","href":"https:\/\/api.w.org\/{rel}","templated":true}]}}