{"id":5630,"date":"2023-11-14T12:49:07","date_gmt":"2023-11-14T05:49:07","guid":{"rendered":"https:\/\/bynature.vn\/product\/kem-chong-nang-sun-cream-spf-45-pa\/"},"modified":"2026-02-09T11:45:00","modified_gmt":"2026-02-09T04:45:00","slug":"kem-chong-nang-sun-cream-spf-45-pa","status":"publish","type":"product","link":"https:\/\/bynature.vn\/vi\/product\/kem-chong-nang-sun-cream-spf-45-pa\/","title":{"rendered":"Kem Ch\u1ed1ng N\u1eafng SPF50 PA++ 50ml"},"content":{"rendered":"<h6>Kem ch\u1ed1ng n\u1eafng to\u00e0n th\u00e2n v\u00e0 m\u1eb7t \u2013 SPF45<\/h6>\n<p style=\"text-align: justify;\">Kem ch\u1ed1ng n\u1eafng c\u1ee7a Guby Homemade ph\u00f9 h\u1ee3p cho m\u1ecdi lo\u1ea1i da. SPF50 \u2013 PA++. B\u1ea3o v\u1ec7 da kh\u1ecfi tia UV c\u00f3 h\u1ea1i, ng\u0103n ng\u1eeba ch\u00e1y n\u1eafng, gi\u1ea3m nguy c\u01a1 ung th\u01b0 da v\u00e0 l\u00e0m ch\u1eadm c\u00e1c d\u1ea5u hi\u1ec7u l\u00e3o h\u00f3a. Kem ch\u1ed1ng n\u1eafng Guby Homemade n\u00ean \u0111\u01b0\u1ee3c thoa sau c\u00e1c b\u01b0\u1edbc ch\u0103m s\u00f3c da c\u01a1 b\u1ea3n v\u00e0 tr\u01b0\u1edbc khi trang \u0111i\u1ec3m.   <\/p>\n<p style=\"text-align: justify;\"><em><strong>C\u00f4ng d\u1ee5ng:<\/strong><\/em><\/p>\n<ul>\n<li style=\"text-align: justify;\">Kh\u1ea3 n\u0103ng b\u1ea3o v\u1ec7 c\u1ee7a Kem Ch\u1ed1ng N\u1eafng v\u1edbi SPF 45 \/ PA ++<\/li>\n<li style=\"text-align: justify;\">Ng\u0103n da h\u00ecnh th\u00e0nh t\u00e0n nhang m\u1edbi v\u00e0\/ho\u1eb7c \u0111\u1ed1m s\u1ea1m m\u00e0u.<\/li>\n<li style=\"text-align: justify;\">Kh\u00f4ng g\u00e2y b\u1ebft d\u00ednh hay nh\u1eddn r\u00edt.<\/li>\n<li style=\"text-align: justify;\">C\u1ea5p \u1ea9m v\u00e0 cung c\u1ea5p d\u01b0\u1ee1ng ch\u1ea5t cho da.<\/li>\n<\/ul>\n<p style=\"text-align: justify;\"><i><b>C\u00e1ch s\u1eed d\u1ee5ng:<\/b><\/i> Thoa m\u1ed9t l\u01b0\u1ee3ng kem v\u1eeba \u0111\u1ee7 l\u00ean m\u1eb7t v\u00e0 c\u1ed5. Nh\u1eb9 nh\u00e0ng massage theo chi\u1ec1u h\u01b0\u1edbng l\u00ean tr\u00ean. <\/p>\n<p style=\"text-align: justify;\"><em><strong>B\u1ea3o qu\u1ea3n:<\/strong> <\/em>Nhi\u1ec7t \u0111\u1ed9 ph\u00f2ng, n\u01a1i kh\u00f4 r\u00e1o &amp; m\u00e1t, tr\u00e1nh \u00e1nh n\u1eafng tr\u1ef1c ti\u1ebfp. \u0110\u00f3ng ch\u1eb7t n\u1eafp sau m\u1ed7i l\u1ea7n s\u1eed d\u1ee5ng. Ch\u1ec9 d\u00f9ng ngo\u00e0i da. Tr\u00e1nh v\u00f9ng m\u1eaft. N\u00ean th\u1eed s\u1ea3n ph\u1ea9m tr\u00ean m\u1ed9t v\u00f9ng da nh\u1ecf tr\u01b0\u1edbc khi d\u00f9ng cho di\u1ec7n r\u1ed9ng. N\u1ebfu c\u00f3 k\u00edch \u1ee9ng, h\u00e3y ng\u01b0ng s\u1eed d\u1ee5ng.     <\/p>\n<p style=\"text-align: justify;\">K\u1ebft c\u1ea5u s\u1ea3n ph\u1ea9m c\u00f3 th\u1ec3 h\u01a1i kh\u00e1c nhau gi\u1eefa c\u00e1c l\u00f4 s\u1ea3n xu\u1ea5t v\u00ec ch\u00fang t\u00f4i h\u1ea1n ch\u1ebf t\u1ed1i \u0111a vi\u1ec7c s\u1eed d\u1ee5ng h\u00f3a ch\u1ea5t.<\/p>\n<p style=\"text-align: justify;\"><em><strong>H\u1ea1n s\u1eed d\u1ee5ng:<\/strong><\/em><\/p>\n<ul>\n<li style=\"text-align: justify;\">24 th\u00e1ng k\u1ec3 t\u1eeb ng\u00e0y s\u1ea3n xu\u1ea5t (in tr\u00ean nh\u00e3n).<\/li>\n<li style=\"text-align: justify;\">8 th\u00e1ng sau khi m\u1edf n\u1eafp l\u1ea7n \u0111\u1ea7u.<\/li>\n<\/ul>\n<p><em><strong>Th\u00e0nh ph\u1ea7n:<\/strong><\/em> N\u01b0\u1edbc tinh khi\u1ebft, Glycerin (v\u00e0) Glyceryl Acrylate\/Acrylic Acid Copolymer (v\u00e0) Propylene Glycol (v\u00e0) PVM\/MA Copolymer, Aqua (v\u00e0) Butyl Methoxydibenzoylmethane (v\u00e0) Octocrylene (v\u00e0) Ethylhexyl Methoxycinnamate (v\u00e0) Phospholipids (v\u00e0) Butylene Glycol, Titanium Dioxide, Dimethicone, S\u00e1p ong, Glyceryl Stearate (v\u00e0) Behenyl Alcohol (v\u00e0) Palmitic Acid (v\u00e0) Stearic Acid (v\u00e0) Lecithin (v\u00e0) Lauryl Alcohol (v\u00e0) Myristyl Alcohol (v\u00e0) Cetyl Alcohol, Cyclopentasiloxane v\u00e0 Dimethicone\/Vinyl Dimethicone Crosspolymer (14% h\u00e0m l\u01b0\u1ee3ng r\u1eafn), Allantoin, Tinh d\u1ea7u tr\u00e0m tr\u00e0 (Melaleuca Leucadendron), Panthenol, Phenoxyethanol &amp; Ethylhexylglycerin.<\/p>\n<p>\u0110\u1ecdc th\u00eam: <span style=\"text-decoration: underline;\"><span style=\"color: #008000;\"><a style=\"color: #008000; text-decoration: underline;\" href=\"https:\/\/bynature.vn\/why-choose-all-natural-body-care-products\/\">Why choose all-natural body care products?<\/a><\/span><\/span><\/p>\n","protected":false},"excerpt":{"rendered":"<p>B\u1ea3o v\u1ec7 l\u00e0n da c\u1ee7a b\u1ea1n v\u1edbi kem ch\u1ed1ng n\u1eafng ti\u00ean ti\u1ebfn c\u1ee7a ch\u00fang t\u00f4i, ng\u01b0\u1eddi b\u1ea1n \u0111\u1ed3ng h\u00e0nh l\u00fd t\u01b0\u1edfng tr\u01b0\u1edbc t\u00e1c h\u1ea1i kh\u1eafc nghi\u1ec7t c\u1ee7a \u00e1nh n\u1eafng. B\u1ea3o v\u1ec7 kh\u1ecfi tia UV c\u00f3 h\u1ea1i. C\u00f4ng th\u1ee9c gi\u00fap ng\u0103n ch\u1eb7n hi\u1ec7u qu\u1ea3 tia UVA v\u00e0 UVB, \u0111\u1ea3m b\u1ea3o l\u00e0n da lu\u00f4n an to\u00e0n d\u01b0\u1edbi \u00e1nh n\u1eafng m\u1eb7t tr\u1eddi.  <\/p>\n","protected":false},"featured_media":10871,"template":"","meta":[],"pwb-brand":[299],"product_cat":[397,403,185],"product_tag":[],"class_list":{"0":"post-5630","1":"product","2":"type-product","3":"status-publish","4":"has-post-thumbnail","6":"pwb-brand-guby-homemade-vi","7":"product_cat-cham-soc-co-the","8":"product_cat-kem-chong-nang","9":"product_cat-suc-khoe-lam-dep","11":"first","12":"instock","13":"sale","14":"purchasable","15":"product-type-simple"},"acf":[],"brands":[{"id":299,"name":"Guby Homemade","slug":"guby-homemade-vi"}],"_links":{"self":[{"href":"https:\/\/bynature.vn\/vi\/wp-json\/wp\/v2\/product\/5630","targetHints":{"allow":["GET"]}}],"collection":[{"href":"https:\/\/bynature.vn\/vi\/wp-json\/wp\/v2\/product"}],"about":[{"href":"https:\/\/bynature.vn\/vi\/wp-json\/wp\/v2\/types\/product"}],"wp:featuredmedia":[{"embeddable":true,"href":"https:\/\/bynature.vn\/vi\/wp-json\/wp\/v2\/media\/10871"}],"wp:attachment":[{"href":"https:\/\/bynature.vn\/vi\/wp-json\/wp\/v2\/media?parent=5630"}],"wp:term":[{"taxonomy":"pwb-brand","embeddable":true,"href":"https:\/\/bynature.vn\/vi\/wp-json\/wp\/v2\/pwb-brand?post=5630"},{"taxonomy":"product_cat","embeddable":true,"href":"https:\/\/bynature.vn\/vi\/wp-json\/wp\/v2\/product_cat?post=5630"},{"taxonomy":"product_tag","embeddable":true,"href":"https:\/\/bynature.vn\/vi\/wp-json\/wp\/v2\/product_tag?post=5630"}],"curies":[{"name":"wp","href":"https:\/\/api.w.org\/{rel}","templated":true}]}}