{"id":5626,"date":"2023-11-14T12:49:07","date_gmt":"2023-11-14T05:49:07","guid":{"rendered":"https:\/\/bynature.vn\/product\/kem-u-toc-250gr\/"},"modified":"2026-02-09T11:58:34","modified_gmt":"2026-02-09T04:58:34","slug":"kem-u-toc-250gr","status":"publish","type":"product","link":"https:\/\/bynature.vn\/vi\/product\/kem-u-toc-250gr\/","title":{"rendered":"M\u1eb7t N\u1ea1 \u1ee6 T\u00f3c 250g"},"content":{"rendered":"<p class=\"p1\">M\u1eb7t n\u1ea1 \u1ee7 t\u00f3c v\u1edbi ph\u1ee9c h\u1ee3p ultra keratin v\u00e0 chi\u1ebft xu\u1ea5t th\u1ea3o m\u1ed9c.<\/p>\n<p style=\"text-align: justify;\">M\u1eb7t n\u1ea1 \u1ee7 t\u00f3c v\u1edbi d\u1ea7u b\u01b0\u1edfi v\u00e0 tinh d\u1ea7u khuynh di\u1ec7p chanh gi\u00fap ph\u1ee5c h\u1ed3i t\u00f3c h\u01b0 t\u1ed5n, gi\u1ea3m r\u1ee5ng t\u00f3c v\u00e0 mang l\u1ea1i m\u00e1i t\u00f3c m\u1ec1m m\u01b0\u1ee3t, b\u00f3ng kh\u1ecfe, b\u1ed3ng b\u1ec1nh.<\/p>\n<p style=\"text-align: justify;\">S\u1ea3n ph\u1ea9m kh\u00f4ng ch\u1ee9a silicone, kh\u00f4ng paraben v\u00e0 kh\u00f4ng h\u01b0\u01a1ng li\u1ec7u t\u1ed5ng h\u1ee3p.<\/p>\n<p style=\"text-align: justify;\"><em><strong>C\u00f4ng d\u1ee5ng:<\/strong><\/em><\/p>\n<ul>\n<li style=\"text-align: justify;\">Nu\u00f4i d\u01b0\u1ee1ng t\u00f3c chuy\u00ean s\u00e2u.<\/li>\n<li style=\"text-align: justify;\">Gi\u1ea3m g\u00e3y r\u1ee5ng t\u00f3c.<\/li>\n<li style=\"text-align: justify;\">Gi\u00fap t\u00f3c b\u00f3ng m\u01b0\u1ee3t v\u00e0 m\u1ec1m m\u1ea1i h\u01a1n.<\/li>\n<\/ul>\n<p style=\"text-align: justify;\"><em><strong>H\u01b0\u1edbng d\u1eabn s\u1eed d\u1ee5ng:<\/strong><\/em><\/p>\n<p class=\"p1\">Thoa m\u1eb7t n\u1ea1 l\u00ean t\u00f3c, t\u1eadp trung t\u1eeb th\u00e2n \u0111\u1ebfn ng\u1ecdn t\u00f3c v\u00e0 tr\u00e1nh ph\u1ea7n ch\u00e2n t\u00f3c\/da \u0111\u1ea7u. \u0110\u1ec3 m\u1eb7t n\u1ea1 tr\u00ean t\u00f3c t\u1eeb 5\u201310 ph\u00fat \u0111\u1ec3 d\u01b0\u1ee1ng ch\u1ea5t th\u1ea9m th\u1ea5u. X\u1ea3 s\u1ea1ch l\u1ea1i v\u1edbi n\u01b0\u1edbc.  <\/p>\n<p style=\"text-align: justify;\"><em><strong>B\u1ea3o qu\u1ea3n:<\/strong><\/em><\/p>\n<p class=\"p1\">B\u1ea3o qu\u1ea3n \u1edf nhi\u1ec7t \u0111\u1ed9 ph\u00f2ng, n\u01a1i kh\u00f4 r\u00e1o &amp; m\u00e1t, tr\u00e1nh \u00e1nh n\u1eafng tr\u1ef1c ti\u1ebfp. \u0110\u00f3ng ch\u1eb7t n\u1eafp sau m\u1ed7i l\u1ea7n s\u1eed d\u1ee5ng. Ch\u1ec9 d\u00f9ng ngo\u00e0i da. Tr\u00e1nh v\u00f9ng m\u1eaft. N\u00ean th\u1eed s\u1ea3n ph\u1ea9m tr\u00ean m\u1ed9t v\u00f9ng da nh\u1ecf tr\u01b0\u1edbc khi d\u00f9ng cho di\u1ec7n r\u1ed9ng. N\u1ebfu c\u00f3 k\u00edch \u1ee9ng, h\u00e3y ng\u01b0ng s\u1eed d\u1ee5ng.     <\/p>\n<p style=\"text-align: justify;\"><em><strong>L\u01b0u \u00fd:<\/strong><\/em><\/p>\n<ul>\n<li style=\"text-align: justify;\">Nh\u1edb massage c\u1ea3 th\u00e2n t\u00f3c \u0111\u1ec3 gi\u00fap d\u01b0\u1ee1ng ch\u1ea5t th\u1ea9m th\u1ea5u t\u1ed1t h\u01a1n.<\/li>\n<li style=\"text-align: justify;\">C\u00f3 th\u1ec3 d\u00f9ng m\u0169 tr\u00f9m t\u00f3c ho\u1eb7c kh\u0103n \u0111\u1ec3 \u1ee7 t\u00f3c.<\/li>\n<li style=\"text-align: justify;\">C\u00f3 th\u1ec3 g\u00e2y k\u00edch \u1ee9ng n\u1ebfu \u0111\u1ec3 qu\u00e1 l\u00e2u.<\/li>\n<li style=\"text-align: justify;\">Lu\u00f4n d\u00f9ng ch\u1ebf \u0111\u1ed9 \u201cCOOL\u201d khi s\u1ea5y t\u00f3c.<\/li>\n<\/ul>\n<p style=\"text-align: justify;\"><em><strong>Th\u00e0nh ph\u1ea7n:<\/strong><\/em> N\u01b0\u1edbc tinh khi\u1ebft, Propylene Glycol, Glycerin, Behentrimonium Chloride, PEG 40 Hydrogenated Castor Oil, D\u1ea7u b\u01a1 (Persea Gratissima), D\u1ea7u argan (Argania Spinosa Kernel Oil), D\u1ea7u olive (Olea Europaea Fruit Oil), D\u1ea7u d\u1eeba (Cocos Nucifera Oil), Ceteareth-20, Keratin, Biotin, Phytonadione, Tocopheryl Acetate, Panthenol, Tinh d\u1ea7u v\u1ecf b\u01b0\u1edfi (Citrus Grandis Peel Oil), Tinh d\u1ea7u khuynh di\u1ec7p chanh (Eucalyptus Citriodora Oil), Axit citric, Glucono delta-lactone v\u00e0 Sodium Benzoate.<\/p>\n<p>\u0110\u1ecdc Th\u00eam: <span style=\"text-decoration: underline; color: #008000;\"><a style=\"color: #008000; text-decoration: underline;\" href=\"https:\/\/bynature.vn\/4-good-reasons-to-use-natural-skin-care-products\/\">4 l\u00fd do n\u00ean s\u1eed d\u1ee5ng s\u1ea3n ph\u1ea9m ch\u0103m s\u00f3c da t\u1ef1 nhi\u00ean<\/a><\/span><\/p>\n","protected":false},"excerpt":{"rendered":"<p>M\u1eb7t n\u1ea1 \u1ee7 t\u00f3c v\u1edbi ph\u1ee9c h\u1ee3p ultra keratin v\u00e0 chi\u1ebft xu\u1ea5t th\u1ea3o m\u1ed9c. M\u1eb7t n\u1ea1 \u1ee7 t\u00f3c v\u1edbi d\u1ea7u b\u01b0\u1edfi v\u00e0 tinh d\u1ea7u khuynh di\u1ec7p chanh gi\u00fap ph\u1ee5c h\u1ed3i t\u00f3c h\u01b0 t\u1ed5n, gi\u1ea3m r\u1ee5ng t\u00f3c v\u00e0 mang l\u1ea1i m\u00e1i t\u00f3c m\u1ec1m m\u01b0\u1ee3t, b\u00f3ng kh\u1ecfe, b\u1ed3ng b\u1ec1nh. S\u1ea3n ph\u1ea9m kh\u00f4ng ch\u1ee9a silicone, kh\u00f4ng paraben v\u00e0 &hellip; <\/p>\n<p class=\"link-more\"><a href=\"https:\/\/bynature.vn\/vi\/product\/kem-u-toc-250gr\/\" class=\"more-link\">Continue reading<span class=\"screen-reader-text\"> &#8220;M\u1eb7t N\u1ea1 \u1ee6 T\u00f3c 250g&#8221;<\/span><\/a><\/p>\n","protected":false},"featured_media":10754,"template":"","meta":[],"pwb-brand":[299],"product_cat":[193,198,199,185],"product_tag":[],"class_list":{"0":"post-5626","1":"product","2":"type-product","3":"status-publish","4":"has-post-thumbnail","6":"pwb-brand-guby-homemade-vi","7":"product_cat-cham-soc-toc","8":"product_cat-dau-xa","9":"product_cat-duong-toc","10":"product_cat-suc-khoe-lam-dep","12":"first","13":"instock","14":"purchasable","15":"product-type-simple"},"acf":[],"brands":[{"id":299,"name":"Guby Homemade","slug":"guby-homemade-vi"}],"_links":{"self":[{"href":"https:\/\/bynature.vn\/vi\/wp-json\/wp\/v2\/product\/5626","targetHints":{"allow":["GET"]}}],"collection":[{"href":"https:\/\/bynature.vn\/vi\/wp-json\/wp\/v2\/product"}],"about":[{"href":"https:\/\/bynature.vn\/vi\/wp-json\/wp\/v2\/types\/product"}],"wp:featuredmedia":[{"embeddable":true,"href":"https:\/\/bynature.vn\/vi\/wp-json\/wp\/v2\/media\/10754"}],"wp:attachment":[{"href":"https:\/\/bynature.vn\/vi\/wp-json\/wp\/v2\/media?parent=5626"}],"wp:term":[{"taxonomy":"pwb-brand","embeddable":true,"href":"https:\/\/bynature.vn\/vi\/wp-json\/wp\/v2\/pwb-brand?post=5626"},{"taxonomy":"product_cat","embeddable":true,"href":"https:\/\/bynature.vn\/vi\/wp-json\/wp\/v2\/product_cat?post=5626"},{"taxonomy":"product_tag","embeddable":true,"href":"https:\/\/bynature.vn\/vi\/wp-json\/wp\/v2\/product_tag?post=5626"}],"curies":[{"name":"wp","href":"https:\/\/api.w.org\/{rel}","templated":true}]}}