{"id":5619,"date":"2023-11-14T12:49:03","date_gmt":"2023-11-14T05:49:03","guid":{"rendered":"https:\/\/bynature.vn\/product\/dau-goi-buoi-tra-250ml\/"},"modified":"2024-04-10T14:12:29","modified_gmt":"2024-04-10T07:12:29","slug":"dau-goi-buoi-tra-250ml","status":"publish","type":"product","link":"https:\/\/bynature.vn\/vi\/product\/dau-goi-buoi-tra-250ml\/","title":{"rendered":"D\u1ea7u G\u1ed9i B\u01b0\u1edfi Tr\u00e0 (250ml)"},"content":{"rendered":"<h6 style=\"text-align: justify;\">D\u1ea7u g\u1ed9i b\u01b0\u1edfi tr\u00e0<\/h6>\n<p style=\"text-align: justify;\">D\u1ea7u g\u1ed9i b\u01b0\u1edfi tr\u00e0 \u2013 CAMELLIA SINENSIS LEAF SHAMPOO \u0111\u01b0\u1ee3c l\u00e0m t\u1eeb 100% th\u00e0nh ph\u1ea7n thi\u00ean nhi\u00ean nh\u01b0: l\u00e1 tr\u00e0 t\u01b0\u01a1i, v\u1ecf b\u01b0\u1edfi, b\u1ed3 k\u1ebft, c\u1ecf m\u1ea7n tr\u1ea7u, b\u1ed3 h\u00f2n\u2026 th\u00edch h\u1ee3p cho m\u1ecdi l\u1ee9a tu\u1ed5i. T\u00f3c s\u1ebd \u0111\u01b0\u1ee3c nu\u00f4i d\u01b0\u1ee1ng t\u1eeb s\u00e2u b\u00ean trong l\u00f5i. Lo\u1ea1i b\u1ecf h\u00f3a ch\u1ea5t t\u00edch t\u1ee5 tr\u00ean t\u00f3c do th\u1eddi gian d\u00e0i s\u1eed d\u1ee5ng d\u1ea7u g\u1ed9i c\u00f4ng nghi\u1ec7p. Mang l\u1ea1i m\u1ed9t m\u00e1i t\u00f3c su\u00f4n m\u01b0\u1ee3t, b\u1ed3ng b\u1ec1nh.<\/p>\n<p style=\"text-align: justify;\"><em><strong>C\u00f4ng d\u1ee5ng v\u01b0\u1ee3t tr\u1ed9i:<\/strong><\/em><\/p>\n<ul>\n<li style=\"text-align: justify;\">Nh\u1eb9 nh\u00e0ng l\u00e0m s\u1ea1ch b\u1ee5i b\u1ea9n v\u00e0 d\u1ea7u th\u1eeba tr\u00ean t\u00f3c.<\/li>\n<li style=\"text-align: justify;\">T\u0103ng s\u1ef1 \u0111\u00e0n h\u1ed3i, gi\u00fap t\u00f3c ch\u1eafc kh\u1ecfe.<\/li>\n<li style=\"text-align: justify;\">Gi\u1eef m\u00e0u t\u00f3c nhu\u1ed9m b\u1ec1n h\u01a1n.<\/li>\n<li style=\"text-align: justify;\">B\u1ed5 sung \u0111\u1ed9 \u1ea9m v\u00e0 nu\u00f4i d\u01b0\u1ee1ng m\u00e1i t\u00f3c b\u1ecb h\u01b0 t\u1ed5n do h\u00f3a ch\u1ea5t.<\/li>\n<li style=\"text-align: justify;\">Cung c\u1ea5p kho\u00e1ng ch\u1ea5t c\u1ea7n thi\u1ebft gi\u00fap t\u00f3c b\u00f3ng m\u01b0\u1ee3t v\u00e0 gi\u1ea3m g\u00e3y r\u1ee5ng.<\/li>\n<\/ul>\n<p style=\"text-align: justify;\"><em><strong>H\u01b0\u1edbng d\u1eabn s\u1eed d\u1ee5ng:<\/strong><\/em><\/p>\n<ul>\n<li style=\"text-align: justify;\">L\u00e0m \u01b0\u1edbt t\u00f3c.<\/li>\n<li style=\"text-align: justify;\">L\u1ea5y 1 l\u01b0\u1ee3ng v\u1eeba ph\u1ea3i tu\u1ef3 t\u00f3c d\u00e0i hay ng\u1eafn (1-3 nh\u1ea5n).<\/li>\n<li style=\"text-align: justify;\">Nh\u1eb9 nh\u00e0ng g\u1ed9i massage da \u0111\u1ea7u v\u00e0 th\u00e2n t\u00f3c.<\/li>\n<li style=\"text-align: justify;\">L\u1eb7p l\u1ea1i b\u01b0\u1edbc tr\u00ean th\u00eam m\u1ed9t l\u1ea7n \u0111\u1ec3 \u0111\u1ea3m b\u1ea3o lo\u1ea1i s\u1ea1ch b\u1ee5i b\u1ea9n.<\/li>\n<li style=\"text-align: justify;\">X\u1ea3 s\u1ea1ch b\u1eb1ng n\u01b0\u1edbc m\u00e1t.<\/li>\n<li style=\"text-align: justify;\">C\u00f3 th\u1ec3 ho\u00e0 d\u1ea7u g\u1ed9i v\u00e0o n\u01b0\u1edbc \u1ea5m, r\u1ed3i d\u00f9ng n\u01b0\u1edbc \u0111\u00f3 g\u1ed9i \u0111\u1ea7u.<\/li>\n<\/ul>\n<p style=\"text-align: justify;\"><em><strong>Th\u00e0nh ph\u1ea7n:<\/strong><\/em> Purified Water, Camellia Sinensis Leaf Extract, Eleusine Indica Extract, Gleditsia Extract, Ocimum Tenuiflorum Extract, Cymbopogon Schoenanthus Extract, Citrus Maxima Extract, Sapindus Saponaria Extract, Hydroxyethyl Cellulose, Cocamidopropyl Betaine, Propylene Glycol, Sodium Chloride, Panthenol, Polysorbate 20, Phenoxyethanol &amp; Ethylhexylglycerin.<\/p>\n<p style=\"text-align: justify;\"><em><strong>B\u1ea3o qu\u1ea3n:<\/strong><\/em> Tr\u00e1nh \u00e1nh n\u1eafng tr\u1ef1c ti\u1ebfp, n\u01a1i c\u00f3 nhi\u1ec7t \u0111\u1ed9 cao.<\/p>\n<p style=\"text-align: justify;\"><em><strong>L\u01b0u \u00fd khi s\u1eed d\u1ee5ng:<\/strong><\/em><\/p>\n<ul>\n<li style=\"text-align: justify;\">D\u1ea7u g\u1ed9i \u00edt b\u1ecdt v\u00ec kh\u00f4ng s\u1eed d\u1ee5ng x\u00fat t\u1ea1o b\u1ecdt.<\/li>\n<li style=\"text-align: justify;\">Th\u00e0nh ph\u1ea7n ch\u1ee7 y\u1ebfu l\u00e0 n\u01b0\u1edbc c\u1ed1t th\u1ea3o m\u1ed9c n\u00ean c\u00f3 th\u1ec3 t\u1ea1o c\u1ea3m gi\u00e1c h\u01a1i kh\u00f4 r\u00edt. Nh\u01b0ng s\u1ea3n ph\u1ea9m v\u1eabn \u0111\u1ea3m b\u1ea3o l\u00e0m s\u1ea1ch t\u00f3c v\u00e0 da \u0111\u1ea7u khi d\u00f9ng.<\/li>\n<li style=\"text-align: justify;\">N\u00ean s\u1ea5y t\u00f3c \u1edf ch\u1ebf \u0111\u1ed9 m\u00e1t ngay sau khi g\u1ed9i.<\/li>\n<li style=\"text-align: justify;\">S\u1ea3n ph\u1ea9m c\u00f3 th\u1ec3 \u0111\u01b0\u1ee3c \u0111i\u1ec1u ch\u1ec9nh c\u00f4ng th\u1ee9c t\u00f9y theo m\u00f9a \u0111\u1ec3 ph\u00e1t huy t\u1ed1t nh\u1ea5t nh\u1eefng c\u00f4ng d\u1ee5ng c\u1ee7a s\u1ea3n ph\u1ea9m.<\/li>\n<\/ul>\n<p style=\"text-align: justify;\"><em><strong>HSD:<\/strong><\/em> 12 th\u00e1ng k\u1ec3 t\u1eeb ng\u00e0y s\u1ea3n xu\u1ea5t. D\u00f9ng t\u1ed1t nh\u1ea5t trong 6 th\u00e1ng k\u1ec3 t\u1eeb ng\u00e0y m\u1edf n\u1eafp.<\/p>\n<p style=\"text-align: justify;\">\u0110\u1ecdc th\u00eam:<span style=\"text-decoration: underline; color: #008000;\"> <a style=\"color: #008000; text-decoration: underline;\" href=\"https:\/\/bynature.vn\/vi\/5-loi-ich-tuyet-voi-cua-my-pham-thien-nhien\/\">5 l\u1ee3i \u00edch tuy\u1ec7t v\u1eddi c\u1ee7a m\u1ef9 ph\u1ea9m thi\u00ean nhi\u00ean<\/a><\/span><\/p>\n","protected":false},"excerpt":{"rendered":"<p>D\u1ea7u g\u1ed9i b\u01b0\u1edfi tr\u00e0 D\u1ea7u g\u1ed9i b\u01b0\u1edfi tr\u00e0 \u2013 CAMELLIA SINENSIS LEAF SHAMPOO \u0111\u01b0\u1ee3c l\u00e0m t\u1eeb 100% th\u00e0nh ph\u1ea7n thi\u00ean nhi\u00ean nh\u01b0: l\u00e1 tr\u00e0 t\u01b0\u01a1i, v\u1ecf b\u01b0\u1edfi, b\u1ed3 k\u1ebft, c\u1ecf m\u1ea7n tr\u1ea7u, b\u1ed3 h\u00f2n\u2026 th\u00edch h\u1ee3p cho m\u1ecdi l\u1ee9a tu\u1ed5i. T\u00f3c s\u1ebd \u0111\u01b0\u1ee3c nu\u00f4i d\u01b0\u1ee1ng t\u1eeb s\u00e2u b\u00ean trong l\u00f5i. Lo\u1ea1i b\u1ecf h\u00f3a ch\u1ea5t t\u00edch &hellip; <\/p>\n<p class=\"link-more\"><a href=\"https:\/\/bynature.vn\/vi\/product\/dau-goi-buoi-tra-250ml\/\" class=\"more-link\">Continue reading<span class=\"screen-reader-text\"> &#8220;D\u1ea7u G\u1ed9i B\u01b0\u1edfi Tr\u00e0 (250ml)&#8221;<\/span><\/a><\/p>\n","protected":false},"featured_media":10864,"template":"","meta":[],"pwb-brand":[299],"product_cat":[278,200,415,185],"product_tag":[],"class_list":{"0":"post-5619","1":"product","2":"type-product","3":"status-publish","4":"has-post-thumbnail","6":"pwb-brand-guby-homemade-vi","7":"product_cat-cham-soc-toc-vi","8":"product_cat-dau-goi","9":"product_cat-san-pham-khuyen-mai-hang-tuan","10":"product_cat-suc-khoe-lam-dep","12":"first","13":"instock","14":"sale","15":"purchasable","16":"product-type-simple"},"acf":[],"brands":[{"id":299,"name":"Guby Homemade","slug":"guby-homemade-vi"}],"_links":{"self":[{"href":"https:\/\/bynature.vn\/vi\/wp-json\/wp\/v2\/product\/5619","targetHints":{"allow":["GET"]}}],"collection":[{"href":"https:\/\/bynature.vn\/vi\/wp-json\/wp\/v2\/product"}],"about":[{"href":"https:\/\/bynature.vn\/vi\/wp-json\/wp\/v2\/types\/product"}],"wp:featuredmedia":[{"embeddable":true,"href":"https:\/\/bynature.vn\/vi\/wp-json\/wp\/v2\/media\/10864"}],"wp:attachment":[{"href":"https:\/\/bynature.vn\/vi\/wp-json\/wp\/v2\/media?parent=5619"}],"wp:term":[{"taxonomy":"pwb-brand","embeddable":true,"href":"https:\/\/bynature.vn\/vi\/wp-json\/wp\/v2\/pwb-brand?post=5619"},{"taxonomy":"product_cat","embeddable":true,"href":"https:\/\/bynature.vn\/vi\/wp-json\/wp\/v2\/product_cat?post=5619"},{"taxonomy":"product_tag","embeddable":true,"href":"https:\/\/bynature.vn\/vi\/wp-json\/wp\/v2\/product_tag?post=5619"}],"curies":[{"name":"wp","href":"https:\/\/api.w.org\/{rel}","templated":true}]}}