{"id":5580,"date":"2023-11-14T12:48:56","date_gmt":"2023-11-14T05:48:56","guid":{"rendered":"https:\/\/bynature.vn\/product\/sua-rua-mat-tay-trang-cho-da-nhay-cam-olive-lavender-250ml\/"},"modified":"2024-04-11T11:55:18","modified_gmt":"2024-04-11T04:55:18","slug":"sua-rua-mat-va-tay-trang-cho-da-nhay-cam","status":"publish","type":"product","link":"https:\/\/bynature.vn\/vi\/product\/sua-rua-mat-va-tay-trang-cho-da-nhay-cam\/","title":{"rendered":"S\u1eefa R\u1eeda M\u1eb7t V\u00e0 T\u1ea9y Trang Cho Da Nh\u1ea1y C\u1ea3m (Olive Lavender) 250ml"},"content":{"rendered":"<h6 style=\"text-align: justify;\">S\u1eefa r\u1eeda m\u1eb7t v\u00e0 t\u1ea9y trang cho da nh\u1ea1y c\u1ea3m (Olive lavender)<\/h6>\n<p style=\"text-align: justify;\"><em><strong>Th\u00e0nh ph\u1ea7n:<\/strong><\/em> D\u1ea7u Oliu , tinh d\u1ea7u o\u1ea3i h\u01b0\u01a1ng lavender.<\/p>\n<p style=\"text-align: justify;\"><em><strong>C\u00f4ng d\u1ee5ng:<\/strong><\/em><\/p>\n<ul>\n<li style=\"text-align: justify;\">D\u1ea7u Oliu gi\u00e0u ch\u1ea5t ch\u1ed1ng oxy h\u00f3a m\u1ea1nh, c\u00f3 \u0111\u1eb7c t\u00ednh ch\u1ed1ng vi\u00eam, tr\u1ecb m\u1ee5n v\u00e0 h\u1ed7 tr\u1ee3 l\u00e0m s\u00e1ng da v\u00e0 \u0111\u1ec1u m\u00e0u da.<\/li>\n<li style=\"text-align: justify;\">S\u1ea3n ph\u1ea9m ph\u00f9 h\u1ee3p v\u1edbi m\u1ecdi m\u1ee5c \u0111\u00edch l\u00e0m s\u1ea1ch s\u00e2u, cho m\u1ecdi lo\u1ea1i da v\u00e0 \u0111\u1eb7c bi\u1ec7t d\u00e0nh cho da nh\u1ea1y c\u1ea3m, gi\u00fap r\u1eeda s\u1ea1ch nh\u1eb9 nh\u00e0ng nh\u01b0ng s\u1ea1ch s\u00e2u t\u1eeb l\u1ed7 ch\u00e2n l\u00f4ng, duy tr\u00ec l\u00e0n da m\u1ec1m m\u1ea1i, c\u1ea3m gi\u00e1c m\u1ecbn m\u00e0ng v\u00e0 t\u01b0\u01a1i tr\u1ebb sau m\u1ed7i l\u1ea7n r\u1eeda.<\/li>\n<li style=\"text-align: justify;\">H\u01b0\u01a1ng hoa o\u1ea3i h\u01b0\u01a1ng gi\u00fap \u1ed5n \u0111\u1ecbnh t\u00e2m tr\u1ea1ng, h\u1ed7 tr\u1ee3 gi\u1ea5c ng\u1ee7.<\/li>\n<\/ul>\n<p>\u0110\u1ecdc th\u00eam:<span style=\"text-decoration: underline; color: #008000;\"> <a style=\"color: #008000; text-decoration: underline;\" href=\"https:\/\/bynature.vn\/vi\/5-loi-ich-tuyet-voi-cua-my-pham-thien-nhien\/\">5 l\u1ee3i \u00edch tuy\u1ec7t v\u1eddi c\u1ee7a m\u1ef9 ph\u1ea9m thi\u00ean nhi\u00ean<\/a><\/span><\/p>\n","protected":false},"excerpt":{"rendered":"<p>S\u1eefa r\u1eeda m\u1eb7t v\u00e0 t\u1ea9y trang cho da nh\u1ea1y c\u1ea3m (Olive lavender) Th\u00e0nh ph\u1ea7n: D\u1ea7u Oliu , tinh d\u1ea7u o\u1ea3i h\u01b0\u01a1ng lavender. C\u00f4ng d\u1ee5ng: D\u1ea7u Oliu gi\u00e0u ch\u1ea5t ch\u1ed1ng oxy h\u00f3a m\u1ea1nh, c\u00f3 \u0111\u1eb7c t\u00ednh ch\u1ed1ng vi\u00eam, tr\u1ecb m\u1ee5n v\u00e0 h\u1ed7 tr\u1ee3 l\u00e0m s\u00e1ng da v\u00e0 \u0111\u1ec1u m\u00e0u da. S\u1ea3n ph\u1ea9m ph\u00f9 h\u1ee3p v\u1edbi m\u1ecdi &hellip; <\/p>\n<p class=\"link-more\"><a href=\"https:\/\/bynature.vn\/vi\/product\/sua-rua-mat-va-tay-trang-cho-da-nhay-cam\/\" class=\"more-link\">Continue reading<span class=\"screen-reader-text\"> &#8220;S\u1eefa R\u1eeda M\u1eb7t V\u00e0 T\u1ea9y Trang Cho Da Nh\u1ea1y C\u1ea3m (Olive Lavender) 250ml&#8221;<\/span><\/a><\/p>\n","protected":false},"featured_media":3342,"template":"","meta":[],"pwb-brand":[301],"product_cat":[208,185,218,216,217],"product_tag":[],"class_list":{"0":"post-5580","1":"product","2":"type-product","3":"status-publish","4":"has-post-thumbnail","6":"pwb-brand-daquyn-the-queen-vi","7":"product_cat-lam-sach-da","8":"product_cat-suc-khoe-lam-dep","9":"product_cat-xa-phong-dang-nuoc","10":"product_cat-xa-phong-rua-mat","11":"product_cat-xa-phong-rua-tay","13":"first","14":"instock","15":"purchasable","16":"product-type-simple"},"acf":[],"brands":[{"id":301,"name":"Daquyn - The Queen","slug":"daquyn-the-queen-vi"}],"_links":{"self":[{"href":"https:\/\/bynature.vn\/vi\/wp-json\/wp\/v2\/product\/5580","targetHints":{"allow":["GET"]}}],"collection":[{"href":"https:\/\/bynature.vn\/vi\/wp-json\/wp\/v2\/product"}],"about":[{"href":"https:\/\/bynature.vn\/vi\/wp-json\/wp\/v2\/types\/product"}],"wp:featuredmedia":[{"embeddable":true,"href":"https:\/\/bynature.vn\/vi\/wp-json\/wp\/v2\/media\/3342"}],"wp:attachment":[{"href":"https:\/\/bynature.vn\/vi\/wp-json\/wp\/v2\/media?parent=5580"}],"wp:term":[{"taxonomy":"pwb-brand","embeddable":true,"href":"https:\/\/bynature.vn\/vi\/wp-json\/wp\/v2\/pwb-brand?post=5580"},{"taxonomy":"product_cat","embeddable":true,"href":"https:\/\/bynature.vn\/vi\/wp-json\/wp\/v2\/product_cat?post=5580"},{"taxonomy":"product_tag","embeddable":true,"href":"https:\/\/bynature.vn\/vi\/wp-json\/wp\/v2\/product_tag?post=5580"}],"curies":[{"name":"wp","href":"https:\/\/api.w.org\/{rel}","templated":true}]}}