{"id":5573,"date":"2023-11-14T12:48:56","date_gmt":"2023-11-14T05:48:56","guid":{"rendered":"https:\/\/bynature.vn\/product\/tinh-dau-lan-blooming-khu-mui-10ml\/"},"modified":"2024-04-04T16:36:41","modified_gmt":"2024-04-04T09:36:41","slug":"tinh-dau-lan-khu-mui-blooming-10ml","status":"publish","type":"product","link":"https:\/\/bynature.vn\/vi\/product\/tinh-dau-lan-khu-mui-blooming-10ml\/","title":{"rendered":"Tinh D\u1ea7u L\u0103n Kh\u1eed M\u00f9i 10ml"},"content":{"rendered":"<h6 style=\"text-align: justify;\">Tinh d\u1ea7u l\u0103n kh\u1eed m\u00f9i<\/h6>\n<p style=\"text-align: justify;\"><em><strong>C\u00f4ng d\u1ee5ng: <\/strong><\/em>S\u1ea3n ph\u1ea9m kh\u1eed m\u00f9i c\u00f3 s\u1ef1 k\u1ebft h\u1ee3p c\u1ee7a tinh ch\u1ea5t n\u01b0\u1edbc hoa cao c\u1ea5p, c\u00f3 t\u00e1c d\u1ee5ng di\u1ec7t khu\u1ea9n v\u00e0 n\u1ea5m, \u1ee9c ch\u1ebf qu\u00e1 tr\u00ecnh oxy h\u00f3a b\u00e3 h\u1eefu c\u01a1 g\u00e2y m\u00f9i do c\u01a1 th\u1ec3 ti\u1ebft ra. H\u01b0\u01a1ng th\u01a1m nh\u1eb9 nh\u00e0ng, sang tr\u1ecdng, l\u01b0u gi\u1eef 24h gi\u00fap c\u01a1 th\u1ec3 gi\u1ea3m stress, gi\u1ea3m c\u0103ng th\u1eb3ng. Gi\u00fap gi\u1ea3m ti\u1ebft m\u1ed3 h\u00f4i, kh\u1eed m\u00f9i h\u00f4i c\u01a1 th\u1ec3.<\/p>\n<p style=\"text-align: justify;\"><em><strong>HDSD:<\/strong><\/em> L\u0103n chai l\u0103n tinh d\u1ea7u tr\u1ecb li\u1ec7u Coconam l\u00ean c\u00e1c v\u00f9ng c\u1ed5, sau g\u00e1y, th\u00e1i d\u01b0\u01a1ng ho\u1eb7c v\u00f9ng c\u00f3 m\u1ea1ch \u0111\u1eadp nh\u01b0 c\u1ed5 tay.<\/p>\n<p style=\"text-align: justify;\"><em><strong>L\u01b0u \u00fd:<\/strong><\/em><\/p>\n<ul style=\"text-align: justify;\">\n<li style=\"text-align: justify;\">Ch\u1ec9 s\u1eed d\u1ee5ng ngo\u00e0i da.<\/li>\n<li style=\"text-align: justify;\">Tr\u00e1nh ti\u1ebfp x\u00fac v\u1edbi m\u1eaft.<\/li>\n<li style=\"text-align: justify;\">Tr\u00e1nh xa t\u1ea7m tay tr\u1ebb em.<\/li>\n<li style=\"text-align: justify;\">C\u00f3 th\u1ec3 g\u00e2y k\u00edch \u1ee9ng da.<\/li>\n<li style=\"text-align: justify;\">Kh\u00f4ng s\u1eed d\u1ee5ng l\u00ean v\u1ebft th\u01b0\u01a1ng h\u1edf.<\/li>\n<li style=\"text-align: justify;\">N\u1ebfu mang thai ho\u1eb7c \u0111ang cho con b\u00fa, b\u1ecb b\u1ec7nh ho\u1eb7c d\u00f9ng thu\u1ed1c, h\u00e3y tham kh\u1ea3o \u00fd ki\u1ebfn \u200b\u200bb\u00e1c s\u0129 tr\u01b0\u1edbc khi s\u1eed d\u1ee5ng.<\/li>\n<li style=\"text-align: justify;\">Kh\u00f4ng d\u00e0nh cho m\u1eb7t.<\/li>\n<\/ul>\n<p style=\"text-align: justify;\"><em><strong>B\u1ea3o qu\u1ea3n:<\/strong><\/em> n\u01a1i kh\u00f4 r\u00e1o, tho\u00e1ng m\u00e1t<\/p>\n<p style=\"text-align: justify;\"><em><strong>HSD:<\/strong><\/em> T\u1ed1t nh\u1ea5t n\u1ebfu \u0111\u01b0\u1ee3c s\u1eed d\u1ee5ng trong v\u00f2ng 12 th\u00e1ng k\u1ec3 t\u1eeb khi m\u1edf n\u1eafp.<\/p>\n<p style=\"text-align: justify;\">\u0110\u1ecdc th\u00eam:<span style=\"text-decoration: underline; color: #008000;\"> <a style=\"color: #008000; text-decoration: underline;\" href=\"https:\/\/bynature.vn\/vi\/5-loi-ich-tuyet-voi-cua-my-pham-thien-nhien\/\">5 l\u1ee3i \u00edch tuy\u1ec7t v\u1eddi c\u1ee7a m\u1ef9 ph\u1ea9m thi\u00ean nhi\u00ean<\/a><\/span><\/p>\n","protected":false},"excerpt":{"rendered":"<p>Tinh d\u1ea7u l\u0103n kh\u1eed m\u00f9i C\u00f4ng d\u1ee5ng: S\u1ea3n ph\u1ea9m kh\u1eed m\u00f9i c\u00f3 s\u1ef1 k\u1ebft h\u1ee3p c\u1ee7a tinh ch\u1ea5t n\u01b0\u1edbc hoa cao c\u1ea5p, c\u00f3 t\u00e1c d\u1ee5ng di\u1ec7t khu\u1ea9n v\u00e0 n\u1ea5m, \u1ee9c ch\u1ebf qu\u00e1 tr\u00ecnh oxy h\u00f3a b\u00e3 h\u1eefu c\u01a1 g\u00e2y m\u00f9i do c\u01a1 th\u1ec3 ti\u1ebft ra. H\u01b0\u01a1ng th\u01a1m nh\u1eb9 nh\u00e0ng, sang tr\u1ecdng, l\u01b0u gi\u1eef 24h gi\u00fap &hellip; <\/p>\n<p class=\"link-more\"><a href=\"https:\/\/bynature.vn\/vi\/product\/tinh-dau-lan-khu-mui-blooming-10ml\/\" class=\"more-link\">Continue reading<span class=\"screen-reader-text\"> &#8220;Tinh D\u1ea7u L\u0103n Kh\u1eed M\u00f9i 10ml&#8221;<\/span><\/a><\/p>\n","protected":false},"featured_media":1262,"template":"","meta":[],"pwb-brand":[297],"product_cat":[191,404,185,203,194],"product_tag":[],"class_list":{"0":"post-5573","1":"product","2":"type-product","3":"status-publish","4":"has-post-thumbnail","6":"pwb-brand-coconam-vi","7":"product_cat-khu-mui","8":"product_cat-khu-mui-vi","9":"product_cat-suc-khoe-lam-dep","10":"product_cat-tinh-dau","11":"product_cat-tinh-dau-xit-thom","13":"first","14":"instock","15":"purchasable","16":"product-type-simple"},"acf":[],"brands":[{"id":297,"name":"Coconam","slug":"coconam-vi"}],"_links":{"self":[{"href":"https:\/\/bynature.vn\/vi\/wp-json\/wp\/v2\/product\/5573","targetHints":{"allow":["GET"]}}],"collection":[{"href":"https:\/\/bynature.vn\/vi\/wp-json\/wp\/v2\/product"}],"about":[{"href":"https:\/\/bynature.vn\/vi\/wp-json\/wp\/v2\/types\/product"}],"wp:featuredmedia":[{"embeddable":true,"href":"https:\/\/bynature.vn\/vi\/wp-json\/wp\/v2\/media\/1262"}],"wp:attachment":[{"href":"https:\/\/bynature.vn\/vi\/wp-json\/wp\/v2\/media?parent=5573"}],"wp:term":[{"taxonomy":"pwb-brand","embeddable":true,"href":"https:\/\/bynature.vn\/vi\/wp-json\/wp\/v2\/pwb-brand?post=5573"},{"taxonomy":"product_cat","embeddable":true,"href":"https:\/\/bynature.vn\/vi\/wp-json\/wp\/v2\/product_cat?post=5573"},{"taxonomy":"product_tag","embeddable":true,"href":"https:\/\/bynature.vn\/vi\/wp-json\/wp\/v2\/product_tag?post=5573"}],"curies":[{"name":"wp","href":"https:\/\/api.w.org\/{rel}","templated":true}]}}