{"id":5572,"date":"2023-11-14T12:48:56","date_gmt":"2023-11-14T05:48:56","guid":{"rendered":"https:\/\/bynature.vn\/product\/tinh-dau-lan-repel-chong-con-trung-10ml\/"},"modified":"2024-04-08T15:22:26","modified_gmt":"2024-04-08T08:22:26","slug":"tinh-dau-lan-chong-con-trung-10ml","status":"publish","type":"product","link":"https:\/\/bynature.vn\/vi\/product\/tinh-dau-lan-chong-con-trung-10ml\/","title":{"rendered":"Tinh D\u1ea7u L\u0103n Ch\u1ed1ng C\u00f4n Tr\u00f9ng REPEL 10ml"},"content":{"rendered":"<h6 style=\"text-align: justify;\">Tinh d\u1ea7u l\u0103n ch\u1ed1ng c\u00f4n tr\u00f9ng REPEL<\/h6>\n<p style=\"text-align: justify;\"><em><strong>C\u00f4ng d\u1ee5ng:<\/strong><\/em> B\u1ea1n \u0111ang t\u00ecm ki\u1ebfm m\u1ed9t ph\u01b0\u01a1ng ph\u00e1p \u0111u\u1ed5i mu\u1ed7i v\u00e0 c\u00f4n tr\u00f9ng c\u00f3 h\u1ea1i,&#8230; ho\u00e0n to\u00e0n thi\u00ean nhi\u00ean? L\u0103n tinh d\u1ea7u ch\u1ed1ng c\u00f4n tr\u00f9ng Coconam chi\u1ebft xu\u1ea5t b\u1ea1ch \u0111\u00e0n chanh (c\u00f2n \u0111\u01b0\u1ee3c g\u1ecdi l\u00e0 p-menthane-3,8-diol, ho\u1eb7c PMD) c\u00f3 ngu\u1ed3n g\u1ed1c t\u1eeb l\u00e1 c\u1ee7a c\u00e2y b\u1ea1ch \u0111\u00e0n chanh v\u00e0 tinh d\u1ea7u c\u00e2y s\u1ea3 l\u00e0 gi\u1ea3i ph\u00e1p \u0111u\u1ed5i c\u00f4n tr\u00f9ng tuy\u1ec7t v\u1eddi t\u1eeb thi\u00ean nhi\u00ean.<\/p>\n<p style=\"text-align: justify;\"><em><strong>HDSD:<\/strong><\/em> L\u0103n chai l\u0103n tinh d\u1ea7u tr\u1ecb li\u1ec7u Coconam l\u00ean c\u00e1c v\u00f9ng c\u1ed5, sau g\u00e1y, th\u00e1i d\u01b0\u01a1ng ho\u1eb7c v\u00f9ng c\u00f3 m\u1ea1ch \u0111\u1eadp nh\u01b0 c\u1ed5 tay.<\/p>\n<p style=\"text-align: justify;\"><em><strong>L\u01b0u \u00fd:<\/strong><\/em><\/p>\n<ul>\n<li style=\"text-align: justify;\">Ch\u1ec9 s\u1eed d\u1ee5ng ngo\u00e0i da<\/li>\n<li style=\"text-align: justify;\">Tr\u00e1nh ti\u1ebfp x\u00fac v\u1edbi m\u1eaft<\/li>\n<li style=\"text-align: justify;\">Tr\u00e1nh xa t\u1ea7m tay tr\u1ebb em.<\/li>\n<li style=\"text-align: justify;\">C\u00f3 th\u1ec3 g\u00e2y k\u00edch \u1ee9ng da.<\/li>\n<li style=\"text-align: justify;\">Kh\u00f4ng s\u1eed d\u1ee5ng l\u00ean v\u1ebft th\u01b0\u01a1ng h\u1edf.<\/li>\n<li style=\"text-align: justify;\">N\u1ebfu mang thai ho\u1eb7c \u0111ang cho con b\u00fa, b\u1ecb b\u1ec7nh ho\u1eb7c d\u00f9ng thu\u1ed1c, h\u00e3y tham kh\u1ea3o \u00fd ki\u1ebfn \u200b\u200bb\u00e1c s\u0129 tr\u01b0\u1edbc khi s\u1eed d\u1ee5ng.<\/li>\n<li style=\"text-align: justify;\">Kh\u00f4ng d\u00e0nh cho m\u1eb7t.<\/li>\n<\/ul>\n<p style=\"text-align: justify;\"><em><strong>B\u1ea3o qu\u1ea3n:<\/strong><\/em> n\u01a1i kh\u00f4 r\u00e1o, tho\u00e1ng m\u00e1t<\/p>\n<p style=\"text-align: justify;\"><em><strong>HSD:<\/strong><\/em> T\u1ed1t nh\u1ea5t n\u1ebfu \u0111\u01b0\u1ee3c s\u1eed d\u1ee5ng trong v\u00f2ng 12 th\u00e1ng k\u1ec3 t\u1eeb khi m\u1edf n\u1eafp.<\/p>\n<p style=\"text-align: justify;\">\u0110\u1ecdc th\u00eam:<span style=\"text-decoration: underline; color: #008000;\"> <a style=\"color: #008000; text-decoration: underline;\" href=\"https:\/\/bynature.vn\/vi\/5-loi-ich-tuyet-voi-cua-my-pham-thien-nhien\/\">5 l\u1ee3i \u00edch tuy\u1ec7t v\u1eddi c\u1ee7a m\u1ef9 ph\u1ea9m thi\u00ean nhi\u00ean<\/a><\/span><\/p>\n","protected":false},"excerpt":{"rendered":"<p>Tinh d\u1ea7u l\u0103n ch\u1ed1ng c\u00f4n tr\u00f9ng REPEL C\u00f4ng d\u1ee5ng: B\u1ea1n \u0111ang t\u00ecm ki\u1ebfm m\u1ed9t ph\u01b0\u01a1ng ph\u00e1p \u0111u\u1ed5i mu\u1ed7i v\u00e0 c\u00f4n tr\u00f9ng c\u00f3 h\u1ea1i,&#8230; ho\u00e0n to\u00e0n thi\u00ean nhi\u00ean? L\u0103n tinh d\u1ea7u ch\u1ed1ng c\u00f4n tr\u00f9ng Coconam chi\u1ebft xu\u1ea5t b\u1ea1ch \u0111\u00e0n chanh (c\u00f2n \u0111\u01b0\u1ee3c g\u1ecdi l\u00e0 p-menthane-3,8-diol, ho\u1eb7c PMD) c\u00f3 ngu\u1ed3n g\u1ed1c t\u1eeb l\u00e1 c\u1ee7a c\u00e2y b\u1ea1ch \u0111\u00e0n &hellip; <\/p>\n<p class=\"link-more\"><a href=\"https:\/\/bynature.vn\/vi\/product\/tinh-dau-lan-chong-con-trung-10ml\/\" class=\"more-link\">Continue reading<span class=\"screen-reader-text\"> &#8220;Tinh D\u1ea7u L\u0103n Ch\u1ed1ng C\u00f4n Tr\u00f9ng REPEL 10ml&#8221;<\/span><\/a><\/p>\n","protected":false},"featured_media":1259,"template":"","meta":[],"pwb-brand":[297],"product_cat":[203,405,185,194],"product_tag":[],"class_list":{"0":"post-5572","1":"product","2":"type-product","3":"status-publish","4":"has-post-thumbnail","6":"pwb-brand-coconam-vi","7":"product_cat-tinh-dau","8":"product_cat-chong-con-trung","9":"product_cat-suc-khoe-lam-dep","10":"product_cat-tinh-dau-xit-thom","12":"first","13":"instock","14":"purchasable","15":"product-type-simple"},"acf":[],"brands":[{"id":297,"name":"Coconam","slug":"coconam-vi"}],"_links":{"self":[{"href":"https:\/\/bynature.vn\/vi\/wp-json\/wp\/v2\/product\/5572","targetHints":{"allow":["GET"]}}],"collection":[{"href":"https:\/\/bynature.vn\/vi\/wp-json\/wp\/v2\/product"}],"about":[{"href":"https:\/\/bynature.vn\/vi\/wp-json\/wp\/v2\/types\/product"}],"wp:featuredmedia":[{"embeddable":true,"href":"https:\/\/bynature.vn\/vi\/wp-json\/wp\/v2\/media\/1259"}],"wp:attachment":[{"href":"https:\/\/bynature.vn\/vi\/wp-json\/wp\/v2\/media?parent=5572"}],"wp:term":[{"taxonomy":"pwb-brand","embeddable":true,"href":"https:\/\/bynature.vn\/vi\/wp-json\/wp\/v2\/pwb-brand?post=5572"},{"taxonomy":"product_cat","embeddable":true,"href":"https:\/\/bynature.vn\/vi\/wp-json\/wp\/v2\/product_cat?post=5572"},{"taxonomy":"product_tag","embeddable":true,"href":"https:\/\/bynature.vn\/vi\/wp-json\/wp\/v2\/product_tag?post=5572"}],"curies":[{"name":"wp","href":"https:\/\/api.w.org\/{rel}","templated":true}]}}