{"id":5571,"date":"2023-11-14T12:48:56","date_gmt":"2023-11-14T05:48:56","guid":{"rendered":"https:\/\/bynature.vn\/product\/xa-phong-khang-khuan-duong-am-thao-duoc-250ml\/"},"modified":"2024-04-04T16:06:20","modified_gmt":"2024-04-04T09:06:20","slug":"xa-phong-khang-khuan-duong-am-thao-duoc","status":"publish","type":"product","link":"https:\/\/bynature.vn\/vi\/product\/xa-phong-khang-khuan-duong-am-thao-duoc\/","title":{"rendered":"X\u00e0 Ph\u00f2ng Kh\u00e1ng Khu\u1ea9n D\u01b0\u1ee1ng \u1ea8m (Th\u1ea3o D\u01b0\u1ee3c) 250ml"},"content":{"rendered":"<h6 style=\"text-align: justify;\">X\u00e0 ph\u00f2ng kh\u00e1ng khu\u1ea9n d\u01b0\u1ee1ng \u1ea9m (Th\u1ea3o d\u01b0\u1ee3c)<\/h6>\n<p style=\"text-align: justify;\"><em><strong>C\u00f4ng d\u1ee5ng:<\/strong><\/em><\/p>\n<ul>\n<li style=\"text-align: justify;\">Ti\u00eau di\u1ec7t vi khu\u1ea9n c\u00f3 tr\u00ean da<\/li>\n<li style=\"text-align: justify;\">Cung c\u1ea5p cho da tay \u0111\u1ed9 \u1ea9m ph\u00f9 h\u1ee3p c\u00f9ng v\u1edbi m\u00f9i h\u01b0\u01a1ng d\u1ec5 ch\u1ecbu<\/li>\n<li style=\"text-align: justify;\">N\u01b0\u1edbc r\u1eeda tay Coconam l\u00e0 v\u1eadt d\u1ee5ng ti\u1ec7n l\u1ee3i trong m\u00f4i tr\u01b0\u1eddng nhi\u1ec1u ngu\u1ed3n b\u1ec7nh hi\u1ec7n nay.<\/li>\n<li style=\"text-align: justify;\">Ho\u00e0n h\u1ea3o v\u00e0 th\u00edch h\u1ee3p cho vi\u1ec7c s\u1eed d\u1ee5ng h\u00e0ng ng\u00e0y<\/li>\n<li style=\"text-align: justify;\">Nh\u1eb9 nh\u00e0ng l\u00e0m s\u1ea1ch \u0111\u1ec3 lo\u1ea1i b\u1ecf b\u1ee5i b\u1ea9n v\u00e0 vi tr\u00f9ng b\u1eb1ng b\u1ecdt m\u1ec1m<\/li>\n<li style=\"text-align: justify;\">L\u00e0m gi\u1ea3m kh\u00f4 da v\u1edbi c\u00f4ng th\u1ee9c c\u00e2n b\u1eb1ng \u0111\u1ed9 pH \u0111\u1ed9c \u0111\u00e1o v\u00e0 c\u00e1c th\u00e0nh ph\u1ea7n gi\u1eef \u1ea9m l\u00e0m d\u1ecbu<\/li>\n<\/ul>\n<p style=\"text-align: justify;\"><em><strong>Th\u00e0nh ph\u1ea7n:<\/strong><\/em> Aqua, Sodium Laureth Sulphate, Cocamide DEA, Cocamidopropyl Betaine, Cocamine Oxide Glycerin, Sodium Chloride, Tetrasodium EDTA Mixture of 5-Chloro-2-methyl-isothiazol-3(2H)-one and 2-Methylisothiazol-3(2H)-one with magnesium chloride and magnesium nitrate, pure fragrances, essential oils.<\/p>\n<ul>\n<li style=\"text-align: justify;\">X\u00e0 ph\u00f2ng c\u00f3 ngu\u1ed3n g\u1ed1c thi\u00ean nhi\u00ean.<\/li>\n<li style=\"text-align: justify;\">Vitamin E gi\u00fap cho da m\u1ec1m m\u1ea1i.<\/li>\n<li style=\"text-align: justify;\">Tinh d\u1ea7u jojoba gi\u00fap da s\u0103n ch\u1eafc, gi\u1ea3m v\u1ebft nh\u0103n.<\/li>\n<li style=\"text-align: justify;\">Tinh d\u1ea7u thi\u00ean nhi\u00ean 100% organic.<\/li>\n<\/ul>\n<p style=\"text-align: justify;\"><em><strong>HDSD:<\/strong><\/em><\/p>\n<ul>\n<li style=\"text-align: justify;\">D\u00f9ng m\u1ed9t l\u01b0\u1ee3ng x\u00e0 ph\u00f2ng r\u1eeda tay kh\u00e1ng khu\u1ea9n, d\u01b0\u1ee1ng \u1ea9m Coconam v\u1eeba \u0111\u1ee7 \u0111\u1ec3 v\u00e0o l\u00f2ng b\u00e0n tay.<\/li>\n<li style=\"text-align: justify;\">T\u1ea1o b\u1ecdt v\u00e0 xoa \u0111\u1ec1u kh\u1eafp l\u00f2ng b\u00e0n tay sau \u0111\u00f3 r\u1eeda l\u1ea1i v\u1edbi n\u01b0\u1edbc.<\/li>\n<li style=\"text-align: justify;\">Gi\u00fap di\u1ec7t c\u00e1c \u1ed5 khu\u1ea9n tr\u00ean tay, kh\u1eed m\u00f9i kh\u00f3 ch\u1ecbu v\u00e0 \u0111\u1ed3ng th\u1eddi gi\u00fap cho \u0111\u00f4i tay b\u1ea1n lu\u00f4n m\u1ec1m m\u1ea1i, duy tr\u00ec \u0111\u1ed9 \u1ea9m.<\/li>\n<\/ul>\n<p style=\"text-align: justify;\"><em><strong>B\u1ea3o qu\u1ea3n:<\/strong><\/em> B\u1ea3o qu\u1ea3n n\u01a1i kh\u00f4 r\u00e1o, tho\u00e1ng m\u00e1t<\/p>\n<p style=\"text-align: justify;\">\u0110\u1ecdc th\u00eam:<span style=\"text-decoration: underline; color: #008000;\"> <a style=\"color: #008000; text-decoration: underline;\" href=\"https:\/\/bynature.vn\/vi\/5-loi-ich-tuyet-voi-cua-my-pham-thien-nhien\/\">5 l\u1ee3i \u00edch tuy\u1ec7t v\u1eddi c\u1ee7a m\u1ef9 ph\u1ea9m thi\u00ean nhi\u00ean<\/a><\/span><\/p>\n","protected":false},"excerpt":{"rendered":"<p>X\u00e0 ph\u00f2ng kh\u00e1ng khu\u1ea9n d\u01b0\u1ee1ng \u1ea9m (Th\u1ea3o d\u01b0\u1ee3c) C\u00f4ng d\u1ee5ng: Ti\u00eau di\u1ec7t vi khu\u1ea9n c\u00f3 tr\u00ean da Cung c\u1ea5p cho da tay \u0111\u1ed9 \u1ea9m ph\u00f9 h\u1ee3p c\u00f9ng v\u1edbi m\u00f9i h\u01b0\u01a1ng d\u1ec5 ch\u1ecbu N\u01b0\u1edbc r\u1eeda tay Coconam l\u00e0 v\u1eadt d\u1ee5ng ti\u1ec7n l\u1ee3i trong m\u00f4i tr\u01b0\u1eddng nhi\u1ec1u ngu\u1ed3n b\u1ec7nh hi\u1ec7n nay. Ho\u00e0n h\u1ea3o v\u00e0 th\u00edch h\u1ee3p cho &hellip; <\/p>\n<p class=\"link-more\"><a href=\"https:\/\/bynature.vn\/vi\/product\/xa-phong-khang-khuan-duong-am-thao-duoc\/\" class=\"more-link\">Continue reading<span class=\"screen-reader-text\"> &#8220;X\u00e0 Ph\u00f2ng Kh\u00e1ng Khu\u1ea9n D\u01b0\u1ee1ng \u1ea8m (Th\u1ea3o D\u01b0\u1ee3c) 250ml&#8221;<\/span><\/a><\/p>\n","protected":false},"featured_media":1256,"template":"","meta":[],"pwb-brand":[297],"product_cat":[185,218,217],"product_tag":[],"class_list":{"0":"post-5571","1":"product","2":"type-product","3":"status-publish","4":"has-post-thumbnail","6":"pwb-brand-coconam-vi","7":"product_cat-suc-khoe-lam-dep","8":"product_cat-xa-phong-dang-nuoc","9":"product_cat-xa-phong-rua-tay","11":"first","12":"instock","13":"purchasable","14":"product-type-simple"},"acf":[],"brands":[{"id":297,"name":"Coconam","slug":"coconam-vi"}],"_links":{"self":[{"href":"https:\/\/bynature.vn\/vi\/wp-json\/wp\/v2\/product\/5571","targetHints":{"allow":["GET"]}}],"collection":[{"href":"https:\/\/bynature.vn\/vi\/wp-json\/wp\/v2\/product"}],"about":[{"href":"https:\/\/bynature.vn\/vi\/wp-json\/wp\/v2\/types\/product"}],"wp:featuredmedia":[{"embeddable":true,"href":"https:\/\/bynature.vn\/vi\/wp-json\/wp\/v2\/media\/1256"}],"wp:attachment":[{"href":"https:\/\/bynature.vn\/vi\/wp-json\/wp\/v2\/media?parent=5571"}],"wp:term":[{"taxonomy":"pwb-brand","embeddable":true,"href":"https:\/\/bynature.vn\/vi\/wp-json\/wp\/v2\/pwb-brand?post=5571"},{"taxonomy":"product_cat","embeddable":true,"href":"https:\/\/bynature.vn\/vi\/wp-json\/wp\/v2\/product_cat?post=5571"},{"taxonomy":"product_tag","embeddable":true,"href":"https:\/\/bynature.vn\/vi\/wp-json\/wp\/v2\/product_tag?post=5571"}],"curies":[{"name":"wp","href":"https:\/\/api.w.org\/{rel}","templated":true}]}}