{"id":5567,"date":"2023-11-14T12:48:56","date_gmt":"2023-11-14T05:48:56","guid":{"rendered":"https:\/\/bynature.vn\/product\/tinh-dau-lan-relax-thu-gian-10ml\/"},"modified":"2024-04-08T15:26:03","modified_gmt":"2024-04-08T08:26:03","slug":"tinh-dau-lan-relax-thu-gian-10ml","status":"publish","type":"product","link":"https:\/\/bynature.vn\/vi\/product\/tinh-dau-lan-relax-thu-gian-10ml\/","title":{"rendered":"Tinh D\u1ea7u L\u0103n Th\u01b0 Gi\u00e3n RELAX 10ml"},"content":{"rendered":"<h6 style=\"text-align: justify;\">Tinh d\u1ea7u l\u0103n th\u01b0 gi\u00e3n RELAX<\/h6>\n<p style=\"text-align: justify;\"><em><strong>C\u00f4ng d\u1ee5ng:<\/strong><\/em>\u00a0 L\u0103n tinh d\u1ea7u tr\u1ecb li\u1ec7u th\u01b0 gi\u00e3n Coconam l\u00e0 s\u1ef1 k\u1ebft h\u1ee3p c\u1ee7a nh\u1eefng lo\u1ea1i tinh d\u1ea7u thi\u00ean nhi\u00ean v\u1edbi m\u00f9i h\u01b0\u01a1ng c\u00f3 t\u00e1c d\u1ee5ng gi\u00fap n\u00e3o b\u1ed9 v\u00e0 h\u1ec7 th\u1ea7n kinh ho\u1ea1t \u0111\u1ed9ng t\u1ed1t h\u01a1n. S\u1ef1 k\u1ebft h\u1ee3p c\u1ee7a tinh d\u1ea7u Qu\u1ebf, tinh d\u1ea7u V\u1ecf Cam, Hoa Nh\u00e0i, G\u1eebng, B\u1ea1c H\u00e0,&#8230; c\u00f3 m\u00f9i th\u01a1m d\u1ecbu nh\u1eb9, thanh tao, khu\u1ebfch t\u00e1n r\u1ed9ng l\u00ean h\u1ec7 th\u1ea7n kinh gi\u00fap gi\u1ea3m stress nhanh, c\u1ea3i thi\u1ec7n v\u1ea5n \u0111\u1ec1 c\u0103ng th\u1eb3ng, ch\u1eefa \u0111au n\u1eefa \u0111\u1ea7u v\u00e0 gi\u00fap t\u00e2m tr\u1ea1ng b\u00ecnh y\u00ean, tho\u1ea3i m\u00e1i.<\/p>\n<p style=\"text-align: justify;\">L\u0103n tinh d\u1ea7u tr\u1ecb li\u1ec7u th\u01b0 gi\u00e3n Coconam d\u00e0nh ri\u00eang cho vi\u1ec7c gi\u00fap c\u1ea3i thi\u1ec7n v\u00e0 c\u00e2n b\u1eb1ng h\u1ec7 th\u1ea7n kinh. Hoa Nh\u00e0i c\u00f3 t\u00e1c d\u1ee5ng c\u00e2n b\u1eb1ng h\u1ec7 th\u1ea7n kinh, gi\u1ea3m lo l\u1eafng v\u00e0 c\u0103ng th\u1eb3ng, gi\u00fap tinh th\u1ea7n b\u1ea1n c\u00e2n b\u1eb1ng v\u00e0 h\u00e0i ho\u00e0 h\u01a1n.<\/p>\n<p style=\"text-align: justify;\"><em><strong>HDSD:<\/strong><\/em> L\u0103n chai l\u0103n tinh d\u1ea7u tr\u1ecb li\u1ec7u Coconam l\u00ean c\u00e1c v\u00f9ng c\u1ed5, sau g\u00e1y, th\u00e1i d\u01b0\u01a1ng ho\u1eb7c v\u00f9ng c\u00f3 m\u1ea1ch \u0111\u1eadp nh\u01b0 c\u1ed5 tay.<\/p>\n<p style=\"text-align: justify;\"><em><strong>L\u01b0u \u00fd:<\/strong><\/em><\/p>\n<ul style=\"text-align: justify;\">\n<li style=\"text-align: justify;\">Ch\u1ec9 s\u1eed d\u1ee5ng ngo\u00e0i da<\/li>\n<li style=\"text-align: justify;\">Tr\u00e1nh ti\u1ebfp x\u00fac v\u1edbi m\u1eaft<\/li>\n<li style=\"text-align: justify;\">Tr\u00e1nh xa t\u1ea7m tay tr\u1ebb em.<\/li>\n<li style=\"text-align: justify;\">C\u00f3 th\u1ec3 g\u00e2y k\u00edch \u1ee9ng da.<\/li>\n<li style=\"text-align: justify;\">Kh\u00f4ng s\u1eed d\u1ee5ng l\u00ean v\u1ebft th\u01b0\u01a1ng h\u1edf.<\/li>\n<li style=\"text-align: justify;\">N\u1ebfu mang thai ho\u1eb7c \u0111ang cho con b\u00fa, b\u1ecb b\u1ec7nh ho\u1eb7c d\u00f9ng thu\u1ed1c, h\u00e3y tham kh\u1ea3o \u00fd ki\u1ebfn \u200b\u200bb\u00e1c s\u0129 tr\u01b0\u1edbc khi s\u1eed d\u1ee5ng.<\/li>\n<li style=\"text-align: justify;\">Kh\u00f4ng d\u00e0nh cho m\u1eb7t.<\/li>\n<\/ul>\n<p style=\"text-align: justify;\"><em><strong>B\u1ea3o qu\u1ea3n:<\/strong><\/em> n\u01a1i kh\u00f4 r\u00e1o, tho\u00e1ng m\u00e1t<\/p>\n<p style=\"text-align: justify;\"><em><strong>HSD:<\/strong><\/em> T\u1ed1t nh\u1ea5t n\u1ebfu \u0111\u01b0\u1ee3c s\u1eed d\u1ee5ng trong v\u00f2ng 12 th\u00e1ng k\u1ec3 t\u1eeb khi m\u1edf n\u1eafp.<\/p>\n<p style=\"text-align: justify;\">\u0110\u1ecdc th\u00eam:<span style=\"text-decoration: underline; color: #008000;\"> <a style=\"color: #008000; text-decoration: underline;\" href=\"https:\/\/bynature.vn\/vi\/5-loi-ich-tuyet-voi-cua-my-pham-thien-nhien\/\">5 l\u1ee3i \u00edch tuy\u1ec7t v\u1eddi c\u1ee7a m\u1ef9 ph\u1ea9m thi\u00ean nhi\u00ean<\/a><\/span><\/p>\n","protected":false},"excerpt":{"rendered":"<p>Tinh d\u1ea7u l\u0103n th\u01b0 gi\u00e3n RELAX C\u00f4ng d\u1ee5ng:\u00a0 L\u0103n tinh d\u1ea7u tr\u1ecb li\u1ec7u th\u01b0 gi\u00e3n Coconam l\u00e0 s\u1ef1 k\u1ebft h\u1ee3p c\u1ee7a nh\u1eefng lo\u1ea1i tinh d\u1ea7u thi\u00ean nhi\u00ean v\u1edbi m\u00f9i h\u01b0\u01a1ng c\u00f3 t\u00e1c d\u1ee5ng gi\u00fap n\u00e3o b\u1ed9 v\u00e0 h\u1ec7 th\u1ea7n kinh ho\u1ea1t \u0111\u1ed9ng t\u1ed1t h\u01a1n. S\u1ef1 k\u1ebft h\u1ee3p c\u1ee7a tinh d\u1ea7u Qu\u1ebf, tinh d\u1ea7u V\u1ecf Cam, &hellip; <\/p>\n<p class=\"link-more\"><a href=\"https:\/\/bynature.vn\/vi\/product\/tinh-dau-lan-relax-thu-gian-10ml\/\" class=\"more-link\">Continue reading<span class=\"screen-reader-text\"> &#8220;Tinh D\u1ea7u L\u0103n Th\u01b0 Gi\u00e3n RELAX 10ml&#8221;<\/span><\/a><\/p>\n","protected":false},"featured_media":1244,"template":"","meta":[],"pwb-brand":[297],"product_cat":[203,185,194],"product_tag":[],"class_list":{"0":"post-5567","1":"product","2":"type-product","3":"status-publish","4":"has-post-thumbnail","6":"pwb-brand-coconam-vi","7":"product_cat-tinh-dau","8":"product_cat-suc-khoe-lam-dep","9":"product_cat-tinh-dau-xit-thom","11":"first","12":"instock","13":"purchasable","14":"product-type-simple"},"acf":[],"brands":[{"id":297,"name":"Coconam","slug":"coconam-vi"}],"_links":{"self":[{"href":"https:\/\/bynature.vn\/vi\/wp-json\/wp\/v2\/product\/5567","targetHints":{"allow":["GET"]}}],"collection":[{"href":"https:\/\/bynature.vn\/vi\/wp-json\/wp\/v2\/product"}],"about":[{"href":"https:\/\/bynature.vn\/vi\/wp-json\/wp\/v2\/types\/product"}],"wp:featuredmedia":[{"embeddable":true,"href":"https:\/\/bynature.vn\/vi\/wp-json\/wp\/v2\/media\/1244"}],"wp:attachment":[{"href":"https:\/\/bynature.vn\/vi\/wp-json\/wp\/v2\/media?parent=5567"}],"wp:term":[{"taxonomy":"pwb-brand","embeddable":true,"href":"https:\/\/bynature.vn\/vi\/wp-json\/wp\/v2\/pwb-brand?post=5567"},{"taxonomy":"product_cat","embeddable":true,"href":"https:\/\/bynature.vn\/vi\/wp-json\/wp\/v2\/product_cat?post=5567"},{"taxonomy":"product_tag","embeddable":true,"href":"https:\/\/bynature.vn\/vi\/wp-json\/wp\/v2\/product_tag?post=5567"}],"curies":[{"name":"wp","href":"https:\/\/api.w.org\/{rel}","templated":true}]}}