{"id":5566,"date":"2023-11-14T12:48:56","date_gmt":"2023-11-14T05:48:56","guid":{"rendered":"https:\/\/bynature.vn\/product\/tinh-dau-lan-pain-relief-giam-dau-10ml\/"},"modified":"2024-04-08T15:24:31","modified_gmt":"2024-04-08T08:24:31","slug":"tinh-dau-lan-giam-dau-pain-relief-10ml","status":"publish","type":"product","link":"https:\/\/bynature.vn\/vi\/product\/tinh-dau-lan-giam-dau-pain-relief-10ml\/","title":{"rendered":"Tinh D\u1ea7u L\u0103n Gi\u1ea3m \u0110au PAIN RELIEF 10ml"},"content":{"rendered":"<h6 style=\"text-align: justify;\">Tinh d\u1ea7u l\u0103n gi\u1ea3m \u0111au PAIN RELIEF<\/h6>\n<p style=\"text-align: justify;\"><em><strong>C\u00f4ng d\u1ee5ng:<\/strong><\/em> Gi\u1ea3m \u0111au\u00a0 b\u1eb1ng tinh d\u1ea7u thi\u00ean nhi\u00ean. L\u0103n tinh d\u1ea7u tr\u1ecb li\u1ec7u gi\u1ea3m \u0111au Coconam l\u00e0 s\u1ef1 k\u1ebft h\u1ee3p c\u1ee7a nh\u1eefng tinh d\u1ea7u thi\u00ean nhi\u00ean \u0111\u01b0\u1ee3c c\u00e1c nh\u00e0 nghi\u00ean c\u1ee9u ch\u1ee9ng minh c\u00f3 kh\u1ea3 n\u0103ng k\u00edch th\u00edch d\u00e2y th\u1ea7n kinh, l\u00e0m \u1ea5m v\u00e0 gi\u1ea3m \u0111au t\u1ee9c th\u00ec nh\u01b0 tinh d\u1ea7u thi\u00ean nhi\u00ean Lavender, B\u1ea1c H\u00e0, H\u1ea1t Ti\u00eau, X\u1ea1 H\u01b0\u01a1ng Tr\u1eafng,&#8230;<\/p>\n<p style=\"text-align: justify;\">Tinh d\u1ea7u B\u1ea1c H\u00e0 ch\u1ee9a menthol v\u1edbi \u0111\u1eb7c t\u00ednh ch\u1ed1ng vi\u00eam gi\u00fap l\u00e0m d\u1ecbu c\u01a1n \u0111au v\u00e0 gi\u1ea3m co th\u1eaft. Tinh d\u1ea7u X\u1ea1 H\u01b0\u01a1ng Tr\u1eafng v\u00e0 tinh d\u1ea7u O\u1ea3i H\u01b0\u01a1ng g\u00f3p ph\u1ea7n l\u00e0m gi\u1ea3m xung huy\u1ebft da, gi\u00fap l\u01b0u th\u00f4ng m\u00e1u v\u00e0 gi\u1eef \u1ea5m c\u01a1 th\u1ec3. Ngo\u00e0i ra m\u00f9i h\u01b0\u01a1ng c\u1ee7a l\u0103n tr\u1ecb li\u1ec7u gi\u1ea3m \u0111au Coconam c\u0169ng gi\u00fap b\u1ea1n c\u00f3 tinh th\u1ea7n tho\u1ea3i m\u00e1i v\u00e0 tr\u00e1nh say t\u00e0u xe hi\u1ec7u qu\u1ea3. B\u1ea1n c\u0169ng c\u00f3 th\u1ec3 nh\u1ecf v\u00e0i gi\u1ecdt tinh d\u1ea7u v\u00e0o b\u1ed3n n\u01b0\u1edbc \u1ea5m v\u00e0 ng\u00e2m m\u00ecnh kho\u1ea3ng n\u0103m ph\u00fat \u0111\u1ec3 tr\u1ecb li\u1ec7u v\u00e0 gi\u1ea3m \u0111au.<\/p>\n<p style=\"text-align: justify;\"><em><strong>HDSD: <\/strong><\/em>L\u0103n chai l\u0103n tinh d\u1ea7u tr\u1ecb li\u1ec7u Coconam l\u00ean c\u00e1c v\u00f9ng c\u1ed5, sau g\u00e1y, th\u00e1i d\u01b0\u01a1ng ho\u1eb7c nh\u1eefng v\u00f9ng b\u1ecb \u0111au v\u00e0 v\u00f9ng c\u00f3 m\u1ea1ch \u0111\u1eadp nh\u01b0 c\u1ed5 tay.<\/p>\n<p style=\"text-align: justify;\"><em><strong>L\u01b0u \u00fd:<\/strong><\/em><\/p>\n<ul style=\"text-align: justify;\">\n<li style=\"text-align: justify;\">Ch\u1ec9 s\u1eed d\u1ee5ng ngo\u00e0i da<\/li>\n<li style=\"text-align: justify;\">Tr\u00e1nh ti\u1ebfp x\u00fac v\u1edbi m\u1eaft<\/li>\n<li style=\"text-align: justify;\">Tr\u00e1nh xa t\u1ea7m tay tr\u1ebb em.<\/li>\n<li style=\"text-align: justify;\">C\u00f3 th\u1ec3 g\u00e2y k\u00edch \u1ee9ng da.<\/li>\n<li style=\"text-align: justify;\">Kh\u00f4ng s\u1eed d\u1ee5ng l\u00ean v\u1ebft th\u01b0\u01a1ng h\u1edf.<\/li>\n<li style=\"text-align: justify;\">N\u1ebfu mang thai ho\u1eb7c \u0111ang cho con b\u00fa, b\u1ecb b\u1ec7nh ho\u1eb7c d\u00f9ng thu\u1ed1c, h\u00e3y tham kh\u1ea3o \u00fd ki\u1ebfn \u200b\u200bb\u00e1c s\u0129 tr\u01b0\u1edbc khi s\u1eed d\u1ee5ng.<\/li>\n<li style=\"text-align: justify;\">Kh\u00f4ng d\u00e0nh cho m\u1eb7t.<\/li>\n<\/ul>\n<p style=\"text-align: justify;\"><em><strong>B\u1ea3o qu\u1ea3n:<\/strong><\/em> n\u01a1i kh\u00f4 r\u00e1o, tho\u00e1ng m\u00e1t<\/p>\n<p style=\"text-align: justify;\"><em><strong>HSD:<\/strong><\/em> T\u1ed1t nh\u1ea5t n\u1ebfu \u0111\u01b0\u1ee3c s\u1eed d\u1ee5ng trong v\u00f2ng 12 th\u00e1ng k\u1ec3 t\u1eeb khi m\u1edf n\u1eafp.<\/p>\n<p style=\"text-align: justify;\">\u0110\u1ecdc th\u00eam:<span style=\"text-decoration: underline; color: #008000;\"> <a style=\"color: #008000; text-decoration: underline;\" href=\"https:\/\/bynature.vn\/vi\/5-loi-ich-tuyet-voi-cua-my-pham-thien-nhien\/\">5 l\u1ee3i \u00edch tuy\u1ec7t v\u1eddi c\u1ee7a m\u1ef9 ph\u1ea9m thi\u00ean nhi\u00ean<\/a><\/span><\/p>\n","protected":false},"excerpt":{"rendered":"<p>Tinh d\u1ea7u l\u0103n gi\u1ea3m \u0111au PAIN RELIEF C\u00f4ng d\u1ee5ng: Gi\u1ea3m \u0111au\u00a0 b\u1eb1ng tinh d\u1ea7u thi\u00ean nhi\u00ean. L\u0103n tinh d\u1ea7u tr\u1ecb li\u1ec7u gi\u1ea3m \u0111au Coconam l\u00e0 s\u1ef1 k\u1ebft h\u1ee3p c\u1ee7a nh\u1eefng tinh d\u1ea7u thi\u00ean nhi\u00ean \u0111\u01b0\u1ee3c c\u00e1c nh\u00e0 nghi\u00ean c\u1ee9u ch\u1ee9ng minh c\u00f3 kh\u1ea3 n\u0103ng k\u00edch th\u00edch d\u00e2y th\u1ea7n kinh, l\u00e0m \u1ea5m v\u00e0 gi\u1ea3m \u0111au t\u1ee9c &hellip; <\/p>\n<p class=\"link-more\"><a href=\"https:\/\/bynature.vn\/vi\/product\/tinh-dau-lan-giam-dau-pain-relief-10ml\/\" class=\"more-link\">Continue reading<span class=\"screen-reader-text\"> &#8220;Tinh D\u1ea7u L\u0103n Gi\u1ea3m \u0110au PAIN RELIEF 10ml&#8221;<\/span><\/a><\/p>\n","protected":false},"featured_media":1241,"template":"","meta":[],"pwb-brand":[297],"product_cat":[203,185,194],"product_tag":[],"class_list":{"0":"post-5566","1":"product","2":"type-product","3":"status-publish","4":"has-post-thumbnail","6":"pwb-brand-coconam-vi","7":"product_cat-tinh-dau","8":"product_cat-suc-khoe-lam-dep","9":"product_cat-tinh-dau-xit-thom","11":"first","12":"instock","13":"purchasable","14":"product-type-simple"},"acf":[],"brands":[{"id":297,"name":"Coconam","slug":"coconam-vi"}],"_links":{"self":[{"href":"https:\/\/bynature.vn\/vi\/wp-json\/wp\/v2\/product\/5566","targetHints":{"allow":["GET"]}}],"collection":[{"href":"https:\/\/bynature.vn\/vi\/wp-json\/wp\/v2\/product"}],"about":[{"href":"https:\/\/bynature.vn\/vi\/wp-json\/wp\/v2\/types\/product"}],"wp:featuredmedia":[{"embeddable":true,"href":"https:\/\/bynature.vn\/vi\/wp-json\/wp\/v2\/media\/1241"}],"wp:attachment":[{"href":"https:\/\/bynature.vn\/vi\/wp-json\/wp\/v2\/media?parent=5566"}],"wp:term":[{"taxonomy":"pwb-brand","embeddable":true,"href":"https:\/\/bynature.vn\/vi\/wp-json\/wp\/v2\/pwb-brand?post=5566"},{"taxonomy":"product_cat","embeddable":true,"href":"https:\/\/bynature.vn\/vi\/wp-json\/wp\/v2\/product_cat?post=5566"},{"taxonomy":"product_tag","embeddable":true,"href":"https:\/\/bynature.vn\/vi\/wp-json\/wp\/v2\/product_tag?post=5566"}],"curies":[{"name":"wp","href":"https:\/\/api.w.org\/{rel}","templated":true}]}}